{"id":10394,"date":"2024-06-14T11:01:25","date_gmt":"2024-06-14T11:01:25","guid":{"rendered":"https:\/\/tiendacoquett.es\/?page_id=10394"},"modified":"2024-06-14T11:07:24","modified_gmt":"2024-06-14T11:07:24","slug":"politica-de-reembolso","status":"publish","type":"page","link":"https:\/\/tiendacoquett.es\/en\/politica-de-reembolso\/","title":{"rendered":"Pol\u00edtica de reembolso"},"content":{"rendered":"<div data-elementor-type=\"wp-page\" data-elementor-id=\"10394\" class=\"elementor elementor-10394\" data-elementor-post-type=\"page\">\n\t\t\t\t\t\t<section class=\"wd-negative-gap elementor-section elementor-top-section elementor-element elementor-element-6748c7b elementor-section-stretched elementor-section-full_width elementor-section-height-default elementor-section-height-default\" data-id=\"6748c7b\" data-element_type=\"section\" data-settings=\"{&quot;stretch_section&quot;:&quot;section-stretched&quot;,&quot;background_background&quot;:&quot;classic&quot;}\">\n\t\t\t\t\t\t<div class=\"elementor-container elementor-column-gap-default\">\n\t\t\t\t\t<div class=\"elementor-column elementor-col-100 elementor-top-column elementor-element elementor-element-e3efe61\" data-id=\"e3efe61\" data-element_type=\"column\">\n\t\t\t<div class=\"elementor-widget-wrap elementor-element-populated\">\n\t\t\t\t\t\t<div class=\"elementor-element elementor-element-2c416f5 elementor-widget-divider--view-line elementor-widget elementor-widget-divider\" data-id=\"2c416f5\" data-element_type=\"widget\" data-widget_type=\"divider.default\">\n\t\t\t\t<div class=\"elementor-widget-container\">\n\t\t\t\t\t\t\t<div class=\"elementor-divider\">\n\t\t\t<span class=\"elementor-divider-separator\">\n\t\t\t\t\t\t<\/span>\n\t\t<\/div>\n\t\t\t\t\t\t<\/div>\n\t\t\t\t<\/div>\n\t\t\t\t\t<\/div>\n\t\t<\/div>\n\t\t\t\t\t<\/div>\n\t\t<\/section>\n\t\t\t\t<section class=\"wd-negative-gap elementor-section elementor-top-section elementor-element elementor-element-0f65bee elementor-section-full_width elementor-section-height-default elementor-section-height-default\" data-id=\"0f65bee\" data-element_type=\"section\" data-settings=\"{&quot;background_background&quot;:&quot;classic&quot;}\">\n\t\t\t\t\t\t<div class=\"elementor-container elementor-column-gap-default\">\n\t\t\t\t\t<div class=\"elementor-column elementor-col-100 elementor-top-column elementor-element elementor-element-58479bd\" data-id=\"58479bd\" data-element_type=\"column\">\n\t\t\t<div class=\"elementor-widget-wrap elementor-element-populated\">\n\t\t\t\t\t\t<div class=\"elementor-element elementor-element-76a8284 elementor-widget elementor-widget-heading\" data-id=\"76a8284\" data-element_type=\"widget\" data-widget_type=\"heading.default\">\n\t\t\t\t<div class=\"elementor-widget-container\">\n\t\t\t\t\t<h1 class=\"elementor-heading-title elementor-size-default\">Pol\u00edtica de reembolso<\/h1>\t\t\t\t<\/div>\n\t\t\t\t<\/div>\n\t\t\t\t\t<\/div>\n\t\t<\/div>\n\t\t\t\t\t<\/div>\n\t\t<\/section>\n\t\t\t\t<section class=\"wd-negative-gap elementor-section elementor-top-section elementor-element elementor-element-568f96d2 elementor-section-boxed elementor-section-height-default elementor-section-height-default\" data-id=\"568f96d2\" data-element_type=\"section\">\n\t\t\t\t\t\t<div class=\"elementor-container elementor-column-gap-default\">\n\t\t\t\t\t<div class=\"elementor-column elementor-col-100 elementor-top-column elementor-element elementor-element-1ffa6c31\" data-id=\"1ffa6c31\" data-element_type=\"column\">\n\t\t\t<div class=\"elementor-widget-wrap elementor-element-populated\">\n\t\t\t\t\t\t<div class=\"elementor-element elementor-element-1c73df25 color-scheme-inherit text-left elementor-widget elementor-widget-text-editor\" data-id=\"1c73df25\" data-element_type=\"widget\" data-widget_type=\"text-editor.default\">\n\t\t\t\t<div class=\"elementor-widget-container\">\n\t\t\t\t\t\t\t\t\t<p><strong>Condiciones de Contrataci\u00f3n<\/strong><\/p><p>Laura Grela Fari\u00f1a es la titular del website www.tiendacoquett.es (en adelante \u201cTienda Coquett\u201d), con domicilio fiscal en Calle Fraternidad N 1 bajo, 15007, A Coru\u00f1a\u00a0y con NIF 54125497B.<\/p><p><strong>Precios y Productos<\/strong><\/p><p>Los precios de\u00a0los productos expuestos INCLUYEN IVA\u00a0y son los vigentes salvo error tipogr\u00e1fico. Pueden existir ligeras variaciones en el aspecto final del producto respecto de las fotograf\u00edas mostradas. En aquellos productos disponibles en m\u00e1s de un formato de diferente capacidad se usa una \u00fanica fotograf\u00eda para todos los formatos. Los precios de los productos podr\u00e1n cambiar sin previo aviso.<\/p><p><strong>Desistimiento, devoluciones y cambios del producto<\/strong><\/p><p>Nuestro departamento de atenci\u00f3n al cliente dispone de un servicio postventa, para solucionar cualquier problema con nuestros art\u00edculos o env\u00edos, a trav\u00e9s del cual intentamos ofrecer una atenci\u00f3n r\u00e1pida y eficaz a nuestros clientes.<\/p><p>Vd. podr\u00e1 ejercer el derecho a desistir de su compra de cualquier art\u00edculo o producto adquirido en nuestra tienda online. A tal efecto, Vd. cuenta con un plazo de 14 d\u00edas naturales, contados a partir del momento en que haya recibido nuestros productos (la fecha del resguardo acreditativo de la entrega servir\u00e1 a efectos de c\u00f3mputo del plazo).<\/p><p>Para ejercer el derecho de desistimiento, deber\u00e1 notificarnos su decisi\u00f3n de desistir a la compra realizada, enviando una comunicaci\u00f3n a la siguiente direcci\u00f3n de correo electr\u00f3nico: <a href=\"mailto:info@coquett.es\">info@coquett.es<\/a>.<\/p><p>En caso de error en el env\u00edo por parte de Coquett los gastos de env\u00edo los<br \/>sufragaremos nosotros. En el caso contrario, los gastos de env\u00edo correr\u00e1n a cuenta de Vd.<\/p><p>Si quiere realizar una devoluci\u00f3n, desistir de su compra, o realizar un cambio, compruebe primero que cumple todos los requisitos siguientes, antes de enviarnos el producto: (i) Es obligatorio ponerse en contacto, al realizar cualquier cambio o devoluci\u00f3n, con el servicio de atenci\u00f3n al cliente; y (ii) El producto debe estar en perfectas condiciones, precintado en caso de ser un producto cosm\u00e9tico y en su embalaje original e incluyendo instrucciones de uso, as\u00ed como coincidir el n\u00famero de lote con el vendido en su pedido. Es muy importante que nos env\u00ede el producto de cambio o devoluci\u00f3n perfectamente embalado. En caso de no conocer el producto, pedir una muestra en notas para poderlo probar antes.<\/p><p><strong>Consecuencias del desistimiento<\/strong><\/p><p>En caso de desistimiento por su parte, le devolveremos todos los pagos recibidos de usted (no contando los gastos de env\u00edo), sin ninguna demora indebida y, en todo caso, a m\u00e1s tardar 14 d\u00edas naturales a partir de la fecha en la que nos informe de su decisi\u00f3n de desistir a la compra realizada.<\/p><p>Laura Grela Fari\u00f1a\u00a0reembolsar\u00e1 al cliente el importe satisfecho inicialmente por \u00e9ste, utilizando el mismo medio de pago empleado por Vd. para la transacci\u00f3n inicial, a no ser que haya Vd. dispuesto expresamente lo contrario; en todo caso, Vd. no incurrir\u00e1 en ning\u00fan gasto adicional como consecuencia del reembolso.<\/p><p>No obstante, en caso de que los productos resulten da\u00f1ados debido a un embalaje inapropiado, no admitiremos el cambio y\/o devoluci\u00f3n.<\/p><p><strong>Garant\u00edas del env\u00edo<\/strong><\/p><p>Le garantizamos que el pedido llegar\u00e1 en perfectas condiciones a su destino. Si no ocurre as\u00ed y el pedido muestra evidencias de da\u00f1os durante el env\u00edo o si recibi\u00f3 el embalaje da\u00f1ado, le cambiaremos los productos da\u00f1ados sin coste alguno para usted. Para ello es indispensable que se indique en el apartado de observaciones del documento de entrega del transportista, cualquier incidencia respecto a la mercanc\u00eda recibida o su embalaje. Tambi\u00e9n es imprescindible que comunique a Coquett\u00a0la incidencia en el plazo m\u00e1ximo de 48 horas enviando un correo a info@coquett.es.<\/p><p><strong>Canarias, Ceuta y Melilla<\/strong><\/p><p>Desde nuestra tienda online, no est\u00e1 disponible el servicio de pedidos para entregas con destino Canarias, Ceuta o Melilla. Para cualquier consulta, puede dirigirse al tel\u00e9fono 633 964 649 o v\u00eda email info@coquett.es.<\/p><p><strong>Tiempo de entrega y gastos de env\u00edo<\/strong><\/p><p>El tiempo estimado de entrega es de 24\/48 horas en Espa\u00f1a (pen\u00ednsula). Para productos no disponibles en stock, el plazo estimado de entrega es de 8 d\u00edas laborables.<\/p><p>Los gastos de env\u00edo tienen un coste fijo de 4,90\u20ac, ser\u00e1n gratuitos para Pen\u00ednsula (Espa\u00f1a) en pedido m\u00ednimo de 100\u20ac.<\/p><p><strong>Informaci\u00f3n sobre Productos cosm\u00e9ticos<\/strong><\/p><p>En lo que respecta a los productos cosm\u00e9ticos comercializados a partir del portal web www.tiendacoquett.es, Laura Grela Fari\u00f1a\u00a0declara que, conforme a lo establecido en el Reglamento N\u00ba 1223\/2009 del Parlamento Europeo y del Consejo, de 30 de noviembre de 2009, antes de comercializar un producto cosm\u00e9tico, se ha procedido a verificar que el mismo cumple los requisitos establecidos en la normativa aplicable. Asimismo, se han tomado las medidas para asegurar que las condiciones de almacenamiento o transporte no comprometan el cumplimiento de los requisitos aplicables.<\/p><p>Laura Grela Fari\u00f1a\u00a0ha sido diligente en verificar que los productos cosm\u00e9ticos comercializados en el portal web www.tiendacoquett.es se encuentren debidamente etiquetados, certificados y han pasado todos los controles sanitarios pertinentes, para ser puestos a disposici\u00f3n del p\u00fablico en general, no obstante, cualquier da\u00f1o y\/o perjuicio derivado del uso de los mismos, deber\u00e1 ser reclamado directamente al fabricante, declinando Laura Grela Fari\u00f1a\u00a0cualquier responsabilidad al respecto.<\/p><p><strong>Formas de Pago<\/strong><\/p><p>Podr\u00e1 pagar c\u00f3modamente con su tarjeta de cr\u00e9dito a trav\u00e9s del TPV virtual.<\/p><p>\u00a0<\/p><div class=\"entry-content\">\u00a0<\/div>\t\t\t\t\t\t\t\t<\/div>\n\t\t\t\t<\/div>\n\t\t\t\t\t<\/div>\n\t\t<\/div>\n\t\t\t\t\t<\/div>\n\t\t<\/section>\n\t\t\t\t<\/div>","protected":false},"excerpt":{"rendered":"<p>Pol\u00edtica de reembolso Condiciones de Contrataci\u00f3n Laura Grela Fari\u00f1a es la titular del website www.tiendacoquett.es (en adelante \u201cTienda Coquett\u201d), con<\/p>","protected":false},"author":4,"featured_media":0,"parent":0,"menu_order":0,"comment_status":"closed","ping_status":"closed","template":"elementor_header_footer","meta":{"footnotes":""},"class_list":["post-10394","page","type-page","status-publish","hentry"],"yoast_head":"<!-- This site is optimized with the Yoast SEO plugin v25.4 - https:\/\/yoast.com\/wordpress\/plugins\/seo\/ -->\n<title>Pol\u00edtica de reembolso - Coquett - Tienda Online<\/title>\n<meta name=\"robots\" content=\"index, follow, max-snippet:-1, max-image-preview:large, max-video-preview:-1\" \/>\n<link rel=\"canonical\" href=\"https:\/\/tiendacoquett.es\/en\/politica-de-reembolso\/\" \/>\n<meta property=\"og:locale\" content=\"en_GB\" \/>\n<meta property=\"og:type\" content=\"article\" \/>\n<meta property=\"og:title\" content=\"Pol\u00edtica de reembolso - Coquett - Tienda Online\" \/>\n<meta property=\"og:description\" content=\"Pol\u00edtica de reembolso Condiciones de Contrataci\u00f3n Laura Grela Fari\u00f1a es la titular del website www.tiendacoquett.es (en adelante \u201cTienda Coquett\u201d), con\" \/>\n<meta property=\"og:url\" content=\"https:\/\/tiendacoquett.es\/en\/politica-de-reembolso\/\" \/>\n<meta property=\"og:site_name\" content=\"Coquett - Tienda Online\" \/>\n<meta property=\"article:modified_time\" content=\"2024-06-14T11:07:24+00:00\" \/>\n<meta name=\"twitter:card\" content=\"summary_large_image\" \/>\n<meta name=\"twitter:label1\" content=\"Estimated reading time\" \/>\n\t<meta name=\"twitter:data1\" content=\"4 minutes\" \/>\n<script type=\"application\/ld+json\" class=\"yoast-schema-graph\">{\"@context\":\"https:\/\/schema.org\",\"@graph\":[{\"@type\":\"WebPage\",\"@id\":\"https:\/\/tiendacoquett.es\/politica-de-reembolso\/\",\"url\":\"https:\/\/tiendacoquett.es\/politica-de-reembolso\/\",\"name\":\"Pol\u00edtica de reembolso - Coquett - Tienda Online\",\"isPartOf\":{\"@id\":\"https:\/\/tiendacoquett.es\/#website\"},\"datePublished\":\"2024-06-14T11:01:25+00:00\",\"dateModified\":\"2024-06-14T11:07:24+00:00\",\"breadcrumb\":{\"@id\":\"https:\/\/tiendacoquett.es\/politica-de-reembolso\/#breadcrumb\"},\"inLanguage\":\"en-GB\",\"potentialAction\":[{\"@type\":\"ReadAction\",\"target\":[\"https:\/\/tiendacoquett.es\/politica-de-reembolso\/\"]}]},{\"@type\":\"BreadcrumbList\",\"@id\":\"https:\/\/tiendacoquett.es\/politica-de-reembolso\/#breadcrumb\",\"itemListElement\":[{\"@type\":\"ListItem\",\"position\":1,\"name\":\"Portada\",\"item\":\"https:\/\/tiendacoquett.es\/\"},{\"@type\":\"ListItem\",\"position\":2,\"name\":\"Pol\u00edtica de reembolso\"}]},{\"@type\":\"WebSite\",\"@id\":\"https:\/\/tiendacoquett.es\/#website\",\"url\":\"https:\/\/tiendacoquett.es\/\",\"name\":\"Coquett - Tienda Online\",\"description\":\"Tratamientos &amp; Productos\",\"potentialAction\":[{\"@type\":\"SearchAction\",\"target\":{\"@type\":\"EntryPoint\",\"urlTemplate\":\"https:\/\/tiendacoquett.es\/?s={search_term_string}\"},\"query-input\":{\"@type\":\"PropertyValueSpecification\",\"valueRequired\":true,\"valueName\":\"search_term_string\"}}],\"inLanguage\":\"en-GB\"}]}<\/script>\n<!-- \/ Yoast SEO plugin. -->","yoast_head_json":{"title":"Pol\u00edtica de reembolso - Coquett - Tienda Online","robots":{"index":"index","follow":"follow","max-snippet":"max-snippet:-1","max-image-preview":"max-image-preview:large","max-video-preview":"max-video-preview:-1"},"canonical":"https:\/\/tiendacoquett.es\/en\/politica-de-reembolso\/","og_locale":"en_GB","og_type":"article","og_title":"Pol\u00edtica de reembolso - Coquett - Tienda Online","og_description":"Pol\u00edtica de reembolso Condiciones de Contrataci\u00f3n Laura Grela Fari\u00f1a es la titular del website www.tiendacoquett.es (en adelante \u201cTienda Coquett\u201d), con","og_url":"https:\/\/tiendacoquett.es\/en\/politica-de-reembolso\/","og_site_name":"Coquett - Tienda Online","article_modified_time":"2024-06-14T11:07:24+00:00","twitter_card":"summary_large_image","twitter_misc":{"Estimated reading time":"4 minutes"},"schema":{"@context":"https:\/\/schema.org","@graph":[{"@type":"WebPage","@id":"https:\/\/tiendacoquett.es\/politica-de-reembolso\/","url":"https:\/\/tiendacoquett.es\/politica-de-reembolso\/","name":"Pol\u00edtica de reembolso - Coquett - Tienda Online","isPartOf":{"@id":"https:\/\/tiendacoquett.es\/#website"},"datePublished":"2024-06-14T11:01:25+00:00","dateModified":"2024-06-14T11:07:24+00:00","breadcrumb":{"@id":"https:\/\/tiendacoquett.es\/politica-de-reembolso\/#breadcrumb"},"inLanguage":"en-GB","potentialAction":[{"@type":"ReadAction","target":["https:\/\/tiendacoquett.es\/politica-de-reembolso\/"]}]},{"@type":"BreadcrumbList","@id":"https:\/\/tiendacoquett.es\/politica-de-reembolso\/#breadcrumb","itemListElement":[{"@type":"ListItem","position":1,"name":"Portada","item":"https:\/\/tiendacoquett.es\/"},{"@type":"ListItem","position":2,"name":"Pol\u00edtica de reembolso"}]},{"@type":"WebSite","@id":"https:\/\/tiendacoquett.es\/#website","url":"https:\/\/tiendacoquett.es\/","name":"Coquett - Tienda Online","description":"Tratamientos &amp; Productos","potentialAction":[{"@type":"SearchAction","target":{"@type":"EntryPoint","urlTemplate":"https:\/\/tiendacoquett.es\/?s={search_term_string}"},"query-input":{"@type":"PropertyValueSpecification","valueRequired":true,"valueName":"search_term_string"}}],"inLanguage":"en-GB"}]}},"_links":{"self":[{"href":"https:\/\/tiendacoquett.es\/en\/wp-json\/wp\/v2\/pages\/10394","targetHints":{"allow":["GET"]}}],"collection":[{"href":"https:\/\/tiendacoquett.es\/en\/wp-json\/wp\/v2\/pages"}],"about":[{"href":"https:\/\/tiendacoquett.es\/en\/wp-json\/wp\/v2\/types\/page"}],"author":[{"embeddable":true,"href":"https:\/\/tiendacoquett.es\/en\/wp-json\/wp\/v2\/users\/4"}],"replies":[{"embeddable":true,"href":"https:\/\/tiendacoquett.es\/en\/wp-json\/wp\/v2\/comments?post=10394"}],"version-history":[{"count":4,"href":"https:\/\/tiendacoquett.es\/en\/wp-json\/wp\/v2\/pages\/10394\/revisions"}],"predecessor-version":[{"id":10399,"href":"https:\/\/tiendacoquett.es\/en\/wp-json\/wp\/v2\/pages\/10394\/revisions\/10399"}],"wp:attachment":[{"href":"https:\/\/tiendacoquett.es\/en\/wp-json\/wp\/v2\/media?parent=10394"}],"curies":[{"name":"wp","href":"https:\/\/api.w.org\/{rel}","templated":true}]}}