{"id":8944,"date":"2023-06-01T12:52:40","date_gmt":"2023-06-01T12:52:40","guid":{"rendered":"https:\/\/tiendacoquett.es\/?page_id=8944"},"modified":"2024-04-24T10:18:30","modified_gmt":"2024-04-24T10:18:30","slug":"aviso-legal","status":"publish","type":"page","link":"https:\/\/tiendacoquett.es\/en\/aviso-legal\/","title":{"rendered":"Aviso legal"},"content":{"rendered":"<div data-elementor-type=\"wp-page\" data-elementor-id=\"8944\" class=\"elementor elementor-8944\" data-elementor-post-type=\"page\">\n\t\t\t\t\t\t<section class=\"wd-negative-gap elementor-section elementor-top-section elementor-element elementor-element-2e99971 elementor-section-stretched elementor-section-full_width elementor-section-height-default elementor-section-height-default\" data-id=\"2e99971\" data-element_type=\"section\" data-settings=\"{&quot;stretch_section&quot;:&quot;section-stretched&quot;,&quot;background_background&quot;:&quot;classic&quot;}\">\n\t\t\t\t\t\t<div class=\"elementor-container elementor-column-gap-default\">\n\t\t\t\t\t<div class=\"elementor-column elementor-col-100 elementor-top-column elementor-element elementor-element-7698749\" data-id=\"7698749\" data-element_type=\"column\">\n\t\t\t<div class=\"elementor-widget-wrap elementor-element-populated\">\n\t\t\t\t\t\t<div class=\"elementor-element elementor-element-9aa6498 elementor-widget-divider--view-line elementor-widget elementor-widget-divider\" data-id=\"9aa6498\" data-element_type=\"widget\" data-widget_type=\"divider.default\">\n\t\t\t\t<div class=\"elementor-widget-container\">\n\t\t\t\t\t\t\t<div class=\"elementor-divider\">\n\t\t\t<span class=\"elementor-divider-separator\">\n\t\t\t\t\t\t<\/span>\n\t\t<\/div>\n\t\t\t\t\t\t<\/div>\n\t\t\t\t<\/div>\n\t\t\t\t\t<\/div>\n\t\t<\/div>\n\t\t\t\t\t<\/div>\n\t\t<\/section>\n\t\t\t\t<section class=\"wd-negative-gap elementor-section elementor-top-section elementor-element elementor-element-ffd8265 elementor-section-boxed elementor-section-height-default elementor-section-height-default\" data-id=\"ffd8265\" data-element_type=\"section\">\n\t\t\t\t\t\t<div class=\"elementor-container elementor-column-gap-default\">\n\t\t\t\t\t<div class=\"elementor-column elementor-col-100 elementor-top-column elementor-element elementor-element-4758846\" data-id=\"4758846\" data-element_type=\"column\">\n\t\t\t<div class=\"elementor-widget-wrap elementor-element-populated\">\n\t\t\t\t\t\t<div class=\"elementor-element elementor-element-b9fe5af elementor-widget elementor-widget-heading\" data-id=\"b9fe5af\" data-element_type=\"widget\" data-widget_type=\"heading.default\">\n\t\t\t\t<div class=\"elementor-widget-container\">\n\t\t\t\t\t<h1 class=\"elementor-heading-title elementor-size-default\">Aviso legal<\/h1>\t\t\t\t<\/div>\n\t\t\t\t<\/div>\n\t\t\t\t\t<\/div>\n\t\t<\/div>\n\t\t\t\t\t<\/div>\n\t\t<\/section>\n\t\t\t\t<section class=\"wd-negative-gap elementor-section elementor-top-section elementor-element elementor-element-6b69c59 elementor-section-boxed elementor-section-height-default elementor-section-height-default\" data-id=\"6b69c59\" data-element_type=\"section\">\n\t\t\t\t\t\t<div class=\"elementor-container elementor-column-gap-default\">\n\t\t\t\t\t<div class=\"elementor-column elementor-col-100 elementor-top-column elementor-element elementor-element-ef1b523\" data-id=\"ef1b523\" data-element_type=\"column\">\n\t\t\t<div class=\"elementor-widget-wrap elementor-element-populated\">\n\t\t\t\t\t\t<div class=\"elementor-element elementor-element-bb3801b color-scheme-inherit text-left elementor-widget elementor-widget-text-editor\" data-id=\"bb3801b\" data-element_type=\"widget\" data-widget_type=\"text-editor.default\">\n\t\t\t\t<div class=\"elementor-widget-container\">\n\t\t\t\t\t\t\t\t\t<p><span style=\"color: #82807b;\"><strong>1. DATOS IDENTIFICATIVOS<\/strong><\/span>:<\/p><ul><li style=\"list-style-type: none;\"><ul><li><strong><span style=\"color: #82807b;\">Responsable<\/span>:<\/strong>\u00a0Laura Grela Fari\u00f1a<\/li><li><strong><span style=\"color: #82807b;\">NIF<\/span>:<\/strong>\u00a054125497B<\/li><li><strong>Direcci\u00f3n:\u00a0<\/strong>Calle Fraternidad, 1 bajo 15007 A Coru\u00f1a Espa\u00f1a<\/li><li><strong>Correo electr\u00f3nico:\u00a0<\/strong>info@coquett.es<\/li><li><strong>Sitio web:\u00a0<\/strong>www.coquett.es (en adelante, \u201cel portal o sitio web\u201d)<\/li><\/ul><\/li><\/ul><p><strong>2. USUARIOS:<\/strong>\u00a0La utilizaci\u00f3n del presente portal es absolutamente voluntaria y supone la aceptaci\u00f3n plena por quien accede al mismo, en adelante \u201cUsuario\u201d, de todas las condiciones de uso vigentes en cada momento que se encuentren en la presente direcci\u00f3n. www.coquett.es se reserva el derecho a retirar el acceso a la presente p\u00e1gina web, sin necesidad de previo aviso, a cualquier Usuario que contravenga lo dispuesto en estas condiciones de uso. El Usuario tendr\u00e1 la responsabilidad de leer atentamente las presentes condiciones. Las citadas condiciones ser\u00e1n de aplicaci\u00f3n independientemente de las condiciones generales de contrataci\u00f3n que en su caso resulten de obligado cumplimiento.<\/p><p><strong>3. USO DEL PORTAL:\u00a0<\/strong>www.coquett.es proporciona el acceso a multitud de informaciones, servicios, programas o datos (en adelante, \u00ablos contenidos\u00bb) en Internet pertenecientes a www.coquett.es. El Usuario asume la responsabilidad del uso del portal. El Usuario se compromete a hacer un uso adecuado de los contenidos y servicios con car\u00e1cter enunciativo pero no limitativo, a no emplearlos para (i) incurrir en actividades il\u00edcitas, ilegales o contrarias a la buena fe y al orden p\u00fablico; (ii) difundir contenidos o propaganda de car\u00e1cter racista, xen\u00f3fobo, pornogr\u00e1fico-ilegal, de apolog\u00eda del terrorismo o atentatorio contra los derechos humanos; (iii) intentar acceder y, en su caso, utilizar las cuentas de correo electr\u00f3nico de otros usuarios y modificarlo manipular sus mensajes.<\/p><p><strong>4. POL\u00cdTICA DE PRIVACIDAD:\u00a0<\/strong>informamos que www.coquett.es cumple con las directrices de la normativa vigente en materia de protecci\u00f3n de datos personales, el Reglamento (UE) 2016\/679 de 27 de abril de 2016 (RGPD), as\u00ed como la LOPD, relativas a la protecci\u00f3n de las personas f\u00edsicas en cuanto al tratamiento de datos personales y a la libre circulaci\u00f3n de estos datos. Para m\u00e1s informaci\u00f3n, ver\u00a0<a href=\"https:\/\/coquett.es\/politica-de-privacidad\/\">Pol\u00edtica de Privacidad<\/a>.<\/p><p><strong>5. PROPIEDAD INTELECTUAL E INDUSTRIAL:\u00a0<\/strong>Los contenidos del sitio web, incluyendo entre otros las im\u00e1genes y los textos de los art\u00edculos, cualesquiera que sea su formato, son propiedad de Laura Grela, y est\u00e1n protegidos por las leyes y tratados internacionales en materia de propiedad intelectual. En este sentido, queda expresamente prohibido copiar, reproducir, vender, transmitir, distribuir, republicar, modificar o mostrar para su uso comercial sin su previo consentimiento. El Usuario se compromete a respetar los derechos de Propiedad Intelectual e Industrial titularidad de Laura Grela. Como Usuario puede visualizar los elementos del portal e incluso imprimirlos, copiarlos y almacenarlos en el disco duro del ordenador o en cualquier otro soporte f\u00edsico siempre y cuando sea, \u00fanica y exclusivamente, para el uso personal y privado.<\/p><p><strong>6. EXCLUSI\u00d3N DE GARANT\u00cdAS Y RESPONSABILIDAD:\u00a0<\/strong>www.coquett.es no se hace responsable, en ning\u00fan caso, de los da\u00f1os y perjuicios de cualquier naturaleza que pudieran ocasionar, a t\u00edtulo enunciativo: errores u omisiones en los contenidos, falta de disponibilidad del portal o la transmisi\u00f3n de virus o programas maliciosos o lesivos en los contenidos, a pesar de haber adoptado todas las medidas tecnol\u00f3gicas necesarias para evitarlo. Los contenidos de este sitio web se ofrecen con una finalidad informativa y divulgativa. www.coquett.es se exime de cualquier responsabilidad, directa o indirecta, que pudiera derivarse del uso o aplicaci\u00f3n de la informaci\u00f3n de esta web fuera de sus prop\u00f3sitos.<\/p><p><strong>7. COOKIES:<\/strong>\u00a0El sitio web www.coquett.es utiliza cookies (peque\u00f1os archivos de informaci\u00f3n que el servidor env\u00eda al ordenador de quien accede en la p\u00e1gina) para llevar a cabo determinadas funciones que son consideradas imprescindibles para el correcto funcionamiento y visualizaci\u00f3n del lugar. Para m\u00e1s informaci\u00f3n, ver\u00a0<a href=\"https:\/\/coquett.es\/politica-de-privacidad\/\">Pol\u00edtica de Cookies<\/a>.<\/p><p><strong>8. MODIFICACIONES:\u00a0<\/strong>www.coquett.es se reserva el derecho de efectuar sin previo aviso las modificaciones que considere oportunas en su portal.<\/p><p><strong>9. ENLACES:<\/strong>\u00a0En ning\u00fan caso Laura Grela \u00a0asumir\u00e1 responsabilidad alguna por los contenidos de alg\u00fan enlace perteneciente a un sitio web ajeno, ni garantizar\u00e1 la disponibilidad t\u00e9cnica, calidad, fiabilidad, exactitud, amplitud, veracidad, validez y constitucionalidad de cualquier material o informaci\u00f3n contenida en este sitio web.<\/p><p><strong>10. DERECHO DE EXCLUSI\u00d3N:\u00a0<\/strong>Laura Grela se reserva el derecho a denegar o retirar el acceso a portal y\/o los servicios ofrecidos sin necesidad de preaviso, a instancia propia o de un tercero, a aquellos Usuarios que incumplan el presente Aviso Legal.<\/p><p><strong>11. GENERALIDADES:\u00a0<\/strong>www.coquett.es perseguir\u00e1 el incumplimiento del presente Aviso Legal as\u00ed como cualquier utilizaci\u00f3n indebida de su portal ejerciendo todas las acciones civiles y penales que le puedan corresponder en derecho.<\/p><p><strong>12. MODIFICACI\u00d3N DE LAS PRESENTES CONDICIONES Y DURACI\u00d3N:\u00a0<\/strong>www.coquett.es podr\u00e1 modificar en cualquier momento las condiciones aqu\u00ed determinadas, siendo debidamente publicadas como aqu\u00ed aparecen. La vigencia de las citadas condiciones ir\u00e1 en funci\u00f3n de su exposici\u00f3n y estar\u00e1n vigentes hasta que sean modificadas por otras debidamente publicadas.<\/p><p><strong>13. LEGISLACI\u00d3N APLICABLE Y JURISDICCI\u00d3N:<\/strong>\u00a0La relaci\u00f3n www.coquett.es y el Usuario se regir\u00e1 por la normativa espa\u00f1ola vigente y cualquier controversia se someter\u00e1 a los Juzgados y Tribunales de la ciudad de A Coru\u00f1a.<\/p>\t\t\t\t\t\t\t\t<\/div>\n\t\t\t\t<\/div>\n\t\t\t\t\t<\/div>\n\t\t<\/div>\n\t\t\t\t\t<\/div>\n\t\t<\/section>\n\t\t\t\t<\/div>","protected":false},"excerpt":{"rendered":"<p>Aviso legal 1. DATOS IDENTIFICATIVOS: Responsable:\u00a0Laura Grela Fari\u00f1a NIF:\u00a054125497B Direcci\u00f3n:\u00a0Calle Fraternidad, 1 bajo 15007 A Coru\u00f1a Espa\u00f1a Correo electr\u00f3nico:\u00a0info@coquett.es Sitio<\/p>","protected":false},"author":4,"featured_media":0,"parent":0,"menu_order":0,"comment_status":"closed","ping_status":"closed","template":"elementor_header_footer","meta":{"footnotes":""},"class_list":["post-8944","page","type-page","status-publish","hentry"],"yoast_head":"<!-- This site is optimized with the Yoast SEO plugin v25.4 - https:\/\/yoast.com\/wordpress\/plugins\/seo\/ -->\n<title>Aviso legal - Coquett - Tienda Online<\/title>\n<meta name=\"robots\" content=\"index, follow, max-snippet:-1, max-image-preview:large, max-video-preview:-1\" \/>\n<link rel=\"canonical\" href=\"https:\/\/tiendacoquett.es\/en\/aviso-legal\/\" \/>\n<meta property=\"og:locale\" content=\"en_GB\" \/>\n<meta property=\"og:type\" content=\"article\" \/>\n<meta property=\"og:title\" content=\"Aviso legal - Coquett - Tienda Online\" \/>\n<meta property=\"og:description\" content=\"Aviso legal 1. DATOS IDENTIFICATIVOS: Responsable:\u00a0Laura Grela Fari\u00f1a NIF:\u00a054125497B Direcci\u00f3n:\u00a0Calle Fraternidad, 1 bajo 15007 A Coru\u00f1a Espa\u00f1a Correo electr\u00f3nico:\u00a0info@coquett.es Sitio\" \/>\n<meta property=\"og:url\" content=\"https:\/\/tiendacoquett.es\/en\/aviso-legal\/\" \/>\n<meta property=\"og:site_name\" content=\"Coquett - Tienda Online\" \/>\n<meta property=\"article:modified_time\" content=\"2024-04-24T10:18:30+00:00\" \/>\n<meta name=\"twitter:card\" content=\"summary_large_image\" \/>\n<meta name=\"twitter:label1\" content=\"Estimated reading time\" \/>\n\t<meta name=\"twitter:data1\" content=\"4 minutes\" \/>\n<script type=\"application\/ld+json\" class=\"yoast-schema-graph\">{\"@context\":\"https:\/\/schema.org\",\"@graph\":[{\"@type\":\"WebPage\",\"@id\":\"https:\/\/tiendacoquett.es\/aviso-legal\/\",\"url\":\"https:\/\/tiendacoquett.es\/aviso-legal\/\",\"name\":\"Aviso legal - Coquett - Tienda Online\",\"isPartOf\":{\"@id\":\"https:\/\/tiendacoquett.es\/#website\"},\"datePublished\":\"2023-06-01T12:52:40+00:00\",\"dateModified\":\"2024-04-24T10:18:30+00:00\",\"breadcrumb\":{\"@id\":\"https:\/\/tiendacoquett.es\/aviso-legal\/#breadcrumb\"},\"inLanguage\":\"en-GB\",\"potentialAction\":[{\"@type\":\"ReadAction\",\"target\":[\"https:\/\/tiendacoquett.es\/aviso-legal\/\"]}]},{\"@type\":\"BreadcrumbList\",\"@id\":\"https:\/\/tiendacoquett.es\/aviso-legal\/#breadcrumb\",\"itemListElement\":[{\"@type\":\"ListItem\",\"position\":1,\"name\":\"Portada\",\"item\":\"https:\/\/tiendacoquett.es\/\"},{\"@type\":\"ListItem\",\"position\":2,\"name\":\"Aviso legal\"}]},{\"@type\":\"WebSite\",\"@id\":\"https:\/\/tiendacoquett.es\/#website\",\"url\":\"https:\/\/tiendacoquett.es\/\",\"name\":\"Coquett - Tienda Online\",\"description\":\"Tratamientos &amp; Productos\",\"potentialAction\":[{\"@type\":\"SearchAction\",\"target\":{\"@type\":\"EntryPoint\",\"urlTemplate\":\"https:\/\/tiendacoquett.es\/?s={search_term_string}\"},\"query-input\":{\"@type\":\"PropertyValueSpecification\",\"valueRequired\":true,\"valueName\":\"search_term_string\"}}],\"inLanguage\":\"en-GB\"}]}<\/script>\n<!-- \/ Yoast SEO plugin. -->","yoast_head_json":{"title":"Aviso legal - Coquett - Tienda Online","robots":{"index":"index","follow":"follow","max-snippet":"max-snippet:-1","max-image-preview":"max-image-preview:large","max-video-preview":"max-video-preview:-1"},"canonical":"https:\/\/tiendacoquett.es\/en\/aviso-legal\/","og_locale":"en_GB","og_type":"article","og_title":"Aviso legal - Coquett - Tienda Online","og_description":"Aviso legal 1. DATOS IDENTIFICATIVOS: Responsable:\u00a0Laura Grela Fari\u00f1a NIF:\u00a054125497B Direcci\u00f3n:\u00a0Calle Fraternidad, 1 bajo 15007 A Coru\u00f1a Espa\u00f1a Correo electr\u00f3nico:\u00a0info@coquett.es Sitio","og_url":"https:\/\/tiendacoquett.es\/en\/aviso-legal\/","og_site_name":"Coquett - Tienda Online","article_modified_time":"2024-04-24T10:18:30+00:00","twitter_card":"summary_large_image","twitter_misc":{"Estimated reading time":"4 minutes"},"schema":{"@context":"https:\/\/schema.org","@graph":[{"@type":"WebPage","@id":"https:\/\/tiendacoquett.es\/aviso-legal\/","url":"https:\/\/tiendacoquett.es\/aviso-legal\/","name":"Aviso legal - Coquett - Tienda Online","isPartOf":{"@id":"https:\/\/tiendacoquett.es\/#website"},"datePublished":"2023-06-01T12:52:40+00:00","dateModified":"2024-04-24T10:18:30+00:00","breadcrumb":{"@id":"https:\/\/tiendacoquett.es\/aviso-legal\/#breadcrumb"},"inLanguage":"en-GB","potentialAction":[{"@type":"ReadAction","target":["https:\/\/tiendacoquett.es\/aviso-legal\/"]}]},{"@type":"BreadcrumbList","@id":"https:\/\/tiendacoquett.es\/aviso-legal\/#breadcrumb","itemListElement":[{"@type":"ListItem","position":1,"name":"Portada","item":"https:\/\/tiendacoquett.es\/"},{"@type":"ListItem","position":2,"name":"Aviso legal"}]},{"@type":"WebSite","@id":"https:\/\/tiendacoquett.es\/#website","url":"https:\/\/tiendacoquett.es\/","name":"Coquett - Tienda Online","description":"Tratamientos &amp; Productos","potentialAction":[{"@type":"SearchAction","target":{"@type":"EntryPoint","urlTemplate":"https:\/\/tiendacoquett.es\/?s={search_term_string}"},"query-input":{"@type":"PropertyValueSpecification","valueRequired":true,"valueName":"search_term_string"}}],"inLanguage":"en-GB"}]}},"_links":{"self":[{"href":"https:\/\/tiendacoquett.es\/en\/wp-json\/wp\/v2\/pages\/8944","targetHints":{"allow":["GET"]}}],"collection":[{"href":"https:\/\/tiendacoquett.es\/en\/wp-json\/wp\/v2\/pages"}],"about":[{"href":"https:\/\/tiendacoquett.es\/en\/wp-json\/wp\/v2\/types\/page"}],"author":[{"embeddable":true,"href":"https:\/\/tiendacoquett.es\/en\/wp-json\/wp\/v2\/users\/4"}],"replies":[{"embeddable":true,"href":"https:\/\/tiendacoquett.es\/en\/wp-json\/wp\/v2\/comments?post=8944"}],"version-history":[{"count":68,"href":"https:\/\/tiendacoquett.es\/en\/wp-json\/wp\/v2\/pages\/8944\/revisions"}],"predecessor-version":[{"id":10253,"href":"https:\/\/tiendacoquett.es\/en\/wp-json\/wp\/v2\/pages\/8944\/revisions\/10253"}],"wp:attachment":[{"href":"https:\/\/tiendacoquett.es\/en\/wp-json\/wp\/v2\/media?parent=8944"}],"curies":[{"name":"wp","href":"https:\/\/api.w.org\/{rel}","templated":true}]}}