{"id":8953,"date":"2023-06-01T13:00:29","date_gmt":"2023-06-01T13:00:29","guid":{"rendered":"https:\/\/tiendacoquett.es\/?page_id=8953"},"modified":"2024-04-24T10:46:54","modified_gmt":"2024-04-24T10:46:54","slug":"politica-de-cookies","status":"publish","type":"page","link":"https:\/\/tiendacoquett.es\/en\/politica-de-cookies\/","title":{"rendered":"Pol\u00edtica de cookies"},"content":{"rendered":"<div data-elementor-type=\"wp-page\" data-elementor-id=\"8953\" class=\"elementor elementor-8953\" data-elementor-post-type=\"page\">\n\t\t\t\t\t\t<section class=\"wd-negative-gap elementor-section elementor-top-section elementor-element elementor-element-67140ca elementor-section-stretched elementor-section-full_width elementor-section-height-default elementor-section-height-default\" data-id=\"67140ca\" data-element_type=\"section\" data-settings=\"{&quot;stretch_section&quot;:&quot;section-stretched&quot;,&quot;background_background&quot;:&quot;classic&quot;}\">\n\t\t\t\t\t\t<div class=\"elementor-container elementor-column-gap-default\">\n\t\t\t\t\t<div class=\"elementor-column elementor-col-100 elementor-top-column elementor-element elementor-element-6eeabda\" data-id=\"6eeabda\" data-element_type=\"column\">\n\t\t\t<div class=\"elementor-widget-wrap elementor-element-populated\">\n\t\t\t\t\t\t<div class=\"elementor-element elementor-element-b7e7937 elementor-widget-divider--view-line elementor-widget elementor-widget-divider\" data-id=\"b7e7937\" data-element_type=\"widget\" data-widget_type=\"divider.default\">\n\t\t\t\t<div class=\"elementor-widget-container\">\n\t\t\t\t\t\t\t<div class=\"elementor-divider\">\n\t\t\t<span class=\"elementor-divider-separator\">\n\t\t\t\t\t\t<\/span>\n\t\t<\/div>\n\t\t\t\t\t\t<\/div>\n\t\t\t\t<\/div>\n\t\t\t\t\t<\/div>\n\t\t<\/div>\n\t\t\t\t\t<\/div>\n\t\t<\/section>\n\t\t\t\t<section class=\"wd-negative-gap elementor-section elementor-top-section elementor-element elementor-element-8cb193d elementor-section-full_width elementor-section-height-default elementor-section-height-default\" data-id=\"8cb193d\" data-element_type=\"section\">\n\t\t\t\t\t\t<div class=\"elementor-container elementor-column-gap-default\">\n\t\t\t\t\t<div class=\"elementor-column elementor-col-100 elementor-top-column elementor-element elementor-element-25455bf\" data-id=\"25455bf\" data-element_type=\"column\">\n\t\t\t<div class=\"elementor-widget-wrap elementor-element-populated\">\n\t\t\t\t\t\t<div class=\"elementor-element elementor-element-4f5a05c elementor-widget elementor-widget-heading\" data-id=\"4f5a05c\" data-element_type=\"widget\" data-widget_type=\"heading.default\">\n\t\t\t\t<div class=\"elementor-widget-container\">\n\t\t\t\t\t<h1 class=\"elementor-heading-title elementor-size-default\">Pol\u00edtica de cookies<\/h1>\t\t\t\t<\/div>\n\t\t\t\t<\/div>\n\t\t\t\t\t<\/div>\n\t\t<\/div>\n\t\t\t\t\t<\/div>\n\t\t<\/section>\n\t\t\t\t<section class=\"wd-negative-gap elementor-section elementor-top-section elementor-element elementor-element-20874d1 elementor-section-boxed elementor-section-height-default elementor-section-height-default\" data-id=\"20874d1\" data-element_type=\"section\">\n\t\t\t\t\t\t<div class=\"elementor-container elementor-column-gap-default\">\n\t\t\t\t\t<div class=\"elementor-column elementor-col-100 elementor-top-column elementor-element elementor-element-265c010f\" data-id=\"265c010f\" data-element_type=\"column\">\n\t\t\t<div class=\"elementor-widget-wrap elementor-element-populated\">\n\t\t\t\t\t\t<div class=\"elementor-element elementor-element-7847039 color-scheme-inherit text-left elementor-widget elementor-widget-text-editor\" data-id=\"7847039\" data-element_type=\"widget\" data-widget_type=\"text-editor.default\">\n\t\t\t\t<div class=\"elementor-widget-container\">\n\t\t\t\t\t\t\t\t\t<header class=\"entry-header\" aria-label=\"Contenido\"><p class=\"entry-title\" style=\"text-align: left;\">De conformidad con lo establecido en la Ley 34\/2002 de Servicios de la Sociedad de la Informaci\u00f3n, te informo que el sitio web www.coquett.es, utiliza cookies. Las cookies son peque\u00f1os archivos de texto del sitio web que, como usuario que lo visita, almacena en el ordenador o dispositivo. A continuaci\u00f3n procedemos a detallar los diferentes tipos de cookies que utiliza www.coquett.es:<\/p><\/header><div class=\"entry-content\"><p style=\"text-align: left;\"><strong><u>(i) Cookies propias:\u00a0<\/u><\/strong>son aqu\u00e9llas que se env\u00edan al equipo terminal del usuario desde un equipo o dominio gestionado por el propio editor y desde el que se presta el servicio solicitado por el usuario.<\/p><ul style=\"text-align: left;\"><li style=\"list-style-type: none;\"><ul style=\"text-align: left;\"><li><strong>Cookies de sesi\u00f3n:<\/strong>\u00a0Necesarias para el correcto uso de la p\u00e1gina web, la navegaci\u00f3n de forma ininterrumpida recordando opciones de idioma o pa\u00eds. Se utilizan para identificar la misma sesi\u00f3n temporal de un usuario o sesi\u00f3n de navegaci\u00f3n.<\/li><li><strong>Cookies T\u00e9cnicas:<\/strong>\u00a0Almacenan informaci\u00f3n gen\u00e9rica y an\u00f3nima que no incluye datos de car\u00e1cter personal cuyo objetivo es garantizar el funcionamiento de la web.<\/li><li><strong>De registro:<\/strong>\u00a0Se crean con el registro de un usuario (log-in). Se utilizan para identificar al usuario una vez se ha autenticado dentro de los Sitios Web.<\/li><\/ul><\/li><\/ul><p style=\"text-align: left;\"><strong><u>(ii)Cookies de terceros:<\/u><\/strong><strong>\u00a0<\/strong>www.coquett.es puede contener cookies de terceros orientadas a ofrecer un mejor servicio que estos terceros ofrecen. Un ejemplo de este uso son los enlaces a las redes sociales que permiten compartir el contenido del sitio web.<\/p><ul><li style=\"list-style-type: none;\"><ul style=\"text-align: left;\"><li><strong>Cookies anal\u00edticas:\u00a0<\/strong>son aquellas que, tratadas por www.coquett.es \u00a0o por terceros, permiten cuantificar el n\u00famero de visitantes y analizar estad\u00edsticamente la utilizaci\u00f3n que hacen los usuarios del portal web. La informaci\u00f3n recogida mediante este tipo de cookies se utiliza en la medici\u00f3n de la actividad del Sitio Web y para la elaboraci\u00f3n de perfiles de navegaci\u00f3n anonimizados de los usuarios, con el fin de introducir mejoras en funci\u00f3n del an\u00e1lisis de los datos de uso que hacen los usuarios del servicio:<\/li><li>Google Analitycs:\u00a0<a href=\"https:\/\/www.google.com\/policies\/privacy\/\" target=\"_blank\" rel=\"noopener\">https:\/\/www.google.com\/policies\/privacy\/<\/a><\/li><\/ul><\/li><\/ul><ul style=\"text-align: left;\"><li><strong>Cookies de redes sociales:<\/strong><ul><li>Gravatar: El Gravatar es una imagen del usuario que le sigue de sitio web a sitio web, apareciendo junto a su nombre cuando realiza acciones como comentar en un blog o cuando el usuario inicia sesi\u00f3n como usuario registrado (log in) en el Sitio Web. Se almacenan cookies para gestionar los iconos relacionados con los perfiles y usuarios de ese servicio:\u00a0<a href=\"https:\/\/automattic.com\/privacy\/\" target=\"_blank\" rel=\"noopener\">https:\/\/automattic.com\/privacy\/<\/a><\/li><\/ul><\/li><\/ul><ul style=\"text-align: left;\"><li><strong>Cookies de redes sociales externas:<\/strong>\u00a0se utilizan para que los visitantes puedan interactuar con el contenido de diferentes plataformas sociales (Facebook, YouTube, Twitter, LinkedIn, Instagram, etc.) y que se generan \u00fanicamente para los usuarios de dichas redes sociales. Las condiciones de utilizaci\u00f3n de estas cookies y la informaci\u00f3n recopilada se regulan por la pol\u00edtica de privacidad de la plataforma social correspondiente.<ul><li><a href=\"https:\/\/www.google.com\/intl\/es_es\/policies\/technologies\/types\/\" target=\"_blank\" rel=\"noopener\">https:\/\/www.google.com\/intl\/es_es\/policies\/technologies\/types\/<\/a><\/li><li><a href=\"https:\/\/www.facebook.com\/help\/cookies\/\" target=\"_blank\" rel=\"noopener\">https:\/\/www.facebook.com\/help\/cookies\/<\/a><\/li><li><a href=\"https:\/\/www.instagram.com\/legal\/cookies\/\" target=\"_blank\" rel=\"noopener\">https:\/\/www.instagram.com\/legal\/cookies\/<\/a><\/li><\/ul><\/li><\/ul><p style=\"text-align: left;\">En concreto este sitio web utiliza las cookies que aparecen en el banner informativo inicial:<\/p><figure class=\"wp-block-table\"><table><thead><tr><td><strong>Nombre<\/strong><\/td><td><strong>Origen<\/strong><\/td><td><strong>Finalidad<\/strong><\/td><td><strong>Tipo<\/strong><\/td><td><strong>Caducidad<\/strong><\/td><\/tr><tr><td>_ga<\/td><td>coquett.es<\/td><td>Cookie de Google Analytics para an\u00e1lisis e investigaci\u00f3n<\/td><td>Terceros<\/td><td>2 a\u00f1os<\/td><\/tr><tr><td>_ga_XWFDWFKE0C<\/td><td>coquett.es<\/td><td>Cookie de Google Analytics para an\u00e1lisis e investigaci\u00f3n.<\/td><td>Terceros<\/td><td>2 a\u00f1os<\/td><\/tr><tr><td>CookieLawInfoConsent<\/td><td>coquett.es<\/td><td>Registra el estado del bot\u00f3n predeterminado de la categor\u00eda correspondiente y el estado de CCPA. Funciona solo en coordinaci\u00f3n con la cookie principal.<\/td><td>Propia<\/td><td>1 a\u00f1o<\/td><\/tr><tr><td>viewed_cookie_policy<\/td><td>coquett.es<\/td><td>La cookie es establecida por el plugin GDPR Cookie Consent y se utiliza para almacenar si el usuario ha consentido o no el uso de cookies. No almacena ning\u00fan dato persona.<\/td><td>Propia<\/td><td>1 meses<\/td><\/tr><tr><td>elementor<\/td><td>coquett.es<\/td><td>Esta cookie es utilizada por el tema de WordPress del sitio web. Permite al propietario del sitio web implementar o cambiar el contenido del sitio web en tiempo real.<\/td><td>Propia<\/td><td>Nunca<\/td><\/tr><tr><td>cookielawinfo-checkbox-necessary<\/td><td>coquett.es<\/td><td>Esta cookie es establecida por el plugin GDPR Cookie Consent. Las cookies se utilizan para almacenar el consentimiento del usuario para las cookies en la categor\u00eda \u00abNecesarias\u00bb.<\/td><td>Propia<\/td><td>11 meses<\/td><\/tr><tr><td>cookielawinfo-checkbox-analytics<\/td><td>coquett.es<\/td><td>Esta cookie es establecida por el plugin GDPR Cookie Consent. La cookie se utiliza para almacenar el consentimiento del usuario para las cookies de la categor\u00eda \u00abAnal\u00edticas\u00bb.<\/td><td>Propia<\/td><td>11 meses<\/td><\/tr><\/thead><\/table><\/figure><p style=\"text-align: left;\">En el caso de querer modificar la configuraci\u00f3n de cookies del navegador, puede hacerlo mediante la configuraci\u00f3n de las opciones del mismo. Podr\u00e1 encontrar informaci\u00f3n sobre c\u00f3mo modificar las pol\u00edticas de cookies de los distintos navegadores en los siguientes espacios:<\/p><ul style=\"text-align: left;\"><li>Para Microsoft Internet Explorer:\u00a0<a href=\"https:\/\/support.microsoft.com\/es-es\/help\/17442\/windows-internet-explorer-delete-manage-cookies\" target=\"_blank\" rel=\"noopener\">https:\/\/support.microsoft.com\/es-es\/help\/17442\/windows-internet-explorer-delete-manage-cookies<\/a><\/li><li>Para Firefox:\u00a0<a href=\"https:\/\/support.mozilla.org\/es\/kb\/habilitar-y-deshabilitar-cookies-que-los-sitios-we\" target=\"_blank\" rel=\"noopener\">https:\/\/support.mozilla.org\/es\/kb\/habilitar-y-deshabilitar-cookies-que-los-sitios-we\u00a0<\/a><\/li><li>Para Safari:\u00a0<a href=\"https:\/\/support.apple.com\/kb\/PH19214?viewlocale=es_ES&amp;locale=es_ES\" target=\"_blank\" rel=\"noopener\">https:\/\/support.apple.com\/kb\/PH19214?viewlocale=es_ES&amp;locale=es_ES<\/a><\/li><li>Para Google Chrome:\u00a0\u00a0<a href=\"https:\/\/support.google.com\/chrome\/bin\/answer.py?hl=es&amp;answer=95647\" target=\"_blank\" rel=\"noopener\">https:\/\/support.google.com\/chrome\/bin\/answer.py?hl=es&amp;answer=95647\u00a0<\/a><\/li><\/ul><p style=\"text-align: left;\">Existen herramientas de terceros, disponibles on line, que permiten a los usuarios detectar las cookies en cada sitio web que visita y gestionar su desactivaci\u00f3n. Los navegadores web son las herramientas encargadas de almacenar las cookies y desde este lugar el usuario puede ejercitar su derecho a eliminaci\u00f3n o desactivaci\u00f3n de las mismas. Ni esta web ni sus representantes legales pueden garantizar la correcta o incorrecta manipulaci\u00f3n de las cookies por parte de los mencionados navegadores. Informamos que si no desea que los sitios web pongan ninguna cookie en el equipo, pudiendo adaptar la configuraci\u00f3n del navegador de modo que se notifique antes de que se coloque ninguna cookie. De igual modo, puede adaptar la configuraci\u00f3n de forma que el navegador rechace todas las cookies, o \u00fanicamente las cookies de terceros. En caso de encontrar con este tipo de cookies en este sitio web y no est\u00e9n enumeradas en la lista anterior, rogamos que nos lo comunique.<\/p><p style=\"text-align: left;\">La aceptaci\u00f3n de la presente pol\u00edtica de cookies implica que como usuario ha sido informado de una forma clara y completa sobre el uso de dispositivos de almacenamiento y recuperaci\u00f3n de datos (cookies) as\u00ed como que www.coquett.es dispone de su consentimiento para el uso de las mismas tal y como establece la normativa. En el caso de que tenga alguna duda sobre la pol\u00edtica de cookies del sitio web, puede dirigirse a:\u00a0<a href=\"mailto:info@coquett.es\">info@coquett.es<\/a><\/p><p style=\"text-align: left;\">En el supuesto de querer conocer con m\u00e1s detalles en qu\u00e9 consisten las cookies, en este link se puede acceder a la gu\u00eda de cookies editada por la Agencia Espa\u00f1ola de Protecci\u00f3n de Datos:\u00a0<a href=\"https:\/\/www.aepd.es\/sites\/default\/files\/2020-07\/guia-cookies.pdf\" target=\"_blank\" rel=\"noopener\">https:\/\/www.aepd.es\/sites\/default\/files\/2020-07\/guia-cookies.pdf<\/a><\/p><\/div>\t\t\t\t\t\t\t\t<\/div>\n\t\t\t\t<\/div>\n\t\t\t\t\t<\/div>\n\t\t<\/div>\n\t\t\t\t\t<\/div>\n\t\t<\/section>\n\t\t\t\t<\/div>","protected":false},"excerpt":{"rendered":"<p>Pol\u00edtica de cookies De conformidad con lo establecido en la Ley 34\/2002 de Servicios de la Sociedad de la Informaci\u00f3n,<\/p>","protected":false},"author":4,"featured_media":0,"parent":0,"menu_order":0,"comment_status":"closed","ping_status":"closed","template":"elementor_header_footer","meta":{"footnotes":""},"class_list":["post-8953","page","type-page","status-publish","hentry"],"yoast_head":"<!-- This site is optimized with the Yoast SEO plugin v25.4 - https:\/\/yoast.com\/wordpress\/plugins\/seo\/ -->\n<title>Pol\u00edtica de cookies - Coquett - Tienda Online<\/title>\n<meta name=\"robots\" content=\"index, follow, max-snippet:-1, max-image-preview:large, max-video-preview:-1\" \/>\n<link rel=\"canonical\" href=\"https:\/\/tiendacoquett.es\/en\/politica-de-cookies\/\" \/>\n<meta property=\"og:locale\" content=\"en_GB\" \/>\n<meta property=\"og:type\" content=\"article\" \/>\n<meta property=\"og:title\" content=\"Pol\u00edtica de cookies - Coquett - Tienda Online\" \/>\n<meta property=\"og:description\" content=\"Pol\u00edtica de cookies De conformidad con lo establecido en la Ley 34\/2002 de Servicios de la Sociedad de la Informaci\u00f3n,\" \/>\n<meta property=\"og:url\" content=\"https:\/\/tiendacoquett.es\/en\/politica-de-cookies\/\" \/>\n<meta property=\"og:site_name\" content=\"Coquett - Tienda Online\" \/>\n<meta property=\"article:modified_time\" content=\"2024-04-24T10:46:54+00:00\" \/>\n<meta name=\"twitter:card\" content=\"summary_large_image\" \/>\n<meta name=\"twitter:label1\" content=\"Estimated reading time\" \/>\n\t<meta name=\"twitter:data1\" content=\"5 minutes\" \/>\n<script type=\"application\/ld+json\" class=\"yoast-schema-graph\">{\"@context\":\"https:\/\/schema.org\",\"@graph\":[{\"@type\":\"WebPage\",\"@id\":\"https:\/\/tiendacoquett.es\/politica-de-cookies\/\",\"url\":\"https:\/\/tiendacoquett.es\/politica-de-cookies\/\",\"name\":\"Pol\u00edtica de cookies - Coquett - Tienda Online\",\"isPartOf\":{\"@id\":\"https:\/\/tiendacoquett.es\/#website\"},\"datePublished\":\"2023-06-01T13:00:29+00:00\",\"dateModified\":\"2024-04-24T10:46:54+00:00\",\"breadcrumb\":{\"@id\":\"https:\/\/tiendacoquett.es\/politica-de-cookies\/#breadcrumb\"},\"inLanguage\":\"en-GB\",\"potentialAction\":[{\"@type\":\"ReadAction\",\"target\":[\"https:\/\/tiendacoquett.es\/politica-de-cookies\/\"]}]},{\"@type\":\"BreadcrumbList\",\"@id\":\"https:\/\/tiendacoquett.es\/politica-de-cookies\/#breadcrumb\",\"itemListElement\":[{\"@type\":\"ListItem\",\"position\":1,\"name\":\"Portada\",\"item\":\"https:\/\/tiendacoquett.es\/\"},{\"@type\":\"ListItem\",\"position\":2,\"name\":\"Pol\u00edtica de cookies\"}]},{\"@type\":\"WebSite\",\"@id\":\"https:\/\/tiendacoquett.es\/#website\",\"url\":\"https:\/\/tiendacoquett.es\/\",\"name\":\"Coquett - Tienda Online\",\"description\":\"Tratamientos &amp; Productos\",\"potentialAction\":[{\"@type\":\"SearchAction\",\"target\":{\"@type\":\"EntryPoint\",\"urlTemplate\":\"https:\/\/tiendacoquett.es\/?s={search_term_string}\"},\"query-input\":{\"@type\":\"PropertyValueSpecification\",\"valueRequired\":true,\"valueName\":\"search_term_string\"}}],\"inLanguage\":\"en-GB\"}]}<\/script>\n<!-- \/ Yoast SEO plugin. -->","yoast_head_json":{"title":"Pol\u00edtica de cookies - Coquett - Tienda Online","robots":{"index":"index","follow":"follow","max-snippet":"max-snippet:-1","max-image-preview":"max-image-preview:large","max-video-preview":"max-video-preview:-1"},"canonical":"https:\/\/tiendacoquett.es\/en\/politica-de-cookies\/","og_locale":"en_GB","og_type":"article","og_title":"Pol\u00edtica de cookies - Coquett - Tienda Online","og_description":"Pol\u00edtica de cookies De conformidad con lo establecido en la Ley 34\/2002 de Servicios de la Sociedad de la Informaci\u00f3n,","og_url":"https:\/\/tiendacoquett.es\/en\/politica-de-cookies\/","og_site_name":"Coquett - Tienda Online","article_modified_time":"2024-04-24T10:46:54+00:00","twitter_card":"summary_large_image","twitter_misc":{"Estimated reading time":"5 minutes"},"schema":{"@context":"https:\/\/schema.org","@graph":[{"@type":"WebPage","@id":"https:\/\/tiendacoquett.es\/politica-de-cookies\/","url":"https:\/\/tiendacoquett.es\/politica-de-cookies\/","name":"Pol\u00edtica de cookies - Coquett - Tienda Online","isPartOf":{"@id":"https:\/\/tiendacoquett.es\/#website"},"datePublished":"2023-06-01T13:00:29+00:00","dateModified":"2024-04-24T10:46:54+00:00","breadcrumb":{"@id":"https:\/\/tiendacoquett.es\/politica-de-cookies\/#breadcrumb"},"inLanguage":"en-GB","potentialAction":[{"@type":"ReadAction","target":["https:\/\/tiendacoquett.es\/politica-de-cookies\/"]}]},{"@type":"BreadcrumbList","@id":"https:\/\/tiendacoquett.es\/politica-de-cookies\/#breadcrumb","itemListElement":[{"@type":"ListItem","position":1,"name":"Portada","item":"https:\/\/tiendacoquett.es\/"},{"@type":"ListItem","position":2,"name":"Pol\u00edtica de cookies"}]},{"@type":"WebSite","@id":"https:\/\/tiendacoquett.es\/#website","url":"https:\/\/tiendacoquett.es\/","name":"Coquett - Tienda Online","description":"Tratamientos &amp; Productos","potentialAction":[{"@type":"SearchAction","target":{"@type":"EntryPoint","urlTemplate":"https:\/\/tiendacoquett.es\/?s={search_term_string}"},"query-input":{"@type":"PropertyValueSpecification","valueRequired":true,"valueName":"search_term_string"}}],"inLanguage":"en-GB"}]}},"_links":{"self":[{"href":"https:\/\/tiendacoquett.es\/en\/wp-json\/wp\/v2\/pages\/8953","targetHints":{"allow":["GET"]}}],"collection":[{"href":"https:\/\/tiendacoquett.es\/en\/wp-json\/wp\/v2\/pages"}],"about":[{"href":"https:\/\/tiendacoquett.es\/en\/wp-json\/wp\/v2\/types\/page"}],"author":[{"embeddable":true,"href":"https:\/\/tiendacoquett.es\/en\/wp-json\/wp\/v2\/users\/4"}],"replies":[{"embeddable":true,"href":"https:\/\/tiendacoquett.es\/en\/wp-json\/wp\/v2\/comments?post=8953"}],"version-history":[{"count":19,"href":"https:\/\/tiendacoquett.es\/en\/wp-json\/wp\/v2\/pages\/8953\/revisions"}],"predecessor-version":[{"id":10266,"href":"https:\/\/tiendacoquett.es\/en\/wp-json\/wp\/v2\/pages\/8953\/revisions\/10266"}],"wp:attachment":[{"href":"https:\/\/tiendacoquett.es\/en\/wp-json\/wp\/v2\/media?parent=8953"}],"curies":[{"name":"wp","href":"https:\/\/api.w.org\/{rel}","templated":true}]}}