{"id":10793,"date":"2024-11-24T18:37:42","date_gmt":"2024-11-24T18:37:42","guid":{"rendered":"https:\/\/tiendacoquett.es\/?post_type=product&#038;p=10793"},"modified":"2025-10-20T11:07:52","modified_gmt":"2025-10-20T11:07:52","slug":"radiofrecuencia-2","status":"publish","type":"product","link":"https:\/\/tiendacoquett.es\/en\/product\/radiofrecuencia-2\/","title":{"rendered":"Radiofrecuencia"},"content":{"rendered":"","protected":false},"excerpt":{"rendered":"<p style=\"text-align: left;\">La radiofrecuencia corporal es un tratamiento no invasivo que utiliza ondas electromagn\u00e9ticas para estimular las capas profundas de la piel, promoviendo la producci\u00f3n de col\u00e1geno y elastina. Este proceso favorece la reducci\u00f3n de la flacidez y mejora la circulaci\u00f3n, ayudando a contornear y modelar la figura de manera eficaz.<\/p>\n<p style=\"text-align: left;\">Al calentar de manera controlada los tejidos, la radiofrecuencia acelera el proceso de regeneraci\u00f3n celular, logrando una piel m\u00e1s tersa y tonificada. Es ideal para tratar zonas como abdomen, muslos, gl\u00fateos y brazos, ayudando a reducir la apariencia de la celulitis y mejorando el aspecto de la piel.<\/p>\n<p style=\"text-align: left;\">","protected":false},"featured_media":10794,"comment_status":"open","ping_status":"closed","template":"","meta":[],"product_brand":[],"product_cat":[175,83,168,128],"product_tag":[],"class_list":{"0":"post-10793","1":"product","2":"type-product","3":"status-publish","4":"has-post-thumbnail","6":"product_cat-activador-de-circulacion","7":"product_cat-celulitis-y-grasa-localizada","8":"product_cat-reafirmacion-y-elasticidad","9":"product_cat-radiofrecuencia2","11":"first","12":"instock","13":"shipping-taxable","14":"purchasable","15":"product-type-simple"},"yoast_head":"<!-- This site is optimized with the Yoast SEO plugin v25.4 - https:\/\/yoast.com\/wordpress\/plugins\/seo\/ -->\n<title>Radiofrecuencia - Coquett - Tienda Online<\/title>\n<meta name=\"robots\" content=\"index, follow, max-snippet:-1, max-image-preview:large, max-video-preview:-1\" \/>\n<link rel=\"canonical\" href=\"https:\/\/tiendacoquett.es\/en\/product\/radiofrecuencia-2\/\" \/>\n<meta property=\"og:locale\" content=\"en_GB\" \/>\n<meta property=\"og:type\" content=\"article\" \/>\n<meta property=\"og:title\" content=\"Radiofrecuencia - Coquett - Tienda Online\" \/>\n<meta property=\"og:description\" content=\"La radiofrecuencia corporal es un tratamiento no invasivo que utiliza ondas electromagn\u00e9ticas para estimular las capas profundas de la piel, promoviendo la producci\u00f3n de col\u00e1geno y elastina. Este proceso favorece la reducci\u00f3n de la flacidez y mejora la circulaci\u00f3n, ayudando a contornear y modelar la figura de manera eficaz. Al calentar de manera controlada los tejidos, la radiofrecuencia acelera el proceso de regeneraci\u00f3n celular, logrando una piel m\u00e1s tersa y tonificada. Es ideal para tratar zonas como abdomen, muslos, gl\u00fateos y brazos, ayudando a reducir la apariencia de la celulitis y mejorando el aspecto de la piel.\" \/>\n<meta property=\"og:url\" content=\"https:\/\/tiendacoquett.es\/en\/product\/radiofrecuencia-2\/\" \/>\n<meta property=\"og:site_name\" content=\"Coquett - Tienda Online\" \/>\n<meta property=\"article:modified_time\" content=\"2025-10-20T11:07:52+00:00\" \/>\n<meta property=\"og:image\" content=\"https:\/\/tiendacoquett.es\/wp-content\/uploads\/2024\/11\/DSC05170-scaled.jpg\" \/>\n\t<meta property=\"og:image:width\" content=\"1440\" \/>\n\t<meta property=\"og:image:height\" content=\"2560\" \/>\n\t<meta property=\"og:image:type\" content=\"image\/jpeg\" \/>\n<meta name=\"twitter:card\" content=\"summary_large_image\" \/>\n<meta name=\"twitter:label1\" content=\"Estimated reading time\" \/>\n\t<meta name=\"twitter:data1\" content=\"1 minute\" \/>\n<script type=\"application\/ld+json\" class=\"yoast-schema-graph\">{\"@context\":\"https:\/\/schema.org\",\"@graph\":[{\"@type\":\"WebPage\",\"@id\":\"https:\/\/tiendacoquett.es\/producto\/radiofrecuencia-2\/\",\"url\":\"https:\/\/tiendacoquett.es\/producto\/radiofrecuencia-2\/\",\"name\":\"Radiofrecuencia - Coquett - Tienda Online\",\"isPartOf\":{\"@id\":\"https:\/\/tiendacoquett.es\/#website\"},\"primaryImageOfPage\":{\"@id\":\"https:\/\/tiendacoquett.es\/producto\/radiofrecuencia-2\/#primaryimage\"},\"image\":{\"@id\":\"https:\/\/tiendacoquett.es\/producto\/radiofrecuencia-2\/#primaryimage\"},\"thumbnailUrl\":\"https:\/\/tiendacoquett.es\/wp-content\/uploads\/2024\/11\/DSC05170-scaled.jpg\",\"datePublished\":\"2024-11-24T18:37:42+00:00\",\"dateModified\":\"2025-10-20T11:07:52+00:00\",\"breadcrumb\":{\"@id\":\"https:\/\/tiendacoquett.es\/producto\/radiofrecuencia-2\/#breadcrumb\"},\"inLanguage\":\"en-GB\",\"potentialAction\":[{\"@type\":\"ReadAction\",\"target\":[\"https:\/\/tiendacoquett.es\/producto\/radiofrecuencia-2\/\"]}]},{\"@type\":\"ImageObject\",\"inLanguage\":\"en-GB\",\"@id\":\"https:\/\/tiendacoquett.es\/producto\/radiofrecuencia-2\/#primaryimage\",\"url\":\"https:\/\/tiendacoquett.es\/wp-content\/uploads\/2024\/11\/DSC05170-scaled.jpg\",\"contentUrl\":\"https:\/\/tiendacoquett.es\/wp-content\/uploads\/2024\/11\/DSC05170-scaled.jpg\",\"width\":1440,\"height\":2560,\"caption\":\"radiofrecuencia\"},{\"@type\":\"BreadcrumbList\",\"@id\":\"https:\/\/tiendacoquett.es\/producto\/radiofrecuencia-2\/#breadcrumb\",\"itemListElement\":[{\"@type\":\"ListItem\",\"position\":1,\"name\":\"Portada\",\"item\":\"https:\/\/tiendacoquett.es\/\"},{\"@type\":\"ListItem\",\"position\":2,\"name\":\"Tienda\",\"item\":\"https:\/\/tiendacoquett.es\/tienda\/\"},{\"@type\":\"ListItem\",\"position\":3,\"name\":\"Radiofrecuencia\"}]},{\"@type\":\"WebSite\",\"@id\":\"https:\/\/tiendacoquett.es\/#website\",\"url\":\"https:\/\/tiendacoquett.es\/\",\"name\":\"Coquett - Tienda Online\",\"description\":\"Tratamientos &amp; Productos\",\"potentialAction\":[{\"@type\":\"SearchAction\",\"target\":{\"@type\":\"EntryPoint\",\"urlTemplate\":\"https:\/\/tiendacoquett.es\/?s={search_term_string}\"},\"query-input\":{\"@type\":\"PropertyValueSpecification\",\"valueRequired\":true,\"valueName\":\"search_term_string\"}}],\"inLanguage\":\"en-GB\"}]}<\/script>\n<!-- \/ Yoast SEO plugin. -->","yoast_head_json":{"title":"Radiofrecuencia - Coquett - Tienda Online","robots":{"index":"index","follow":"follow","max-snippet":"max-snippet:-1","max-image-preview":"max-image-preview:large","max-video-preview":"max-video-preview:-1"},"canonical":"https:\/\/tiendacoquett.es\/en\/product\/radiofrecuencia-2\/","og_locale":"en_GB","og_type":"article","og_title":"Radiofrecuencia - Coquett - Tienda Online","og_description":"La radiofrecuencia corporal es un tratamiento no invasivo que utiliza ondas electromagn\u00e9ticas para estimular las capas profundas de la piel, promoviendo la producci\u00f3n de col\u00e1geno y elastina. Este proceso favorece la reducci\u00f3n de la flacidez y mejora la circulaci\u00f3n, ayudando a contornear y modelar la figura de manera eficaz. Al calentar de manera controlada los tejidos, la radiofrecuencia acelera el proceso de regeneraci\u00f3n celular, logrando una piel m\u00e1s tersa y tonificada. Es ideal para tratar zonas como abdomen, muslos, gl\u00fateos y brazos, ayudando a reducir la apariencia de la celulitis y mejorando el aspecto de la piel.","og_url":"https:\/\/tiendacoquett.es\/en\/product\/radiofrecuencia-2\/","og_site_name":"Coquett - Tienda Online","article_modified_time":"2025-10-20T11:07:52+00:00","og_image":[{"width":1440,"height":2560,"url":"https:\/\/tiendacoquett.es\/wp-content\/uploads\/2024\/11\/DSC05170-scaled.jpg","type":"image\/jpeg"}],"twitter_card":"summary_large_image","twitter_misc":{"Estimated reading time":"1 minute"},"schema":{"@context":"https:\/\/schema.org","@graph":[{"@type":"WebPage","@id":"https:\/\/tiendacoquett.es\/producto\/radiofrecuencia-2\/","url":"https:\/\/tiendacoquett.es\/producto\/radiofrecuencia-2\/","name":"Radiofrecuencia - Coquett - Tienda Online","isPartOf":{"@id":"https:\/\/tiendacoquett.es\/#website"},"primaryImageOfPage":{"@id":"https:\/\/tiendacoquett.es\/producto\/radiofrecuencia-2\/#primaryimage"},"image":{"@id":"https:\/\/tiendacoquett.es\/producto\/radiofrecuencia-2\/#primaryimage"},"thumbnailUrl":"https:\/\/tiendacoquett.es\/wp-content\/uploads\/2024\/11\/DSC05170-scaled.jpg","datePublished":"2024-11-24T18:37:42+00:00","dateModified":"2025-10-20T11:07:52+00:00","breadcrumb":{"@id":"https:\/\/tiendacoquett.es\/producto\/radiofrecuencia-2\/#breadcrumb"},"inLanguage":"en-GB","potentialAction":[{"@type":"ReadAction","target":["https:\/\/tiendacoquett.es\/producto\/radiofrecuencia-2\/"]}]},{"@type":"ImageObject","inLanguage":"en-GB","@id":"https:\/\/tiendacoquett.es\/producto\/radiofrecuencia-2\/#primaryimage","url":"https:\/\/tiendacoquett.es\/wp-content\/uploads\/2024\/11\/DSC05170-scaled.jpg","contentUrl":"https:\/\/tiendacoquett.es\/wp-content\/uploads\/2024\/11\/DSC05170-scaled.jpg","width":1440,"height":2560,"caption":"radiofrecuencia"},{"@type":"BreadcrumbList","@id":"https:\/\/tiendacoquett.es\/producto\/radiofrecuencia-2\/#breadcrumb","itemListElement":[{"@type":"ListItem","position":1,"name":"Portada","item":"https:\/\/tiendacoquett.es\/"},{"@type":"ListItem","position":2,"name":"Tienda","item":"https:\/\/tiendacoquett.es\/tienda\/"},{"@type":"ListItem","position":3,"name":"Radiofrecuencia"}]},{"@type":"WebSite","@id":"https:\/\/tiendacoquett.es\/#website","url":"https:\/\/tiendacoquett.es\/","name":"Coquett - Tienda Online","description":"Tratamientos &amp; Productos","potentialAction":[{"@type":"SearchAction","target":{"@type":"EntryPoint","urlTemplate":"https:\/\/tiendacoquett.es\/?s={search_term_string}"},"query-input":{"@type":"PropertyValueSpecification","valueRequired":true,"valueName":"search_term_string"}}],"inLanguage":"en-GB"}]}},"_links":{"self":[{"href":"https:\/\/tiendacoquett.es\/en\/wp-json\/wp\/v2\/product\/10793","targetHints":{"allow":["GET"]}}],"collection":[{"href":"https:\/\/tiendacoquett.es\/en\/wp-json\/wp\/v2\/product"}],"about":[{"href":"https:\/\/tiendacoquett.es\/en\/wp-json\/wp\/v2\/types\/product"}],"replies":[{"embeddable":true,"href":"https:\/\/tiendacoquett.es\/en\/wp-json\/wp\/v2\/comments?post=10793"}],"version-history":[{"count":3,"href":"https:\/\/tiendacoquett.es\/en\/wp-json\/wp\/v2\/product\/10793\/revisions"}],"predecessor-version":[{"id":10849,"href":"https:\/\/tiendacoquett.es\/en\/wp-json\/wp\/v2\/product\/10793\/revisions\/10849"}],"wp:featuredmedia":[{"embeddable":true,"href":"https:\/\/tiendacoquett.es\/en\/wp-json\/wp\/v2\/media\/10794"}],"wp:attachment":[{"href":"https:\/\/tiendacoquett.es\/en\/wp-json\/wp\/v2\/media?parent=10793"}],"wp:term":[{"taxonomy":"product_brand","embeddable":true,"href":"https:\/\/tiendacoquett.es\/en\/wp-json\/wp\/v2\/product_brand?post=10793"},{"taxonomy":"product_cat","embeddable":true,"href":"https:\/\/tiendacoquett.es\/en\/wp-json\/wp\/v2\/product_cat?post=10793"},{"taxonomy":"product_tag","embeddable":true,"href":"https:\/\/tiendacoquett.es\/en\/wp-json\/wp\/v2\/product_tag?post=10793"}],"curies":[{"name":"wp","href":"https:\/\/api.w.org\/{rel}","templated":true}]}}