{"id":10804,"date":"2024-11-24T20:33:38","date_gmt":"2024-11-24T20:33:38","guid":{"rendered":"https:\/\/tiendacoquett.es\/?post_type=product&#038;p=10804"},"modified":"2024-12-12T23:20:39","modified_gmt":"2024-12-12T23:20:39","slug":"presoterapia","status":"publish","type":"product","link":"https:\/\/tiendacoquett.es\/en\/product\/presoterapia\/","title":{"rendered":"Presoterapia"},"content":{"rendered":"","protected":false},"excerpt":{"rendered":"<p style=\"text-align: left;\">La presoterapia es un tratamiento que estimula la circulaci\u00f3n sangu\u00ednea y linf\u00e1tica mediante un sistema de compresi\u00f3n controlada. A trav\u00e9s de una serie de impulsos de aire, se activan los m\u00fasculos y tejidos, ayudando a reducir la retenci\u00f3n de l\u00edquidos, mejorar la tonicidad de la piel y combatir la celulitis.<\/p>\n<p style=\"text-align: left;\">Ideal para mejorar la circulaci\u00f3n y reducir la sensaci\u00f3n de piernas cansadas. Es perfecto para quien busca un bienestar integral.<\/p>","protected":false},"featured_media":10806,"comment_status":"open","ping_status":"closed","template":"","meta":[],"product_brand":[],"product_cat":[175,83,159,163],"product_tag":[],"class_list":{"0":"post-10804","1":"product","2":"type-product","3":"status-publish","4":"has-post-thumbnail","6":"product_cat-activador-de-circulacion","7":"product_cat-celulitis-y-grasa-localizada","8":"product_cat-presoterapia","9":"product_cat-premama","11":"first","12":"instock","13":"shipping-taxable","14":"purchasable","15":"product-type-simple"},"yoast_head":"<!-- This site is optimized with the Yoast SEO plugin v25.4 - https:\/\/yoast.com\/wordpress\/plugins\/seo\/ -->\n<title>Presoterapia - Coquett - Tienda Online<\/title>\n<meta name=\"robots\" content=\"index, follow, max-snippet:-1, max-image-preview:large, max-video-preview:-1\" \/>\n<link rel=\"canonical\" href=\"https:\/\/tiendacoquett.es\/en\/product\/presoterapia\/\" \/>\n<meta property=\"og:locale\" content=\"en_GB\" \/>\n<meta property=\"og:type\" content=\"article\" \/>\n<meta property=\"og:title\" content=\"Presoterapia - Coquett - Tienda Online\" \/>\n<meta property=\"og:description\" content=\"La presoterapia es un tratamiento que estimula la circulaci\u00f3n sangu\u00ednea y linf\u00e1tica mediante un sistema de compresi\u00f3n controlada. A trav\u00e9s de una serie de impulsos de aire, se activan los m\u00fasculos y tejidos, ayudando a reducir la retenci\u00f3n de l\u00edquidos, mejorar la tonicidad de la piel y combatir la celulitis. Ideal para mejorar la circulaci\u00f3n y reducir la sensaci\u00f3n de piernas cansadas. Es perfecto para quien busca un bienestar integral.\" \/>\n<meta property=\"og:url\" content=\"https:\/\/tiendacoquett.es\/en\/product\/presoterapia\/\" \/>\n<meta property=\"og:site_name\" content=\"Coquett - Tienda Online\" \/>\n<meta property=\"article:modified_time\" content=\"2024-12-12T23:20:39+00:00\" \/>\n<meta property=\"og:image\" content=\"https:\/\/tiendacoquett.es\/wp-content\/uploads\/2024\/11\/presoterapia.jpg\" \/>\n\t<meta property=\"og:image:width\" content=\"736\" \/>\n\t<meta property=\"og:image:height\" content=\"981\" \/>\n\t<meta property=\"og:image:type\" content=\"image\/jpeg\" \/>\n<meta name=\"twitter:card\" content=\"summary_large_image\" \/>\n<meta name=\"twitter:label1\" content=\"Estimated reading time\" \/>\n\t<meta name=\"twitter:data1\" content=\"1 minute\" \/>\n<script type=\"application\/ld+json\" class=\"yoast-schema-graph\">{\"@context\":\"https:\/\/schema.org\",\"@graph\":[{\"@type\":\"WebPage\",\"@id\":\"https:\/\/tiendacoquett.es\/producto\/presoterapia\/\",\"url\":\"https:\/\/tiendacoquett.es\/producto\/presoterapia\/\",\"name\":\"Presoterapia - Coquett - Tienda Online\",\"isPartOf\":{\"@id\":\"https:\/\/tiendacoquett.es\/#website\"},\"primaryImageOfPage\":{\"@id\":\"https:\/\/tiendacoquett.es\/producto\/presoterapia\/#primaryimage\"},\"image\":{\"@id\":\"https:\/\/tiendacoquett.es\/producto\/presoterapia\/#primaryimage\"},\"thumbnailUrl\":\"https:\/\/tiendacoquett.es\/wp-content\/uploads\/2024\/11\/presoterapia.jpg\",\"datePublished\":\"2024-11-24T20:33:38+00:00\",\"dateModified\":\"2024-12-12T23:20:39+00:00\",\"breadcrumb\":{\"@id\":\"https:\/\/tiendacoquett.es\/producto\/presoterapia\/#breadcrumb\"},\"inLanguage\":\"en-GB\",\"potentialAction\":[{\"@type\":\"ReadAction\",\"target\":[\"https:\/\/tiendacoquett.es\/producto\/presoterapia\/\"]}]},{\"@type\":\"ImageObject\",\"inLanguage\":\"en-GB\",\"@id\":\"https:\/\/tiendacoquett.es\/producto\/presoterapia\/#primaryimage\",\"url\":\"https:\/\/tiendacoquett.es\/wp-content\/uploads\/2024\/11\/presoterapia.jpg\",\"contentUrl\":\"https:\/\/tiendacoquett.es\/wp-content\/uploads\/2024\/11\/presoterapia.jpg\",\"width\":736,\"height\":981,\"caption\":\"presoterapia\"},{\"@type\":\"BreadcrumbList\",\"@id\":\"https:\/\/tiendacoquett.es\/producto\/presoterapia\/#breadcrumb\",\"itemListElement\":[{\"@type\":\"ListItem\",\"position\":1,\"name\":\"Portada\",\"item\":\"https:\/\/tiendacoquett.es\/\"},{\"@type\":\"ListItem\",\"position\":2,\"name\":\"Tienda\",\"item\":\"https:\/\/tiendacoquett.es\/tienda\/\"},{\"@type\":\"ListItem\",\"position\":3,\"name\":\"Presoterapia\"}]},{\"@type\":\"WebSite\",\"@id\":\"https:\/\/tiendacoquett.es\/#website\",\"url\":\"https:\/\/tiendacoquett.es\/\",\"name\":\"Coquett - Tienda Online\",\"description\":\"Tratamientos &amp; Productos\",\"potentialAction\":[{\"@type\":\"SearchAction\",\"target\":{\"@type\":\"EntryPoint\",\"urlTemplate\":\"https:\/\/tiendacoquett.es\/?s={search_term_string}\"},\"query-input\":{\"@type\":\"PropertyValueSpecification\",\"valueRequired\":true,\"valueName\":\"search_term_string\"}}],\"inLanguage\":\"en-GB\"}]}<\/script>\n<!-- \/ Yoast SEO plugin. -->","yoast_head_json":{"title":"Presoterapia - Coquett - Tienda Online","robots":{"index":"index","follow":"follow","max-snippet":"max-snippet:-1","max-image-preview":"max-image-preview:large","max-video-preview":"max-video-preview:-1"},"canonical":"https:\/\/tiendacoquett.es\/en\/product\/presoterapia\/","og_locale":"en_GB","og_type":"article","og_title":"Presoterapia - Coquett - Tienda Online","og_description":"La presoterapia es un tratamiento que estimula la circulaci\u00f3n sangu\u00ednea y linf\u00e1tica mediante un sistema de compresi\u00f3n controlada. A trav\u00e9s de una serie de impulsos de aire, se activan los m\u00fasculos y tejidos, ayudando a reducir la retenci\u00f3n de l\u00edquidos, mejorar la tonicidad de la piel y combatir la celulitis. Ideal para mejorar la circulaci\u00f3n y reducir la sensaci\u00f3n de piernas cansadas. Es perfecto para quien busca un bienestar integral.","og_url":"https:\/\/tiendacoquett.es\/en\/product\/presoterapia\/","og_site_name":"Coquett - Tienda Online","article_modified_time":"2024-12-12T23:20:39+00:00","og_image":[{"width":736,"height":981,"url":"https:\/\/tiendacoquett.es\/wp-content\/uploads\/2024\/11\/presoterapia.jpg","type":"image\/jpeg"}],"twitter_card":"summary_large_image","twitter_misc":{"Estimated reading time":"1 minute"},"schema":{"@context":"https:\/\/schema.org","@graph":[{"@type":"WebPage","@id":"https:\/\/tiendacoquett.es\/producto\/presoterapia\/","url":"https:\/\/tiendacoquett.es\/producto\/presoterapia\/","name":"Presoterapia - Coquett - Tienda Online","isPartOf":{"@id":"https:\/\/tiendacoquett.es\/#website"},"primaryImageOfPage":{"@id":"https:\/\/tiendacoquett.es\/producto\/presoterapia\/#primaryimage"},"image":{"@id":"https:\/\/tiendacoquett.es\/producto\/presoterapia\/#primaryimage"},"thumbnailUrl":"https:\/\/tiendacoquett.es\/wp-content\/uploads\/2024\/11\/presoterapia.jpg","datePublished":"2024-11-24T20:33:38+00:00","dateModified":"2024-12-12T23:20:39+00:00","breadcrumb":{"@id":"https:\/\/tiendacoquett.es\/producto\/presoterapia\/#breadcrumb"},"inLanguage":"en-GB","potentialAction":[{"@type":"ReadAction","target":["https:\/\/tiendacoquett.es\/producto\/presoterapia\/"]}]},{"@type":"ImageObject","inLanguage":"en-GB","@id":"https:\/\/tiendacoquett.es\/producto\/presoterapia\/#primaryimage","url":"https:\/\/tiendacoquett.es\/wp-content\/uploads\/2024\/11\/presoterapia.jpg","contentUrl":"https:\/\/tiendacoquett.es\/wp-content\/uploads\/2024\/11\/presoterapia.jpg","width":736,"height":981,"caption":"presoterapia"},{"@type":"BreadcrumbList","@id":"https:\/\/tiendacoquett.es\/producto\/presoterapia\/#breadcrumb","itemListElement":[{"@type":"ListItem","position":1,"name":"Portada","item":"https:\/\/tiendacoquett.es\/"},{"@type":"ListItem","position":2,"name":"Tienda","item":"https:\/\/tiendacoquett.es\/tienda\/"},{"@type":"ListItem","position":3,"name":"Presoterapia"}]},{"@type":"WebSite","@id":"https:\/\/tiendacoquett.es\/#website","url":"https:\/\/tiendacoquett.es\/","name":"Coquett - Tienda Online","description":"Tratamientos &amp; Productos","potentialAction":[{"@type":"SearchAction","target":{"@type":"EntryPoint","urlTemplate":"https:\/\/tiendacoquett.es\/?s={search_term_string}"},"query-input":{"@type":"PropertyValueSpecification","valueRequired":true,"valueName":"search_term_string"}}],"inLanguage":"en-GB"}]}},"_links":{"self":[{"href":"https:\/\/tiendacoquett.es\/en\/wp-json\/wp\/v2\/product\/10804","targetHints":{"allow":["GET"]}}],"collection":[{"href":"https:\/\/tiendacoquett.es\/en\/wp-json\/wp\/v2\/product"}],"about":[{"href":"https:\/\/tiendacoquett.es\/en\/wp-json\/wp\/v2\/types\/product"}],"replies":[{"embeddable":true,"href":"https:\/\/tiendacoquett.es\/en\/wp-json\/wp\/v2\/comments?post=10804"}],"version-history":[{"count":2,"href":"https:\/\/tiendacoquett.es\/en\/wp-json\/wp\/v2\/product\/10804\/revisions"}],"predecessor-version":[{"id":10845,"href":"https:\/\/tiendacoquett.es\/en\/wp-json\/wp\/v2\/product\/10804\/revisions\/10845"}],"wp:featuredmedia":[{"embeddable":true,"href":"https:\/\/tiendacoquett.es\/en\/wp-json\/wp\/v2\/media\/10806"}],"wp:attachment":[{"href":"https:\/\/tiendacoquett.es\/en\/wp-json\/wp\/v2\/media?parent=10804"}],"wp:term":[{"taxonomy":"product_brand","embeddable":true,"href":"https:\/\/tiendacoquett.es\/en\/wp-json\/wp\/v2\/product_brand?post=10804"},{"taxonomy":"product_cat","embeddable":true,"href":"https:\/\/tiendacoquett.es\/en\/wp-json\/wp\/v2\/product_cat?post=10804"},{"taxonomy":"product_tag","embeddable":true,"href":"https:\/\/tiendacoquett.es\/en\/wp-json\/wp\/v2\/product_tag?post=10804"}],"curies":[{"name":"wp","href":"https:\/\/api.w.org\/{rel}","templated":true}]}}