{"id":10809,"date":"2024-11-24T20:49:21","date_gmt":"2024-11-24T20:49:21","guid":{"rendered":"https:\/\/tiendacoquett.es\/?post_type=product&#038;p=10809"},"modified":"2025-10-20T11:05:32","modified_gmt":"2025-10-20T11:05:32","slug":"drop","status":"publish","type":"product","link":"https:\/\/tiendacoquett.es\/en\/product\/drop\/","title":{"rendered":"DROP"},"content":{"rendered":"","protected":false},"excerpt":{"rendered":"<p style=\"text-align: left;\">Este innovador tratamiento trata las capas m\u00e1s profundas de la piel gracias a la introducci\u00f3n del principio activo mediante aire a presi\u00f3n, que penetra en la piel consiguiendo un efecto flash inmediato. La piel queda suave, relajada y luminosa, con un efecto flash inmediato. Ideal para todas las edades.<\/p>","protected":false},"featured_media":10814,"comment_status":"open","ping_status":"closed","template":"","meta":[],"product_brand":[],"product_cat":[73,76,78,167,82,189],"product_tag":[],"class_list":{"0":"post-10809","1":"product","2":"type-product","3":"status-publish","4":"has-post-thumbnail","6":"product_cat-arrugas-y-flacidez","7":"product_cat-hidratacion-y-nutricion","8":"product_cat-luminosidad","9":"product_cat-piel-sensible-y-reactiva","10":"product_cat-prevencion-de-arrugas","11":"product_cat-drop","13":"first","14":"instock","15":"shipping-taxable","16":"purchasable","17":"product-type-simple"},"yoast_head":"<!-- This site is optimized with the Yoast SEO plugin v25.4 - https:\/\/yoast.com\/wordpress\/plugins\/seo\/ -->\n<title>DROP - Coquett - Tienda Online<\/title>\n<meta name=\"robots\" content=\"index, follow, max-snippet:-1, max-image-preview:large, max-video-preview:-1\" \/>\n<link rel=\"canonical\" href=\"https:\/\/tiendacoquett.es\/en\/product\/drop\/\" \/>\n<meta property=\"og:locale\" content=\"en_GB\" \/>\n<meta property=\"og:type\" content=\"article\" \/>\n<meta property=\"og:title\" content=\"DROP - Coquett - Tienda Online\" \/>\n<meta property=\"og:description\" content=\"Este innovador tratamiento trata las capas m\u00e1s profundas de la piel gracias a la introducci\u00f3n del principio activo mediante aire a presi\u00f3n, que penetra en la piel consiguiendo un efecto flash inmediato. La piel queda suave, relajada y luminosa, con un efecto flash inmediato. Ideal para todas las edades.\" \/>\n<meta property=\"og:url\" content=\"https:\/\/tiendacoquett.es\/en\/product\/drop\/\" \/>\n<meta property=\"og:site_name\" content=\"Coquett - Tienda Online\" \/>\n<meta property=\"article:modified_time\" content=\"2025-10-20T11:05:32+00:00\" \/>\n<meta property=\"og:image\" content=\"https:\/\/tiendacoquett.es\/wp-content\/uploads\/2024\/11\/DROP-scaled.jpg\" \/>\n\t<meta property=\"og:image:width\" content=\"1440\" \/>\n\t<meta property=\"og:image:height\" content=\"2560\" \/>\n\t<meta property=\"og:image:type\" content=\"image\/jpeg\" \/>\n<meta name=\"twitter:card\" content=\"summary_large_image\" \/>\n<meta name=\"twitter:label1\" content=\"Estimated reading time\" \/>\n\t<meta name=\"twitter:data1\" content=\"1 minute\" \/>\n<script type=\"application\/ld+json\" class=\"yoast-schema-graph\">{\"@context\":\"https:\/\/schema.org\",\"@graph\":[{\"@type\":\"WebPage\",\"@id\":\"https:\/\/tiendacoquett.es\/producto\/drop\/\",\"url\":\"https:\/\/tiendacoquett.es\/producto\/drop\/\",\"name\":\"DROP - Coquett - Tienda Online\",\"isPartOf\":{\"@id\":\"https:\/\/tiendacoquett.es\/#website\"},\"primaryImageOfPage\":{\"@id\":\"https:\/\/tiendacoquett.es\/producto\/drop\/#primaryimage\"},\"image\":{\"@id\":\"https:\/\/tiendacoquett.es\/producto\/drop\/#primaryimage\"},\"thumbnailUrl\":\"https:\/\/tiendacoquett.es\/wp-content\/uploads\/2024\/11\/DROP-scaled.jpg\",\"datePublished\":\"2024-11-24T20:49:21+00:00\",\"dateModified\":\"2025-10-20T11:05:32+00:00\",\"breadcrumb\":{\"@id\":\"https:\/\/tiendacoquett.es\/producto\/drop\/#breadcrumb\"},\"inLanguage\":\"en-GB\",\"potentialAction\":[{\"@type\":\"ReadAction\",\"target\":[\"https:\/\/tiendacoquett.es\/producto\/drop\/\"]}]},{\"@type\":\"ImageObject\",\"inLanguage\":\"en-GB\",\"@id\":\"https:\/\/tiendacoquett.es\/producto\/drop\/#primaryimage\",\"url\":\"https:\/\/tiendacoquett.es\/wp-content\/uploads\/2024\/11\/DROP-scaled.jpg\",\"contentUrl\":\"https:\/\/tiendacoquett.es\/wp-content\/uploads\/2024\/11\/DROP-scaled.jpg\",\"width\":1440,\"height\":2560,\"caption\":\"DROP\"},{\"@type\":\"BreadcrumbList\",\"@id\":\"https:\/\/tiendacoquett.es\/producto\/drop\/#breadcrumb\",\"itemListElement\":[{\"@type\":\"ListItem\",\"position\":1,\"name\":\"Portada\",\"item\":\"https:\/\/tiendacoquett.es\/\"},{\"@type\":\"ListItem\",\"position\":2,\"name\":\"Tienda\",\"item\":\"https:\/\/tiendacoquett.es\/tienda\/\"},{\"@type\":\"ListItem\",\"position\":3,\"name\":\"DROP\"}]},{\"@type\":\"WebSite\",\"@id\":\"https:\/\/tiendacoquett.es\/#website\",\"url\":\"https:\/\/tiendacoquett.es\/\",\"name\":\"Coquett - Tienda Online\",\"description\":\"Tratamientos &amp; Productos\",\"potentialAction\":[{\"@type\":\"SearchAction\",\"target\":{\"@type\":\"EntryPoint\",\"urlTemplate\":\"https:\/\/tiendacoquett.es\/?s={search_term_string}\"},\"query-input\":{\"@type\":\"PropertyValueSpecification\",\"valueRequired\":true,\"valueName\":\"search_term_string\"}}],\"inLanguage\":\"en-GB\"}]}<\/script>\n<!-- \/ Yoast SEO plugin. -->","yoast_head_json":{"title":"DROP - Coquett - Tienda Online","robots":{"index":"index","follow":"follow","max-snippet":"max-snippet:-1","max-image-preview":"max-image-preview:large","max-video-preview":"max-video-preview:-1"},"canonical":"https:\/\/tiendacoquett.es\/en\/product\/drop\/","og_locale":"en_GB","og_type":"article","og_title":"DROP - Coquett - Tienda Online","og_description":"Este innovador tratamiento trata las capas m\u00e1s profundas de la piel gracias a la introducci\u00f3n del principio activo mediante aire a presi\u00f3n, que penetra en la piel consiguiendo un efecto flash inmediato. La piel queda suave, relajada y luminosa, con un efecto flash inmediato. Ideal para todas las edades.","og_url":"https:\/\/tiendacoquett.es\/en\/product\/drop\/","og_site_name":"Coquett - Tienda Online","article_modified_time":"2025-10-20T11:05:32+00:00","og_image":[{"width":1440,"height":2560,"url":"https:\/\/tiendacoquett.es\/wp-content\/uploads\/2024\/11\/DROP-scaled.jpg","type":"image\/jpeg"}],"twitter_card":"summary_large_image","twitter_misc":{"Estimated reading time":"1 minute"},"schema":{"@context":"https:\/\/schema.org","@graph":[{"@type":"WebPage","@id":"https:\/\/tiendacoquett.es\/producto\/drop\/","url":"https:\/\/tiendacoquett.es\/producto\/drop\/","name":"DROP - Coquett - Tienda Online","isPartOf":{"@id":"https:\/\/tiendacoquett.es\/#website"},"primaryImageOfPage":{"@id":"https:\/\/tiendacoquett.es\/producto\/drop\/#primaryimage"},"image":{"@id":"https:\/\/tiendacoquett.es\/producto\/drop\/#primaryimage"},"thumbnailUrl":"https:\/\/tiendacoquett.es\/wp-content\/uploads\/2024\/11\/DROP-scaled.jpg","datePublished":"2024-11-24T20:49:21+00:00","dateModified":"2025-10-20T11:05:32+00:00","breadcrumb":{"@id":"https:\/\/tiendacoquett.es\/producto\/drop\/#breadcrumb"},"inLanguage":"en-GB","potentialAction":[{"@type":"ReadAction","target":["https:\/\/tiendacoquett.es\/producto\/drop\/"]}]},{"@type":"ImageObject","inLanguage":"en-GB","@id":"https:\/\/tiendacoquett.es\/producto\/drop\/#primaryimage","url":"https:\/\/tiendacoquett.es\/wp-content\/uploads\/2024\/11\/DROP-scaled.jpg","contentUrl":"https:\/\/tiendacoquett.es\/wp-content\/uploads\/2024\/11\/DROP-scaled.jpg","width":1440,"height":2560,"caption":"DROP"},{"@type":"BreadcrumbList","@id":"https:\/\/tiendacoquett.es\/producto\/drop\/#breadcrumb","itemListElement":[{"@type":"ListItem","position":1,"name":"Portada","item":"https:\/\/tiendacoquett.es\/"},{"@type":"ListItem","position":2,"name":"Tienda","item":"https:\/\/tiendacoquett.es\/tienda\/"},{"@type":"ListItem","position":3,"name":"DROP"}]},{"@type":"WebSite","@id":"https:\/\/tiendacoquett.es\/#website","url":"https:\/\/tiendacoquett.es\/","name":"Coquett - Tienda Online","description":"Tratamientos &amp; Productos","potentialAction":[{"@type":"SearchAction","target":{"@type":"EntryPoint","urlTemplate":"https:\/\/tiendacoquett.es\/?s={search_term_string}"},"query-input":{"@type":"PropertyValueSpecification","valueRequired":true,"valueName":"search_term_string"}}],"inLanguage":"en-GB"}]}},"_links":{"self":[{"href":"https:\/\/tiendacoquett.es\/en\/wp-json\/wp\/v2\/product\/10809","targetHints":{"allow":["GET"]}}],"collection":[{"href":"https:\/\/tiendacoquett.es\/en\/wp-json\/wp\/v2\/product"}],"about":[{"href":"https:\/\/tiendacoquett.es\/en\/wp-json\/wp\/v2\/types\/product"}],"replies":[{"embeddable":true,"href":"https:\/\/tiendacoquett.es\/en\/wp-json\/wp\/v2\/comments?post=10809"}],"version-history":[{"count":2,"href":"https:\/\/tiendacoquett.es\/en\/wp-json\/wp\/v2\/product\/10809\/revisions"}],"predecessor-version":[{"id":10844,"href":"https:\/\/tiendacoquett.es\/en\/wp-json\/wp\/v2\/product\/10809\/revisions\/10844"}],"wp:featuredmedia":[{"embeddable":true,"href":"https:\/\/tiendacoquett.es\/en\/wp-json\/wp\/v2\/media\/10814"}],"wp:attachment":[{"href":"https:\/\/tiendacoquett.es\/en\/wp-json\/wp\/v2\/media?parent=10809"}],"wp:term":[{"taxonomy":"product_brand","embeddable":true,"href":"https:\/\/tiendacoquett.es\/en\/wp-json\/wp\/v2\/product_brand?post=10809"},{"taxonomy":"product_cat","embeddable":true,"href":"https:\/\/tiendacoquett.es\/en\/wp-json\/wp\/v2\/product_cat?post=10809"},{"taxonomy":"product_tag","embeddable":true,"href":"https:\/\/tiendacoquett.es\/en\/wp-json\/wp\/v2\/product_tag?post=10809"}],"curies":[{"name":"wp","href":"https:\/\/api.w.org\/{rel}","templated":true}]}}