{"id":10895,"date":"2025-01-16T10:50:34","date_gmt":"2025-01-16T10:50:34","guid":{"rendered":"https:\/\/tiendacoquett.es\/?post_type=product&#038;p=10895"},"modified":"2025-01-16T11:10:26","modified_gmt":"2025-01-16T11:10:26","slug":"dr-baumann-chaps-cream","status":"publish","type":"product","link":"https:\/\/tiendacoquett.es\/en\/product\/dr-baumann-chaps-cream\/","title":{"rendered":"Dr Baumann Chaps Cream"},"content":{"rendered":"","protected":false},"excerpt":{"rendered":"<p style=\"text-align: left;\">Crema especial, rica en ingredientes, que contribuyen a suavizar la piel, como son la manteca de Karit\u00e9 y la urea. Fenomenal para pies y talones bastante queratinizados y agrietados. Si se emplea con asiduidad, en caso de necesidad, puede corregir incluso grietas severas y profundas. Es un excelente reparador cut\u00e1neo. Tambi\u00e9n muy indicado para cualquier masaje en los pies.<\/p>\n<p style=\"text-align: left;\"><strong>Tama\u00f1o:<\/strong> tubo 75 ml<\/p>\n<p style=\"text-align: left;\"><strong>INCI:<\/strong> <em>Aqua, Butyrospermum Parkii Butter, Butylene Glycol, Urea, Simmondsia Chinensis Oil, Methyl Glucose Sesquistearate, Stearyl Alcohol, Sodium Lactate, Palmitic Acid (and) Stearic Acid, Ceteareth-20, D-mixed-Tocopherols, Sodium Ascorbyl Phosphate, Lactic Acid, Allantoin<\/em><\/p>","protected":false},"featured_media":10899,"comment_status":"open","ping_status":"closed","template":"","meta":[],"product_brand":[],"product_cat":[96,105],"product_tag":[],"class_list":{"0":"post-10895","1":"product","2":"type-product","3":"status-publish","4":"has-post-thumbnail","6":"product_cat-cremas-y-aceites","7":"product_cat-cremas1","9":"first","10":"instock","11":"shipping-taxable","12":"product-type-simple"},"yoast_head":"<!-- This site is optimized with the Yoast SEO plugin v25.4 - https:\/\/yoast.com\/wordpress\/plugins\/seo\/ -->\n<title>Dr Baumann Chaps Cream - Coquett - Tienda Online<\/title>\n<meta name=\"robots\" content=\"index, follow, max-snippet:-1, max-image-preview:large, max-video-preview:-1\" \/>\n<link rel=\"canonical\" href=\"https:\/\/tiendacoquett.es\/en\/product\/dr-baumann-chaps-cream\/\" \/>\n<meta property=\"og:locale\" content=\"en_GB\" \/>\n<meta property=\"og:type\" content=\"article\" \/>\n<meta property=\"og:title\" content=\"Dr Baumann Chaps Cream - Coquett - Tienda Online\" \/>\n<meta property=\"og:description\" content=\"Crema especial, rica en ingredientes, que contribuyen a suavizar la piel, como son la manteca de Karit\u00e9 y la urea. Fenomenal para pies y talones bastante queratinizados y agrietados. Si se emplea con asiduidad, en caso de necesidad, puede corregir incluso grietas severas y profundas. Es un excelente reparador cut\u00e1neo. Tambi\u00e9n muy indicado para cualquier masaje en los pies. Tama\u00f1o: tubo 75 ml INCI: Aqua, Butyrospermum Parkii Butter, Butylene Glycol, Urea, Simmondsia Chinensis Oil, Methyl Glucose Sesquistearate, Stearyl Alcohol, Sodium Lactate, Palmitic Acid (and) Stearic Acid, Ceteareth-20, D-mixed-Tocopherols, Sodium Ascorbyl Phosphate, Lactic Acid, Allantoin\" \/>\n<meta property=\"og:url\" content=\"https:\/\/tiendacoquett.es\/en\/product\/dr-baumann-chaps-cream\/\" \/>\n<meta property=\"og:site_name\" content=\"Coquett - Tienda Online\" \/>\n<meta property=\"article:modified_time\" content=\"2025-01-16T11:10:26+00:00\" \/>\n<meta property=\"og:image\" content=\"https:\/\/tiendacoquett.es\/wp-content\/uploads\/2025\/01\/Dr-Baumann-chaps-cream-2.png\" \/>\n\t<meta property=\"og:image:width\" content=\"600\" \/>\n\t<meta property=\"og:image:height\" content=\"1000\" \/>\n\t<meta property=\"og:image:type\" content=\"image\/png\" \/>\n<meta name=\"twitter:card\" content=\"summary_large_image\" \/>\n<meta name=\"twitter:label1\" content=\"Estimated reading time\" \/>\n\t<meta name=\"twitter:data1\" content=\"1 minute\" \/>\n<script type=\"application\/ld+json\" class=\"yoast-schema-graph\">{\"@context\":\"https:\/\/schema.org\",\"@graph\":[{\"@type\":\"WebPage\",\"@id\":\"https:\/\/tiendacoquett.es\/producto\/dr-baumann-chaps-cream\/\",\"url\":\"https:\/\/tiendacoquett.es\/producto\/dr-baumann-chaps-cream\/\",\"name\":\"Dr Baumann Chaps Cream - Coquett - Tienda Online\",\"isPartOf\":{\"@id\":\"https:\/\/tiendacoquett.es\/#website\"},\"primaryImageOfPage\":{\"@id\":\"https:\/\/tiendacoquett.es\/producto\/dr-baumann-chaps-cream\/#primaryimage\"},\"image\":{\"@id\":\"https:\/\/tiendacoquett.es\/producto\/dr-baumann-chaps-cream\/#primaryimage\"},\"thumbnailUrl\":\"https:\/\/tiendacoquett.es\/wp-content\/uploads\/2025\/01\/Dr-Baumann-chaps-cream-2.png\",\"datePublished\":\"2025-01-16T10:50:34+00:00\",\"dateModified\":\"2025-01-16T11:10:26+00:00\",\"breadcrumb\":{\"@id\":\"https:\/\/tiendacoquett.es\/producto\/dr-baumann-chaps-cream\/#breadcrumb\"},\"inLanguage\":\"en-GB\",\"potentialAction\":[{\"@type\":\"ReadAction\",\"target\":[\"https:\/\/tiendacoquett.es\/producto\/dr-baumann-chaps-cream\/\"]}]},{\"@type\":\"ImageObject\",\"inLanguage\":\"en-GB\",\"@id\":\"https:\/\/tiendacoquett.es\/producto\/dr-baumann-chaps-cream\/#primaryimage\",\"url\":\"https:\/\/tiendacoquett.es\/wp-content\/uploads\/2025\/01\/Dr-Baumann-chaps-cream-2.png\",\"contentUrl\":\"https:\/\/tiendacoquett.es\/wp-content\/uploads\/2025\/01\/Dr-Baumann-chaps-cream-2.png\",\"width\":600,\"height\":1000,\"caption\":\"Dr Baumann chaps cream\"},{\"@type\":\"BreadcrumbList\",\"@id\":\"https:\/\/tiendacoquett.es\/producto\/dr-baumann-chaps-cream\/#breadcrumb\",\"itemListElement\":[{\"@type\":\"ListItem\",\"position\":1,\"name\":\"Portada\",\"item\":\"https:\/\/tiendacoquett.es\/\"},{\"@type\":\"ListItem\",\"position\":2,\"name\":\"Tienda\",\"item\":\"https:\/\/tiendacoquett.es\/tienda\/\"},{\"@type\":\"ListItem\",\"position\":3,\"name\":\"Dr Baumann Chaps Cream\"}]},{\"@type\":\"WebSite\",\"@id\":\"https:\/\/tiendacoquett.es\/#website\",\"url\":\"https:\/\/tiendacoquett.es\/\",\"name\":\"Coquett - Tienda Online\",\"description\":\"Tratamientos &amp; Productos\",\"potentialAction\":[{\"@type\":\"SearchAction\",\"target\":{\"@type\":\"EntryPoint\",\"urlTemplate\":\"https:\/\/tiendacoquett.es\/?s={search_term_string}\"},\"query-input\":{\"@type\":\"PropertyValueSpecification\",\"valueRequired\":true,\"valueName\":\"search_term_string\"}}],\"inLanguage\":\"en-GB\"}]}<\/script>\n<!-- \/ Yoast SEO plugin. -->","yoast_head_json":{"title":"Dr Baumann Chaps Cream - Coquett - Tienda Online","robots":{"index":"index","follow":"follow","max-snippet":"max-snippet:-1","max-image-preview":"max-image-preview:large","max-video-preview":"max-video-preview:-1"},"canonical":"https:\/\/tiendacoquett.es\/en\/product\/dr-baumann-chaps-cream\/","og_locale":"en_GB","og_type":"article","og_title":"Dr Baumann Chaps Cream - Coquett - Tienda Online","og_description":"Crema especial, rica en ingredientes, que contribuyen a suavizar la piel, como son la manteca de Karit\u00e9 y la urea. Fenomenal para pies y talones bastante queratinizados y agrietados. Si se emplea con asiduidad, en caso de necesidad, puede corregir incluso grietas severas y profundas. Es un excelente reparador cut\u00e1neo. Tambi\u00e9n muy indicado para cualquier masaje en los pies. Tama\u00f1o: tubo 75 ml INCI: Aqua, Butyrospermum Parkii Butter, Butylene Glycol, Urea, Simmondsia Chinensis Oil, Methyl Glucose Sesquistearate, Stearyl Alcohol, Sodium Lactate, Palmitic Acid (and) Stearic Acid, Ceteareth-20, D-mixed-Tocopherols, Sodium Ascorbyl Phosphate, Lactic Acid, Allantoin","og_url":"https:\/\/tiendacoquett.es\/en\/product\/dr-baumann-chaps-cream\/","og_site_name":"Coquett - Tienda Online","article_modified_time":"2025-01-16T11:10:26+00:00","og_image":[{"width":600,"height":1000,"url":"https:\/\/tiendacoquett.es\/wp-content\/uploads\/2025\/01\/Dr-Baumann-chaps-cream-2.png","type":"image\/png"}],"twitter_card":"summary_large_image","twitter_misc":{"Estimated reading time":"1 minute"},"schema":{"@context":"https:\/\/schema.org","@graph":[{"@type":"WebPage","@id":"https:\/\/tiendacoquett.es\/producto\/dr-baumann-chaps-cream\/","url":"https:\/\/tiendacoquett.es\/producto\/dr-baumann-chaps-cream\/","name":"Dr Baumann Chaps Cream - Coquett - Tienda Online","isPartOf":{"@id":"https:\/\/tiendacoquett.es\/#website"},"primaryImageOfPage":{"@id":"https:\/\/tiendacoquett.es\/producto\/dr-baumann-chaps-cream\/#primaryimage"},"image":{"@id":"https:\/\/tiendacoquett.es\/producto\/dr-baumann-chaps-cream\/#primaryimage"},"thumbnailUrl":"https:\/\/tiendacoquett.es\/wp-content\/uploads\/2025\/01\/Dr-Baumann-chaps-cream-2.png","datePublished":"2025-01-16T10:50:34+00:00","dateModified":"2025-01-16T11:10:26+00:00","breadcrumb":{"@id":"https:\/\/tiendacoquett.es\/producto\/dr-baumann-chaps-cream\/#breadcrumb"},"inLanguage":"en-GB","potentialAction":[{"@type":"ReadAction","target":["https:\/\/tiendacoquett.es\/producto\/dr-baumann-chaps-cream\/"]}]},{"@type":"ImageObject","inLanguage":"en-GB","@id":"https:\/\/tiendacoquett.es\/producto\/dr-baumann-chaps-cream\/#primaryimage","url":"https:\/\/tiendacoquett.es\/wp-content\/uploads\/2025\/01\/Dr-Baumann-chaps-cream-2.png","contentUrl":"https:\/\/tiendacoquett.es\/wp-content\/uploads\/2025\/01\/Dr-Baumann-chaps-cream-2.png","width":600,"height":1000,"caption":"Dr Baumann chaps cream"},{"@type":"BreadcrumbList","@id":"https:\/\/tiendacoquett.es\/producto\/dr-baumann-chaps-cream\/#breadcrumb","itemListElement":[{"@type":"ListItem","position":1,"name":"Portada","item":"https:\/\/tiendacoquett.es\/"},{"@type":"ListItem","position":2,"name":"Tienda","item":"https:\/\/tiendacoquett.es\/tienda\/"},{"@type":"ListItem","position":3,"name":"Dr Baumann Chaps Cream"}]},{"@type":"WebSite","@id":"https:\/\/tiendacoquett.es\/#website","url":"https:\/\/tiendacoquett.es\/","name":"Coquett - Tienda Online","description":"Tratamientos &amp; Productos","potentialAction":[{"@type":"SearchAction","target":{"@type":"EntryPoint","urlTemplate":"https:\/\/tiendacoquett.es\/?s={search_term_string}"},"query-input":{"@type":"PropertyValueSpecification","valueRequired":true,"valueName":"search_term_string"}}],"inLanguage":"en-GB"}]}},"_links":{"self":[{"href":"https:\/\/tiendacoquett.es\/en\/wp-json\/wp\/v2\/product\/10895","targetHints":{"allow":["GET"]}}],"collection":[{"href":"https:\/\/tiendacoquett.es\/en\/wp-json\/wp\/v2\/product"}],"about":[{"href":"https:\/\/tiendacoquett.es\/en\/wp-json\/wp\/v2\/types\/product"}],"replies":[{"embeddable":true,"href":"https:\/\/tiendacoquett.es\/en\/wp-json\/wp\/v2\/comments?post=10895"}],"version-history":[{"count":1,"href":"https:\/\/tiendacoquett.es\/en\/wp-json\/wp\/v2\/product\/10895\/revisions"}],"predecessor-version":[{"id":10897,"href":"https:\/\/tiendacoquett.es\/en\/wp-json\/wp\/v2\/product\/10895\/revisions\/10897"}],"wp:featuredmedia":[{"embeddable":true,"href":"https:\/\/tiendacoquett.es\/en\/wp-json\/wp\/v2\/media\/10899"}],"wp:attachment":[{"href":"https:\/\/tiendacoquett.es\/en\/wp-json\/wp\/v2\/media?parent=10895"}],"wp:term":[{"taxonomy":"product_brand","embeddable":true,"href":"https:\/\/tiendacoquett.es\/en\/wp-json\/wp\/v2\/product_brand?post=10895"},{"taxonomy":"product_cat","embeddable":true,"href":"https:\/\/tiendacoquett.es\/en\/wp-json\/wp\/v2\/product_cat?post=10895"},{"taxonomy":"product_tag","embeddable":true,"href":"https:\/\/tiendacoquett.es\/en\/wp-json\/wp\/v2\/product_tag?post=10895"}],"curies":[{"name":"wp","href":"https:\/\/api.w.org\/{rel}","templated":true}]}}