{"id":10910,"date":"2025-01-16T13:05:13","date_gmt":"2025-01-16T13:05:13","guid":{"rendered":"https:\/\/tiendacoquett.es\/?post_type=product&#038;p=10910"},"modified":"2025-06-04T20:38:40","modified_gmt":"2025-06-04T20:38:40","slug":"fedua-aceite-arco-iris","status":"publish","type":"product","link":"https:\/\/tiendacoquett.es\/en\/product\/fedua-aceite-arco-iris\/","title":{"rendered":"FEDUA aceite cut\u00edcula Rainbow"},"content":{"rendered":"","protected":false},"excerpt":{"rendered":"<p>Es un aceite trif\u00e1sico para cut\u00edculas y u\u00f1as, con tratamiento hidratante, antiinflamatorio, antioxidante y endurecedor. Tiene vitamina E<\/p>\n<p><strong>Modo de uso:<\/strong> aplicar sobre u\u00f1as y cut\u00edculas limpias. Dejar actuar 10\/15 minutos<\/p>\n<p><strong>TIP COQUETT:<\/strong> agitar antes de utilizar, para mezclar los ingredientes<\/p>\n<p><strong>Tama\u00f1o:<\/strong> 15 ml<\/p>","protected":false},"featured_media":10912,"comment_status":"open","ping_status":"closed","template":"","meta":[],"product_brand":[],"product_cat":[104],"product_tag":[],"class_list":{"0":"post-10910","1":"product","2":"type-product","3":"status-publish","4":"has-post-thumbnail","6":"product_cat-aceites","8":"first","9":"instock","10":"shipping-taxable","11":"purchasable","12":"product-type-simple"},"yoast_head":"<!-- This site is optimized with the Yoast SEO plugin v25.4 - https:\/\/yoast.com\/wordpress\/plugins\/seo\/ -->\n<title>FEDUA aceite cut\u00edcula Rainbow - Coquett - Tienda Online<\/title>\n<meta name=\"robots\" content=\"index, follow, max-snippet:-1, max-image-preview:large, max-video-preview:-1\" \/>\n<link rel=\"canonical\" href=\"https:\/\/tiendacoquett.es\/en\/product\/fedua-aceite-arco-iris\/\" \/>\n<meta property=\"og:locale\" content=\"en_GB\" \/>\n<meta property=\"og:type\" content=\"article\" \/>\n<meta property=\"og:title\" content=\"FEDUA aceite cut\u00edcula Rainbow - Coquett - Tienda Online\" \/>\n<meta property=\"og:description\" content=\"Es un aceite trif\u00e1sico para cut\u00edculas y u\u00f1as, con tratamiento hidratante, antiinflamatorio, antioxidante y endurecedor. Tiene vitamina E  Modo de uso: aplicar sobre u\u00f1as y cut\u00edculas limpias. Dejar actuar 10\/15 minutos  TIP COQUETT: agitar antes de utilizar, para mezclar los ingredientes  Tama\u00f1o: 15 ml\" \/>\n<meta property=\"og:url\" content=\"https:\/\/tiendacoquett.es\/en\/product\/fedua-aceite-arco-iris\/\" \/>\n<meta property=\"og:site_name\" content=\"Coquett - Tienda Online\" \/>\n<meta property=\"article:modified_time\" content=\"2025-06-04T20:38:40+00:00\" \/>\n<meta property=\"og:image\" content=\"https:\/\/tiendacoquett.es\/wp-content\/uploads\/2025\/01\/FEDUA-aceite-arco-iris.png\" \/>\n\t<meta property=\"og:image:width\" content=\"600\" \/>\n\t<meta property=\"og:image:height\" content=\"1000\" \/>\n\t<meta property=\"og:image:type\" content=\"image\/png\" \/>\n<meta name=\"twitter:card\" content=\"summary_large_image\" \/>\n<meta name=\"twitter:label1\" content=\"Estimated reading time\" \/>\n\t<meta name=\"twitter:data1\" content=\"1 minute\" \/>\n<script type=\"application\/ld+json\" class=\"yoast-schema-graph\">{\"@context\":\"https:\/\/schema.org\",\"@graph\":[{\"@type\":\"WebPage\",\"@id\":\"https:\/\/tiendacoquett.es\/producto\/fedua-aceite-arco-iris\/\",\"url\":\"https:\/\/tiendacoquett.es\/producto\/fedua-aceite-arco-iris\/\",\"name\":\"FEDUA aceite cut\u00edcula Rainbow - Coquett - Tienda Online\",\"isPartOf\":{\"@id\":\"https:\/\/tiendacoquett.es\/#website\"},\"primaryImageOfPage\":{\"@id\":\"https:\/\/tiendacoquett.es\/producto\/fedua-aceite-arco-iris\/#primaryimage\"},\"image\":{\"@id\":\"https:\/\/tiendacoquett.es\/producto\/fedua-aceite-arco-iris\/#primaryimage\"},\"thumbnailUrl\":\"https:\/\/tiendacoquett.es\/wp-content\/uploads\/2025\/01\/FEDUA-aceite-arco-iris.png\",\"datePublished\":\"2025-01-16T13:05:13+00:00\",\"dateModified\":\"2025-06-04T20:38:40+00:00\",\"breadcrumb\":{\"@id\":\"https:\/\/tiendacoquett.es\/producto\/fedua-aceite-arco-iris\/#breadcrumb\"},\"inLanguage\":\"en-GB\",\"potentialAction\":[{\"@type\":\"ReadAction\",\"target\":[\"https:\/\/tiendacoquett.es\/producto\/fedua-aceite-arco-iris\/\"]}]},{\"@type\":\"ImageObject\",\"inLanguage\":\"en-GB\",\"@id\":\"https:\/\/tiendacoquett.es\/producto\/fedua-aceite-arco-iris\/#primaryimage\",\"url\":\"https:\/\/tiendacoquett.es\/wp-content\/uploads\/2025\/01\/FEDUA-aceite-arco-iris.png\",\"contentUrl\":\"https:\/\/tiendacoquett.es\/wp-content\/uploads\/2025\/01\/FEDUA-aceite-arco-iris.png\",\"width\":600,\"height\":1000,\"caption\":\"FEDUA aceite arco iris\"},{\"@type\":\"BreadcrumbList\",\"@id\":\"https:\/\/tiendacoquett.es\/producto\/fedua-aceite-arco-iris\/#breadcrumb\",\"itemListElement\":[{\"@type\":\"ListItem\",\"position\":1,\"name\":\"Portada\",\"item\":\"https:\/\/tiendacoquett.es\/\"},{\"@type\":\"ListItem\",\"position\":2,\"name\":\"Tienda\",\"item\":\"https:\/\/tiendacoquett.es\/tienda\/\"},{\"@type\":\"ListItem\",\"position\":3,\"name\":\"FEDUA aceite cut\u00edcula Rainbow\"}]},{\"@type\":\"WebSite\",\"@id\":\"https:\/\/tiendacoquett.es\/#website\",\"url\":\"https:\/\/tiendacoquett.es\/\",\"name\":\"Coquett - Tienda Online\",\"description\":\"Tratamientos &amp; Productos\",\"potentialAction\":[{\"@type\":\"SearchAction\",\"target\":{\"@type\":\"EntryPoint\",\"urlTemplate\":\"https:\/\/tiendacoquett.es\/?s={search_term_string}\"},\"query-input\":{\"@type\":\"PropertyValueSpecification\",\"valueRequired\":true,\"valueName\":\"search_term_string\"}}],\"inLanguage\":\"en-GB\"}]}<\/script>\n<!-- \/ Yoast SEO plugin. -->","yoast_head_json":{"title":"FEDUA aceite cut\u00edcula Rainbow - Coquett - Tienda Online","robots":{"index":"index","follow":"follow","max-snippet":"max-snippet:-1","max-image-preview":"max-image-preview:large","max-video-preview":"max-video-preview:-1"},"canonical":"https:\/\/tiendacoquett.es\/en\/product\/fedua-aceite-arco-iris\/","og_locale":"en_GB","og_type":"article","og_title":"FEDUA aceite cut\u00edcula Rainbow - Coquett - Tienda Online","og_description":"Es un aceite trif\u00e1sico para cut\u00edculas y u\u00f1as, con tratamiento hidratante, antiinflamatorio, antioxidante y endurecedor. Tiene vitamina E  Modo de uso: aplicar sobre u\u00f1as y cut\u00edculas limpias. Dejar actuar 10\/15 minutos  TIP COQUETT: agitar antes de utilizar, para mezclar los ingredientes  Tama\u00f1o: 15 ml","og_url":"https:\/\/tiendacoquett.es\/en\/product\/fedua-aceite-arco-iris\/","og_site_name":"Coquett - Tienda Online","article_modified_time":"2025-06-04T20:38:40+00:00","og_image":[{"width":600,"height":1000,"url":"https:\/\/tiendacoquett.es\/wp-content\/uploads\/2025\/01\/FEDUA-aceite-arco-iris.png","type":"image\/png"}],"twitter_card":"summary_large_image","twitter_misc":{"Estimated reading time":"1 minute"},"schema":{"@context":"https:\/\/schema.org","@graph":[{"@type":"WebPage","@id":"https:\/\/tiendacoquett.es\/producto\/fedua-aceite-arco-iris\/","url":"https:\/\/tiendacoquett.es\/producto\/fedua-aceite-arco-iris\/","name":"FEDUA aceite cut\u00edcula Rainbow - Coquett - Tienda Online","isPartOf":{"@id":"https:\/\/tiendacoquett.es\/#website"},"primaryImageOfPage":{"@id":"https:\/\/tiendacoquett.es\/producto\/fedua-aceite-arco-iris\/#primaryimage"},"image":{"@id":"https:\/\/tiendacoquett.es\/producto\/fedua-aceite-arco-iris\/#primaryimage"},"thumbnailUrl":"https:\/\/tiendacoquett.es\/wp-content\/uploads\/2025\/01\/FEDUA-aceite-arco-iris.png","datePublished":"2025-01-16T13:05:13+00:00","dateModified":"2025-06-04T20:38:40+00:00","breadcrumb":{"@id":"https:\/\/tiendacoquett.es\/producto\/fedua-aceite-arco-iris\/#breadcrumb"},"inLanguage":"en-GB","potentialAction":[{"@type":"ReadAction","target":["https:\/\/tiendacoquett.es\/producto\/fedua-aceite-arco-iris\/"]}]},{"@type":"ImageObject","inLanguage":"en-GB","@id":"https:\/\/tiendacoquett.es\/producto\/fedua-aceite-arco-iris\/#primaryimage","url":"https:\/\/tiendacoquett.es\/wp-content\/uploads\/2025\/01\/FEDUA-aceite-arco-iris.png","contentUrl":"https:\/\/tiendacoquett.es\/wp-content\/uploads\/2025\/01\/FEDUA-aceite-arco-iris.png","width":600,"height":1000,"caption":"FEDUA aceite arco iris"},{"@type":"BreadcrumbList","@id":"https:\/\/tiendacoquett.es\/producto\/fedua-aceite-arco-iris\/#breadcrumb","itemListElement":[{"@type":"ListItem","position":1,"name":"Portada","item":"https:\/\/tiendacoquett.es\/"},{"@type":"ListItem","position":2,"name":"Tienda","item":"https:\/\/tiendacoquett.es\/tienda\/"},{"@type":"ListItem","position":3,"name":"FEDUA aceite cut\u00edcula Rainbow"}]},{"@type":"WebSite","@id":"https:\/\/tiendacoquett.es\/#website","url":"https:\/\/tiendacoquett.es\/","name":"Coquett - Tienda Online","description":"Tratamientos &amp; Productos","potentialAction":[{"@type":"SearchAction","target":{"@type":"EntryPoint","urlTemplate":"https:\/\/tiendacoquett.es\/?s={search_term_string}"},"query-input":{"@type":"PropertyValueSpecification","valueRequired":true,"valueName":"search_term_string"}}],"inLanguage":"en-GB"}]}},"_links":{"self":[{"href":"https:\/\/tiendacoquett.es\/en\/wp-json\/wp\/v2\/product\/10910","targetHints":{"allow":["GET"]}}],"collection":[{"href":"https:\/\/tiendacoquett.es\/en\/wp-json\/wp\/v2\/product"}],"about":[{"href":"https:\/\/tiendacoquett.es\/en\/wp-json\/wp\/v2\/types\/product"}],"replies":[{"embeddable":true,"href":"https:\/\/tiendacoquett.es\/en\/wp-json\/wp\/v2\/comments?post=10910"}],"version-history":[{"count":3,"href":"https:\/\/tiendacoquett.es\/en\/wp-json\/wp\/v2\/product\/10910\/revisions"}],"predecessor-version":[{"id":11055,"href":"https:\/\/tiendacoquett.es\/en\/wp-json\/wp\/v2\/product\/10910\/revisions\/11055"}],"wp:featuredmedia":[{"embeddable":true,"href":"https:\/\/tiendacoquett.es\/en\/wp-json\/wp\/v2\/media\/10912"}],"wp:attachment":[{"href":"https:\/\/tiendacoquett.es\/en\/wp-json\/wp\/v2\/media?parent=10910"}],"wp:term":[{"taxonomy":"product_brand","embeddable":true,"href":"https:\/\/tiendacoquett.es\/en\/wp-json\/wp\/v2\/product_brand?post=10910"},{"taxonomy":"product_cat","embeddable":true,"href":"https:\/\/tiendacoquett.es\/en\/wp-json\/wp\/v2\/product_cat?post=10910"},{"taxonomy":"product_tag","embeddable":true,"href":"https:\/\/tiendacoquett.es\/en\/wp-json\/wp\/v2\/product_tag?post=10910"}],"curies":[{"name":"wp","href":"https:\/\/api.w.org\/{rel}","templated":true}]}}