{"id":9073,"date":"2023-10-24T10:27:24","date_gmt":"2023-10-24T10:27:24","guid":{"rendered":"https:\/\/tiendacoquett.es\/?post_type=product&#038;p=9073"},"modified":"2024-03-29T18:33:31","modified_gmt":"2024-03-29T18:33:31","slug":"parches-contorno-de-ojos-daily-ritual-bioline-jato","status":"publish","type":"product","link":"https:\/\/tiendacoquett.es\/en\/product\/parches-contorno-de-ojos-daily-ritual-bioline-jato\/","title":{"rendered":"Parches Contorno de Ojos Daily Ritual Bioline Jat\u00f3"},"content":{"rendered":"","protected":false},"excerpt":{"rendered":"<p style=\"text-align: left;\">Una m\u00e1scara de parche, potenciador de vitalidad e hidrataci\u00f3n que ofrece alivio inmediato a los ojos cansados, marcados por bolsas y ojeras<\/p>\n<p style=\"text-align: left;\">Apto para todo tipo de pieles<\/p>\n<p style=\"text-align: left;\"><strong>Tama\u00f1o:<\/strong> 1 par<\/p>\n<p style=\"text-align: left;\"><strong>Ingredientes:<\/strong> <em>P\u00e9ptido \u00c1rtico, Agua de Manzanilla Destilada, Extracto de Regaliz, Extracto de \u00c1rnica<\/em><\/p>","protected":false},"featured_media":9074,"comment_status":"open","ping_status":"closed","template":"","meta":[],"product_brand":[],"product_cat":[84,89,73,146,76,82],"product_tag":[],"class_list":{"0":"post-9073","1":"product","2":"type-product","3":"status-publish","4":"has-post-thumbnail","6":"product_cat-facial","7":"product_cat-contorno-de-ojos-y-labios","8":"product_cat-arrugas-y-flacidez","9":"product_cat-contorno-de-ojos","10":"product_cat-hidratacion-y-nutricion","11":"product_cat-prevencion-de-arrugas","13":"first","14":"instock","15":"shipping-taxable","16":"purchasable","17":"product-type-simple"},"yoast_head":"<!-- This site is optimized with the Yoast SEO plugin v25.4 - https:\/\/yoast.com\/wordpress\/plugins\/seo\/ -->\n<title>Parches Contorno de Ojos Daily Ritual Bioline Jat\u00f3 - Coquett - Tienda Online<\/title>\n<meta name=\"robots\" content=\"index, follow, max-snippet:-1, max-image-preview:large, max-video-preview:-1\" \/>\n<link rel=\"canonical\" href=\"https:\/\/tiendacoquett.es\/en\/product\/parches-contorno-de-ojos-daily-ritual-bioline-jato\/\" \/>\n<meta property=\"og:locale\" content=\"en_GB\" \/>\n<meta property=\"og:type\" content=\"article\" \/>\n<meta property=\"og:title\" content=\"Parches Contorno de Ojos Daily Ritual Bioline Jat\u00f3 - Coquett - Tienda Online\" \/>\n<meta property=\"og:description\" content=\"Una m\u00e1scara de parche, potenciador de vitalidad e hidrataci\u00f3n que ofrece alivio inmediato a los ojos cansados, marcados por bolsas y ojeras Apto para todo tipo de pieles Tama\u00f1o: 1 par Ingredientes: P\u00e9ptido \u00c1rtico, Agua de Manzanilla Destilada, Extracto de Regaliz, Extracto de \u00c1rnica\" \/>\n<meta property=\"og:url\" content=\"https:\/\/tiendacoquett.es\/en\/product\/parches-contorno-de-ojos-daily-ritual-bioline-jato\/\" \/>\n<meta property=\"og:site_name\" content=\"Coquett - Tienda Online\" \/>\n<meta property=\"article:modified_time\" content=\"2024-03-29T18:33:31+00:00\" \/>\n<meta property=\"og:image\" content=\"https:\/\/tiendacoquett.es\/wp-content\/uploads\/2023\/10\/Parches-Contorno-de-Ojos-Daily-Ritual-Bioline-Jato.png\" \/>\n\t<meta property=\"og:image:width\" content=\"600\" \/>\n\t<meta property=\"og:image:height\" content=\"1000\" \/>\n\t<meta property=\"og:image:type\" content=\"image\/png\" \/>\n<meta name=\"twitter:card\" content=\"summary_large_image\" \/>\n<script type=\"application\/ld+json\" class=\"yoast-schema-graph\">{\"@context\":\"https:\/\/schema.org\",\"@graph\":[{\"@type\":\"WebPage\",\"@id\":\"https:\/\/tiendacoquett.es\/producto\/parches-contorno-de-ojos-daily-ritual-bioline-jato\/\",\"url\":\"https:\/\/tiendacoquett.es\/producto\/parches-contorno-de-ojos-daily-ritual-bioline-jato\/\",\"name\":\"Parches Contorno de Ojos Daily Ritual Bioline Jat\u00f3 - Coquett - Tienda Online\",\"isPartOf\":{\"@id\":\"https:\/\/tiendacoquett.es\/#website\"},\"primaryImageOfPage\":{\"@id\":\"https:\/\/tiendacoquett.es\/producto\/parches-contorno-de-ojos-daily-ritual-bioline-jato\/#primaryimage\"},\"image\":{\"@id\":\"https:\/\/tiendacoquett.es\/producto\/parches-contorno-de-ojos-daily-ritual-bioline-jato\/#primaryimage\"},\"thumbnailUrl\":\"https:\/\/tiendacoquett.es\/wp-content\/uploads\/2023\/10\/Parches-Contorno-de-Ojos-Daily-Ritual-Bioline-Jato.png\",\"datePublished\":\"2023-10-24T10:27:24+00:00\",\"dateModified\":\"2024-03-29T18:33:31+00:00\",\"breadcrumb\":{\"@id\":\"https:\/\/tiendacoquett.es\/producto\/parches-contorno-de-ojos-daily-ritual-bioline-jato\/#breadcrumb\"},\"inLanguage\":\"en-GB\",\"potentialAction\":[{\"@type\":\"ReadAction\",\"target\":[\"https:\/\/tiendacoquett.es\/producto\/parches-contorno-de-ojos-daily-ritual-bioline-jato\/\"]}]},{\"@type\":\"ImageObject\",\"inLanguage\":\"en-GB\",\"@id\":\"https:\/\/tiendacoquett.es\/producto\/parches-contorno-de-ojos-daily-ritual-bioline-jato\/#primaryimage\",\"url\":\"https:\/\/tiendacoquett.es\/wp-content\/uploads\/2023\/10\/Parches-Contorno-de-Ojos-Daily-Ritual-Bioline-Jato.png\",\"contentUrl\":\"https:\/\/tiendacoquett.es\/wp-content\/uploads\/2023\/10\/Parches-Contorno-de-Ojos-Daily-Ritual-Bioline-Jato.png\",\"width\":600,\"height\":1000,\"caption\":\"Parches Contorno de Ojos Daily Ritual Bioline Jat\u00f3\"},{\"@type\":\"BreadcrumbList\",\"@id\":\"https:\/\/tiendacoquett.es\/producto\/parches-contorno-de-ojos-daily-ritual-bioline-jato\/#breadcrumb\",\"itemListElement\":[{\"@type\":\"ListItem\",\"position\":1,\"name\":\"Portada\",\"item\":\"https:\/\/tiendacoquett.es\/\"},{\"@type\":\"ListItem\",\"position\":2,\"name\":\"Tienda\",\"item\":\"https:\/\/tiendacoquett.es\/tienda\/\"},{\"@type\":\"ListItem\",\"position\":3,\"name\":\"Parches Contorno de Ojos Daily Ritual Bioline Jat\u00f3\"}]},{\"@type\":\"WebSite\",\"@id\":\"https:\/\/tiendacoquett.es\/#website\",\"url\":\"https:\/\/tiendacoquett.es\/\",\"name\":\"Coquett - Tienda Online\",\"description\":\"Tratamientos &amp; Productos\",\"potentialAction\":[{\"@type\":\"SearchAction\",\"target\":{\"@type\":\"EntryPoint\",\"urlTemplate\":\"https:\/\/tiendacoquett.es\/?s={search_term_string}\"},\"query-input\":{\"@type\":\"PropertyValueSpecification\",\"valueRequired\":true,\"valueName\":\"search_term_string\"}}],\"inLanguage\":\"en-GB\"}]}<\/script>\n<!-- \/ Yoast SEO plugin. -->","yoast_head_json":{"title":"Parches Contorno de Ojos Daily Ritual Bioline Jat\u00f3 - Coquett - Tienda Online","robots":{"index":"index","follow":"follow","max-snippet":"max-snippet:-1","max-image-preview":"max-image-preview:large","max-video-preview":"max-video-preview:-1"},"canonical":"https:\/\/tiendacoquett.es\/en\/product\/parches-contorno-de-ojos-daily-ritual-bioline-jato\/","og_locale":"en_GB","og_type":"article","og_title":"Parches Contorno de Ojos Daily Ritual Bioline Jat\u00f3 - Coquett - Tienda Online","og_description":"Una m\u00e1scara de parche, potenciador de vitalidad e hidrataci\u00f3n que ofrece alivio inmediato a los ojos cansados, marcados por bolsas y ojeras Apto para todo tipo de pieles Tama\u00f1o: 1 par Ingredientes: P\u00e9ptido \u00c1rtico, Agua de Manzanilla Destilada, Extracto de Regaliz, Extracto de \u00c1rnica","og_url":"https:\/\/tiendacoquett.es\/en\/product\/parches-contorno-de-ojos-daily-ritual-bioline-jato\/","og_site_name":"Coquett - Tienda Online","article_modified_time":"2024-03-29T18:33:31+00:00","og_image":[{"width":600,"height":1000,"url":"https:\/\/tiendacoquett.es\/wp-content\/uploads\/2023\/10\/Parches-Contorno-de-Ojos-Daily-Ritual-Bioline-Jato.png","type":"image\/png"}],"twitter_card":"summary_large_image","schema":{"@context":"https:\/\/schema.org","@graph":[{"@type":"WebPage","@id":"https:\/\/tiendacoquett.es\/producto\/parches-contorno-de-ojos-daily-ritual-bioline-jato\/","url":"https:\/\/tiendacoquett.es\/producto\/parches-contorno-de-ojos-daily-ritual-bioline-jato\/","name":"Parches Contorno de Ojos Daily Ritual Bioline Jat\u00f3 - Coquett - Tienda Online","isPartOf":{"@id":"https:\/\/tiendacoquett.es\/#website"},"primaryImageOfPage":{"@id":"https:\/\/tiendacoquett.es\/producto\/parches-contorno-de-ojos-daily-ritual-bioline-jato\/#primaryimage"},"image":{"@id":"https:\/\/tiendacoquett.es\/producto\/parches-contorno-de-ojos-daily-ritual-bioline-jato\/#primaryimage"},"thumbnailUrl":"https:\/\/tiendacoquett.es\/wp-content\/uploads\/2023\/10\/Parches-Contorno-de-Ojos-Daily-Ritual-Bioline-Jato.png","datePublished":"2023-10-24T10:27:24+00:00","dateModified":"2024-03-29T18:33:31+00:00","breadcrumb":{"@id":"https:\/\/tiendacoquett.es\/producto\/parches-contorno-de-ojos-daily-ritual-bioline-jato\/#breadcrumb"},"inLanguage":"en-GB","potentialAction":[{"@type":"ReadAction","target":["https:\/\/tiendacoquett.es\/producto\/parches-contorno-de-ojos-daily-ritual-bioline-jato\/"]}]},{"@type":"ImageObject","inLanguage":"en-GB","@id":"https:\/\/tiendacoquett.es\/producto\/parches-contorno-de-ojos-daily-ritual-bioline-jato\/#primaryimage","url":"https:\/\/tiendacoquett.es\/wp-content\/uploads\/2023\/10\/Parches-Contorno-de-Ojos-Daily-Ritual-Bioline-Jato.png","contentUrl":"https:\/\/tiendacoquett.es\/wp-content\/uploads\/2023\/10\/Parches-Contorno-de-Ojos-Daily-Ritual-Bioline-Jato.png","width":600,"height":1000,"caption":"Parches Contorno de Ojos Daily Ritual Bioline Jat\u00f3"},{"@type":"BreadcrumbList","@id":"https:\/\/tiendacoquett.es\/producto\/parches-contorno-de-ojos-daily-ritual-bioline-jato\/#breadcrumb","itemListElement":[{"@type":"ListItem","position":1,"name":"Portada","item":"https:\/\/tiendacoquett.es\/"},{"@type":"ListItem","position":2,"name":"Tienda","item":"https:\/\/tiendacoquett.es\/tienda\/"},{"@type":"ListItem","position":3,"name":"Parches Contorno de Ojos Daily Ritual Bioline Jat\u00f3"}]},{"@type":"WebSite","@id":"https:\/\/tiendacoquett.es\/#website","url":"https:\/\/tiendacoquett.es\/","name":"Coquett - Tienda Online","description":"Tratamientos &amp; Productos","potentialAction":[{"@type":"SearchAction","target":{"@type":"EntryPoint","urlTemplate":"https:\/\/tiendacoquett.es\/?s={search_term_string}"},"query-input":{"@type":"PropertyValueSpecification","valueRequired":true,"valueName":"search_term_string"}}],"inLanguage":"en-GB"}]}},"_links":{"self":[{"href":"https:\/\/tiendacoquett.es\/en\/wp-json\/wp\/v2\/product\/9073","targetHints":{"allow":["GET"]}}],"collection":[{"href":"https:\/\/tiendacoquett.es\/en\/wp-json\/wp\/v2\/product"}],"about":[{"href":"https:\/\/tiendacoquett.es\/en\/wp-json\/wp\/v2\/types\/product"}],"replies":[{"embeddable":true,"href":"https:\/\/tiendacoquett.es\/en\/wp-json\/wp\/v2\/comments?post=9073"}],"version-history":[{"count":5,"href":"https:\/\/tiendacoquett.es\/en\/wp-json\/wp\/v2\/product\/9073\/revisions"}],"predecessor-version":[{"id":9883,"href":"https:\/\/tiendacoquett.es\/en\/wp-json\/wp\/v2\/product\/9073\/revisions\/9883"}],"wp:featuredmedia":[{"embeddable":true,"href":"https:\/\/tiendacoquett.es\/en\/wp-json\/wp\/v2\/media\/9074"}],"wp:attachment":[{"href":"https:\/\/tiendacoquett.es\/en\/wp-json\/wp\/v2\/media?parent=9073"}],"wp:term":[{"taxonomy":"product_brand","embeddable":true,"href":"https:\/\/tiendacoquett.es\/en\/wp-json\/wp\/v2\/product_brand?post=9073"},{"taxonomy":"product_cat","embeddable":true,"href":"https:\/\/tiendacoquett.es\/en\/wp-json\/wp\/v2\/product_cat?post=9073"},{"taxonomy":"product_tag","embeddable":true,"href":"https:\/\/tiendacoquett.es\/en\/wp-json\/wp\/v2\/product_tag?post=9073"}],"curies":[{"name":"wp","href":"https:\/\/api.w.org\/{rel}","templated":true}]}}