{"id":9140,"date":"2023-10-25T18:25:42","date_gmt":"2023-10-25T18:25:42","guid":{"rendered":"https:\/\/tiendacoquett.es\/?post_type=product&#038;p=9140"},"modified":"2024-03-29T18:52:34","modified_gmt":"2024-03-29T18:52:34","slug":"blemish-balm-dr-schrammek","status":"publish","type":"product","link":"https:\/\/tiendacoquett.es\/en\/product\/blemish-balm-dr-schrammek\/","title":{"rendered":"Blemish Balm Dr. Schrammek"},"content":{"rendered":"","protected":false},"excerpt":{"rendered":"<p style=\"text-align: left;\"><strong>B\u00e1lsamo calmante y cubriente para pieles irritadas y enrojecidas<\/strong><\/p>\n<p style=\"text-align: left;\">Un preparado especial para pieles irritadas, con poros dilatados e imperfecciones. El pantenol y bisabolol calman las pieles irritadas y enrojecidas. Estas rojeces e impurezas desaparecen m\u00e1s r\u00e1pidamente y se pueden cubrir de manera \u00f3ptima y uniforme con estas cremas de color. Deja la piel suavemente masificada con una agradable sensaci\u00f3n no grasa. La textura deja la piel limpia y sin imperfecciones<\/p>\n<p style=\"text-align: left;\"><strong>Tama\u00f1o:<\/strong> 40 ml<\/p>\n<p style=\"text-align: left;\"><strong>Modo de empleo:<\/strong> aplicar con la piel perfectamente limpia<\/p>","protected":false},"featured_media":9141,"comment_status":"open","ping_status":"closed","template":"","meta":[],"product_brand":[],"product_cat":[84,87,167,173],"product_tag":[],"class_list":{"0":"post-9140","1":"product","2":"type-product","3":"status-publish","4":"has-post-thumbnail","6":"product_cat-facial","7":"product_cat-cremas","8":"product_cat-piel-sensible-y-reactiva","9":"product_cat-peeling-vegetal","11":"first","12":"instock","13":"shipping-taxable","14":"purchasable","15":"product-type-simple"},"yoast_head":"<!-- This site is optimized with the Yoast SEO plugin v25.4 - https:\/\/yoast.com\/wordpress\/plugins\/seo\/ -->\n<title>Blemish Balm Dr. Schrammek - Coquett - Tienda Online<\/title>\n<meta name=\"robots\" content=\"index, follow, max-snippet:-1, max-image-preview:large, max-video-preview:-1\" \/>\n<link rel=\"canonical\" href=\"https:\/\/tiendacoquett.es\/en\/product\/blemish-balm-dr-schrammek\/\" \/>\n<meta property=\"og:locale\" content=\"en_GB\" \/>\n<meta property=\"og:type\" content=\"article\" \/>\n<meta property=\"og:title\" content=\"Blemish Balm Dr. Schrammek - Coquett - Tienda Online\" \/>\n<meta property=\"og:description\" content=\"B\u00e1lsamo calmante y cubriente para pieles irritadas y enrojecidas Un preparado especial para pieles irritadas, con poros dilatados e imperfecciones. El pantenol y bisabolol calman las pieles irritadas y enrojecidas. Estas rojeces e impurezas desaparecen m\u00e1s r\u00e1pidamente y se pueden cubrir de manera \u00f3ptima y uniforme con estas cremas de color. Deja la piel suavemente masificada con una agradable sensaci\u00f3n no grasa. La textura deja la piel limpia y sin imperfecciones Tama\u00f1o: 40 ml Modo de empleo: aplicar con la piel perfectamente limpia\" \/>\n<meta property=\"og:url\" content=\"https:\/\/tiendacoquett.es\/en\/product\/blemish-balm-dr-schrammek\/\" \/>\n<meta property=\"og:site_name\" content=\"Coquett - Tienda Online\" \/>\n<meta property=\"article:modified_time\" content=\"2024-03-29T18:52:34+00:00\" \/>\n<meta property=\"og:image\" content=\"https:\/\/tiendacoquett.es\/wp-content\/uploads\/2023\/10\/Blemish-Balm-Dr.-Schrammek.jpg\" \/>\n\t<meta property=\"og:image:width\" content=\"600\" \/>\n\t<meta property=\"og:image:height\" content=\"1000\" \/>\n\t<meta property=\"og:image:type\" content=\"image\/jpeg\" \/>\n<meta name=\"twitter:card\" content=\"summary_large_image\" \/>\n<script type=\"application\/ld+json\" class=\"yoast-schema-graph\">{\"@context\":\"https:\/\/schema.org\",\"@graph\":[{\"@type\":\"WebPage\",\"@id\":\"https:\/\/tiendacoquett.es\/producto\/blemish-balm-dr-schrammek\/\",\"url\":\"https:\/\/tiendacoquett.es\/producto\/blemish-balm-dr-schrammek\/\",\"name\":\"Blemish Balm Dr. Schrammek - Coquett - Tienda Online\",\"isPartOf\":{\"@id\":\"https:\/\/tiendacoquett.es\/#website\"},\"primaryImageOfPage\":{\"@id\":\"https:\/\/tiendacoquett.es\/producto\/blemish-balm-dr-schrammek\/#primaryimage\"},\"image\":{\"@id\":\"https:\/\/tiendacoquett.es\/producto\/blemish-balm-dr-schrammek\/#primaryimage\"},\"thumbnailUrl\":\"https:\/\/tiendacoquett.es\/wp-content\/uploads\/2023\/10\/Blemish-Balm-Dr.-Schrammek.jpg\",\"datePublished\":\"2023-10-25T18:25:42+00:00\",\"dateModified\":\"2024-03-29T18:52:34+00:00\",\"breadcrumb\":{\"@id\":\"https:\/\/tiendacoquett.es\/producto\/blemish-balm-dr-schrammek\/#breadcrumb\"},\"inLanguage\":\"en-GB\",\"potentialAction\":[{\"@type\":\"ReadAction\",\"target\":[\"https:\/\/tiendacoquett.es\/producto\/blemish-balm-dr-schrammek\/\"]}]},{\"@type\":\"ImageObject\",\"inLanguage\":\"en-GB\",\"@id\":\"https:\/\/tiendacoquett.es\/producto\/blemish-balm-dr-schrammek\/#primaryimage\",\"url\":\"https:\/\/tiendacoquett.es\/wp-content\/uploads\/2023\/10\/Blemish-Balm-Dr.-Schrammek.jpg\",\"contentUrl\":\"https:\/\/tiendacoquett.es\/wp-content\/uploads\/2023\/10\/Blemish-Balm-Dr.-Schrammek.jpg\",\"width\":600,\"height\":1000,\"caption\":\"Blemish Balm Dr. Schrammek\"},{\"@type\":\"BreadcrumbList\",\"@id\":\"https:\/\/tiendacoquett.es\/producto\/blemish-balm-dr-schrammek\/#breadcrumb\",\"itemListElement\":[{\"@type\":\"ListItem\",\"position\":1,\"name\":\"Portada\",\"item\":\"https:\/\/tiendacoquett.es\/\"},{\"@type\":\"ListItem\",\"position\":2,\"name\":\"Tienda\",\"item\":\"https:\/\/tiendacoquett.es\/tienda\/\"},{\"@type\":\"ListItem\",\"position\":3,\"name\":\"Blemish Balm Dr. Schrammek\"}]},{\"@type\":\"WebSite\",\"@id\":\"https:\/\/tiendacoquett.es\/#website\",\"url\":\"https:\/\/tiendacoquett.es\/\",\"name\":\"Coquett - Tienda Online\",\"description\":\"Tratamientos &amp; Productos\",\"potentialAction\":[{\"@type\":\"SearchAction\",\"target\":{\"@type\":\"EntryPoint\",\"urlTemplate\":\"https:\/\/tiendacoquett.es\/?s={search_term_string}\"},\"query-input\":{\"@type\":\"PropertyValueSpecification\",\"valueRequired\":true,\"valueName\":\"search_term_string\"}}],\"inLanguage\":\"en-GB\"}]}<\/script>\n<!-- \/ Yoast SEO plugin. -->","yoast_head_json":{"title":"Blemish Balm Dr. Schrammek - Coquett - Tienda Online","robots":{"index":"index","follow":"follow","max-snippet":"max-snippet:-1","max-image-preview":"max-image-preview:large","max-video-preview":"max-video-preview:-1"},"canonical":"https:\/\/tiendacoquett.es\/en\/product\/blemish-balm-dr-schrammek\/","og_locale":"en_GB","og_type":"article","og_title":"Blemish Balm Dr. Schrammek - Coquett - Tienda Online","og_description":"B\u00e1lsamo calmante y cubriente para pieles irritadas y enrojecidas Un preparado especial para pieles irritadas, con poros dilatados e imperfecciones. El pantenol y bisabolol calman las pieles irritadas y enrojecidas. Estas rojeces e impurezas desaparecen m\u00e1s r\u00e1pidamente y se pueden cubrir de manera \u00f3ptima y uniforme con estas cremas de color. Deja la piel suavemente masificada con una agradable sensaci\u00f3n no grasa. La textura deja la piel limpia y sin imperfecciones Tama\u00f1o: 40 ml Modo de empleo: aplicar con la piel perfectamente limpia","og_url":"https:\/\/tiendacoquett.es\/en\/product\/blemish-balm-dr-schrammek\/","og_site_name":"Coquett - Tienda Online","article_modified_time":"2024-03-29T18:52:34+00:00","og_image":[{"width":600,"height":1000,"url":"https:\/\/tiendacoquett.es\/wp-content\/uploads\/2023\/10\/Blemish-Balm-Dr.-Schrammek.jpg","type":"image\/jpeg"}],"twitter_card":"summary_large_image","schema":{"@context":"https:\/\/schema.org","@graph":[{"@type":"WebPage","@id":"https:\/\/tiendacoquett.es\/producto\/blemish-balm-dr-schrammek\/","url":"https:\/\/tiendacoquett.es\/producto\/blemish-balm-dr-schrammek\/","name":"Blemish Balm Dr. Schrammek - Coquett - Tienda Online","isPartOf":{"@id":"https:\/\/tiendacoquett.es\/#website"},"primaryImageOfPage":{"@id":"https:\/\/tiendacoquett.es\/producto\/blemish-balm-dr-schrammek\/#primaryimage"},"image":{"@id":"https:\/\/tiendacoquett.es\/producto\/blemish-balm-dr-schrammek\/#primaryimage"},"thumbnailUrl":"https:\/\/tiendacoquett.es\/wp-content\/uploads\/2023\/10\/Blemish-Balm-Dr.-Schrammek.jpg","datePublished":"2023-10-25T18:25:42+00:00","dateModified":"2024-03-29T18:52:34+00:00","breadcrumb":{"@id":"https:\/\/tiendacoquett.es\/producto\/blemish-balm-dr-schrammek\/#breadcrumb"},"inLanguage":"en-GB","potentialAction":[{"@type":"ReadAction","target":["https:\/\/tiendacoquett.es\/producto\/blemish-balm-dr-schrammek\/"]}]},{"@type":"ImageObject","inLanguage":"en-GB","@id":"https:\/\/tiendacoquett.es\/producto\/blemish-balm-dr-schrammek\/#primaryimage","url":"https:\/\/tiendacoquett.es\/wp-content\/uploads\/2023\/10\/Blemish-Balm-Dr.-Schrammek.jpg","contentUrl":"https:\/\/tiendacoquett.es\/wp-content\/uploads\/2023\/10\/Blemish-Balm-Dr.-Schrammek.jpg","width":600,"height":1000,"caption":"Blemish Balm Dr. Schrammek"},{"@type":"BreadcrumbList","@id":"https:\/\/tiendacoquett.es\/producto\/blemish-balm-dr-schrammek\/#breadcrumb","itemListElement":[{"@type":"ListItem","position":1,"name":"Portada","item":"https:\/\/tiendacoquett.es\/"},{"@type":"ListItem","position":2,"name":"Tienda","item":"https:\/\/tiendacoquett.es\/tienda\/"},{"@type":"ListItem","position":3,"name":"Blemish Balm Dr. Schrammek"}]},{"@type":"WebSite","@id":"https:\/\/tiendacoquett.es\/#website","url":"https:\/\/tiendacoquett.es\/","name":"Coquett - Tienda Online","description":"Tratamientos &amp; Productos","potentialAction":[{"@type":"SearchAction","target":{"@type":"EntryPoint","urlTemplate":"https:\/\/tiendacoquett.es\/?s={search_term_string}"},"query-input":{"@type":"PropertyValueSpecification","valueRequired":true,"valueName":"search_term_string"}}],"inLanguage":"en-GB"}]}},"_links":{"self":[{"href":"https:\/\/tiendacoquett.es\/en\/wp-json\/wp\/v2\/product\/9140","targetHints":{"allow":["GET"]}}],"collection":[{"href":"https:\/\/tiendacoquett.es\/en\/wp-json\/wp\/v2\/product"}],"about":[{"href":"https:\/\/tiendacoquett.es\/en\/wp-json\/wp\/v2\/types\/product"}],"replies":[{"embeddable":true,"href":"https:\/\/tiendacoquett.es\/en\/wp-json\/wp\/v2\/comments?post=9140"}],"version-history":[{"count":5,"href":"https:\/\/tiendacoquett.es\/en\/wp-json\/wp\/v2\/product\/9140\/revisions"}],"predecessor-version":[{"id":9893,"href":"https:\/\/tiendacoquett.es\/en\/wp-json\/wp\/v2\/product\/9140\/revisions\/9893"}],"wp:featuredmedia":[{"embeddable":true,"href":"https:\/\/tiendacoquett.es\/en\/wp-json\/wp\/v2\/media\/9141"}],"wp:attachment":[{"href":"https:\/\/tiendacoquett.es\/en\/wp-json\/wp\/v2\/media?parent=9140"}],"wp:term":[{"taxonomy":"product_brand","embeddable":true,"href":"https:\/\/tiendacoquett.es\/en\/wp-json\/wp\/v2\/product_brand?post=9140"},{"taxonomy":"product_cat","embeddable":true,"href":"https:\/\/tiendacoquett.es\/en\/wp-json\/wp\/v2\/product_cat?post=9140"},{"taxonomy":"product_tag","embeddable":true,"href":"https:\/\/tiendacoquett.es\/en\/wp-json\/wp\/v2\/product_tag?post=9140"}],"curies":[{"name":"wp","href":"https:\/\/api.w.org\/{rel}","templated":true}]}}