{"id":9518,"date":"2024-02-22T00:07:49","date_gmt":"2024-02-22T00:07:49","guid":{"rendered":"https:\/\/tiendacoquett.es\/?post_type=product&#038;p=9518"},"modified":"2024-04-23T15:44:48","modified_gmt":"2024-04-23T15:44:48","slug":"skinident-vitamin-cream-oily-and-normal-skin","status":"publish","type":"product","link":"https:\/\/tiendacoquett.es\/en\/product\/skinident-vitamin-cream-oily-and-normal-skin\/","title":{"rendered":"SkinIdent Vitamin Cream oily and normal skin"},"content":{"rendered":"","protected":false},"excerpt":{"rendered":"<p style=\"text-align: left;\">En esta crema de muy alta eficacia, las vitaminas E, A y C, la biotina (vitamina H) y la provitamina B5, contribuyen a proteger y regenerar la piel al mismo tiempo. Este cometido se favorece eficazmente gracias a la lecitina, alanto\u00edna y al \u00e1cido hialur\u00f3nico.<\/p>\n<p style=\"text-align: left;\"><strong>Tipo de piel:<\/strong>\u00a0ideal para pieles normales a grasas<\/p>\n<p style=\"text-align: left;\"><strong>Tama\u00f1o envase:<\/strong> 30 ml<\/p>\n<p style=\"text-align: left;\"><strong>Importante recomendaci\u00f3n:<\/strong><\/p>\n<p style=\"text-align: left;\">No se deben emplear otros productos diferentes a los de SkinIdent\u00ae para la limpieza y el cuidado de la piel. Dado que otros productos suelen incluir ingredientes poco adecuados, como son los aceites minerales del petr\u00f3leo, fragancias y conservantes qu\u00edmicos, estos pueden perjudicar seriamente la eficacia y la compatibilidad de los liposomas e incluso anularla completamente.<\/p>\n<p style=\"text-align: left;\">Debido a la alta concentraci\u00f3n de principios activos en los productos de la l\u00ednea SkinIdent\u00ae, se recomienda la aplicaci\u00f3n de \u00fanicamente 1\/4 parte de la cantidad \u00a0que se acostumbra a emplear con otros productos.<\/p>\n<p style=\"text-align: left;\"><strong>INCI:<\/strong> <em>Aqua, Caprylic\/Capric Triglyceride, Glycerin, Alcohol, Urea, Glyceryl Stearate, D-alpha-Tocopheryl Acetate, Hydrogenated Phosphatidylcholine, Panthenol, Vegetable Oil, Stearyl Alcohol, Squalene, D-mixed-Tocopherols, Retinyl Palmitate, Sodium Ascorbyl Phosphate, Niacinamide, Biotin, L-Prolin, Lactic Acid, Sodium Hyaluronate, Allantoin, Citric Acid, Sodium Hydroxide<\/em><\/p>\n<p style=\"text-align: left;\">\n<div><\/div>\n<p><a href=\"https:\/\/wa.me\/34633964649\"><img decoding=\"async\" class=\"wp-image-10119 alignleft\" src=\"https:\/\/tiendacoquett.es\/wp-content\/uploads\/2024\/03\/Contacta-por-whatsapp1.png\" alt=\"\" width=\"234\" height=\"83\" srcset=\"https:\/\/tiendacoquett.es\/wp-content\/uploads\/2024\/03\/Contacta-por-whatsapp1.png 234w, https:\/\/tiendacoquett.es\/wp-content\/uploads\/2024\/03\/Contacta-por-whatsapp1-150x53.png 150w\" sizes=\"(max-width: 234px) 100vw, 234px\" \/><\/a><\/p>","protected":false},"featured_media":9557,"comment_status":"open","ping_status":"closed","template":"","meta":[],"product_brand":[],"product_cat":[84,87,73,76,78,82],"product_tag":[],"class_list":{"0":"post-9518","1":"product","2":"type-product","3":"status-publish","4":"has-post-thumbnail","6":"product_cat-facial","7":"product_cat-cremas","8":"product_cat-arrugas-y-flacidez","9":"product_cat-hidratacion-y-nutricion","10":"product_cat-luminosidad","11":"product_cat-prevencion-de-arrugas","13":"first","14":"instock","15":"shipping-taxable","16":"product-type-simple"},"yoast_head":"<!-- This site is optimized with the Yoast SEO plugin v25.4 - https:\/\/yoast.com\/wordpress\/plugins\/seo\/ -->\n<title>SkinIdent Vitamin Cream oily and normal skin - Coquett - Tienda Online<\/title>\n<meta name=\"robots\" content=\"index, follow, max-snippet:-1, max-image-preview:large, max-video-preview:-1\" \/>\n<link rel=\"canonical\" href=\"https:\/\/tiendacoquett.es\/en\/product\/skinident-vitamin-cream-oily-and-normal-skin\/\" \/>\n<meta property=\"og:locale\" content=\"en_GB\" \/>\n<meta property=\"og:type\" content=\"article\" \/>\n<meta property=\"og:title\" content=\"SkinIdent Vitamin Cream oily and normal skin - Coquett - Tienda Online\" \/>\n<meta property=\"og:description\" content=\"En esta crema de muy alta eficacia, las vitaminas E, A y C, la biotina (vitamina H) y la provitamina B5, contribuyen a proteger y regenerar la piel al mismo tiempo. Este cometido se favorece eficazmente gracias a la lecitina, alanto\u00edna y al \u00e1cido hialur\u00f3nico. Tipo de piel:\u00a0ideal para pieles normales a grasas Tama\u00f1o envase: 30 ml Importante recomendaci\u00f3n: No se deben emplear otros productos diferentes a los de SkinIdent\u00ae para la limpieza y el cuidado de la piel. Dado que otros productos suelen incluir ingredientes poco adecuados, como son los aceites minerales del petr\u00f3leo, fragancias y conservantes qu\u00edmicos, estos pueden perjudicar seriamente la eficacia y la compatibilidad de los liposomas e incluso anularla completamente. Debido a la alta concentraci\u00f3n de principios activos en los productos de la l\u00ednea SkinIdent\u00ae, se recomienda la aplicaci\u00f3n de \u00fanicamente 1\/4 parte de la cantidad \u00a0que se acostumbra a emplear con otros productos. INCI: Aqua, Caprylic\/Capric Triglyceride, Glycerin, Alcohol, Urea, Glyceryl Stearate, D-alpha-Tocopheryl Acetate, Hydrogenated Phosphatidylcholine, Panthenol, Vegetable Oil, Stearyl Alcohol, Squalene, D-mixed-Tocopherols, Retinyl Palmitate, Sodium Ascorbyl Phosphate, Niacinamide, Biotin, L-Prolin, Lactic Acid, Sodium Hyaluronate, Allantoin, Citric Acid, Sodium Hydroxide\" \/>\n<meta property=\"og:url\" content=\"https:\/\/tiendacoquett.es\/en\/product\/skinident-vitamin-cream-oily-and-normal-skin\/\" \/>\n<meta property=\"og:site_name\" content=\"Coquett - Tienda Online\" \/>\n<meta property=\"article:modified_time\" content=\"2024-04-23T15:44:48+00:00\" \/>\n<meta property=\"og:image\" content=\"https:\/\/tiendacoquett.es\/wp-content\/uploads\/2024\/02\/SkinIdent-Ceramid-Cream-oily-and-normal-skin.png\" \/>\n\t<meta property=\"og:image:width\" content=\"600\" \/>\n\t<meta property=\"og:image:height\" content=\"1000\" \/>\n\t<meta property=\"og:image:type\" content=\"image\/png\" \/>\n<meta name=\"twitter:card\" content=\"summary_large_image\" \/>\n<script type=\"application\/ld+json\" class=\"yoast-schema-graph\">{\"@context\":\"https:\/\/schema.org\",\"@graph\":[{\"@type\":\"WebPage\",\"@id\":\"https:\/\/tiendacoquett.es\/producto\/skinident-vitamin-cream-oily-and-normal-skin\/\",\"url\":\"https:\/\/tiendacoquett.es\/producto\/skinident-vitamin-cream-oily-and-normal-skin\/\",\"name\":\"SkinIdent Vitamin Cream oily and normal skin - Coquett - Tienda Online\",\"isPartOf\":{\"@id\":\"https:\/\/tiendacoquett.es\/#website\"},\"primaryImageOfPage\":{\"@id\":\"https:\/\/tiendacoquett.es\/producto\/skinident-vitamin-cream-oily-and-normal-skin\/#primaryimage\"},\"image\":{\"@id\":\"https:\/\/tiendacoquett.es\/producto\/skinident-vitamin-cream-oily-and-normal-skin\/#primaryimage\"},\"thumbnailUrl\":\"https:\/\/tiendacoquett.es\/wp-content\/uploads\/2024\/02\/SkinIdent-Ceramid-Cream-oily-and-normal-skin.png\",\"datePublished\":\"2024-02-22T00:07:49+00:00\",\"dateModified\":\"2024-04-23T15:44:48+00:00\",\"breadcrumb\":{\"@id\":\"https:\/\/tiendacoquett.es\/producto\/skinident-vitamin-cream-oily-and-normal-skin\/#breadcrumb\"},\"inLanguage\":\"en-GB\",\"potentialAction\":[{\"@type\":\"ReadAction\",\"target\":[\"https:\/\/tiendacoquett.es\/producto\/skinident-vitamin-cream-oily-and-normal-skin\/\"]}]},{\"@type\":\"ImageObject\",\"inLanguage\":\"en-GB\",\"@id\":\"https:\/\/tiendacoquett.es\/producto\/skinident-vitamin-cream-oily-and-normal-skin\/#primaryimage\",\"url\":\"https:\/\/tiendacoquett.es\/wp-content\/uploads\/2024\/02\/SkinIdent-Ceramid-Cream-oily-and-normal-skin.png\",\"contentUrl\":\"https:\/\/tiendacoquett.es\/wp-content\/uploads\/2024\/02\/SkinIdent-Ceramid-Cream-oily-and-normal-skin.png\",\"width\":600,\"height\":1000,\"caption\":\"SkinIdent Ceramid Cream oily and normal skin\"},{\"@type\":\"BreadcrumbList\",\"@id\":\"https:\/\/tiendacoquett.es\/producto\/skinident-vitamin-cream-oily-and-normal-skin\/#breadcrumb\",\"itemListElement\":[{\"@type\":\"ListItem\",\"position\":1,\"name\":\"Portada\",\"item\":\"https:\/\/tiendacoquett.es\/\"},{\"@type\":\"ListItem\",\"position\":2,\"name\":\"Tienda\",\"item\":\"https:\/\/tiendacoquett.es\/tienda\/\"},{\"@type\":\"ListItem\",\"position\":3,\"name\":\"SkinIdent Vitamin Cream oily and normal skin\"}]},{\"@type\":\"WebSite\",\"@id\":\"https:\/\/tiendacoquett.es\/#website\",\"url\":\"https:\/\/tiendacoquett.es\/\",\"name\":\"Coquett - Tienda Online\",\"description\":\"Tratamientos &amp; Productos\",\"potentialAction\":[{\"@type\":\"SearchAction\",\"target\":{\"@type\":\"EntryPoint\",\"urlTemplate\":\"https:\/\/tiendacoquett.es\/?s={search_term_string}\"},\"query-input\":{\"@type\":\"PropertyValueSpecification\",\"valueRequired\":true,\"valueName\":\"search_term_string\"}}],\"inLanguage\":\"en-GB\"}]}<\/script>\n<!-- \/ Yoast SEO plugin. -->","yoast_head_json":{"title":"SkinIdent Vitamin Cream oily and normal skin - Coquett - Tienda Online","robots":{"index":"index","follow":"follow","max-snippet":"max-snippet:-1","max-image-preview":"max-image-preview:large","max-video-preview":"max-video-preview:-1"},"canonical":"https:\/\/tiendacoquett.es\/en\/product\/skinident-vitamin-cream-oily-and-normal-skin\/","og_locale":"en_GB","og_type":"article","og_title":"SkinIdent Vitamin Cream oily and normal skin - Coquett - Tienda Online","og_description":"En esta crema de muy alta eficacia, las vitaminas E, A y C, la biotina (vitamina H) y la provitamina B5, contribuyen a proteger y regenerar la piel al mismo tiempo. Este cometido se favorece eficazmente gracias a la lecitina, alanto\u00edna y al \u00e1cido hialur\u00f3nico. Tipo de piel:\u00a0ideal para pieles normales a grasas Tama\u00f1o envase: 30 ml Importante recomendaci\u00f3n: No se deben emplear otros productos diferentes a los de SkinIdent\u00ae para la limpieza y el cuidado de la piel. Dado que otros productos suelen incluir ingredientes poco adecuados, como son los aceites minerales del petr\u00f3leo, fragancias y conservantes qu\u00edmicos, estos pueden perjudicar seriamente la eficacia y la compatibilidad de los liposomas e incluso anularla completamente. Debido a la alta concentraci\u00f3n de principios activos en los productos de la l\u00ednea SkinIdent\u00ae, se recomienda la aplicaci\u00f3n de \u00fanicamente 1\/4 parte de la cantidad \u00a0que se acostumbra a emplear con otros productos. INCI: Aqua, Caprylic\/Capric Triglyceride, Glycerin, Alcohol, Urea, Glyceryl Stearate, D-alpha-Tocopheryl Acetate, Hydrogenated Phosphatidylcholine, Panthenol, Vegetable Oil, Stearyl Alcohol, Squalene, D-mixed-Tocopherols, Retinyl Palmitate, Sodium Ascorbyl Phosphate, Niacinamide, Biotin, L-Prolin, Lactic Acid, Sodium Hyaluronate, Allantoin, Citric Acid, Sodium Hydroxide","og_url":"https:\/\/tiendacoquett.es\/en\/product\/skinident-vitamin-cream-oily-and-normal-skin\/","og_site_name":"Coquett - Tienda Online","article_modified_time":"2024-04-23T15:44:48+00:00","og_image":[{"width":600,"height":1000,"url":"https:\/\/tiendacoquett.es\/wp-content\/uploads\/2024\/02\/SkinIdent-Ceramid-Cream-oily-and-normal-skin.png","type":"image\/png"}],"twitter_card":"summary_large_image","schema":{"@context":"https:\/\/schema.org","@graph":[{"@type":"WebPage","@id":"https:\/\/tiendacoquett.es\/producto\/skinident-vitamin-cream-oily-and-normal-skin\/","url":"https:\/\/tiendacoquett.es\/producto\/skinident-vitamin-cream-oily-and-normal-skin\/","name":"SkinIdent Vitamin Cream oily and normal skin - Coquett - Tienda Online","isPartOf":{"@id":"https:\/\/tiendacoquett.es\/#website"},"primaryImageOfPage":{"@id":"https:\/\/tiendacoquett.es\/producto\/skinident-vitamin-cream-oily-and-normal-skin\/#primaryimage"},"image":{"@id":"https:\/\/tiendacoquett.es\/producto\/skinident-vitamin-cream-oily-and-normal-skin\/#primaryimage"},"thumbnailUrl":"https:\/\/tiendacoquett.es\/wp-content\/uploads\/2024\/02\/SkinIdent-Ceramid-Cream-oily-and-normal-skin.png","datePublished":"2024-02-22T00:07:49+00:00","dateModified":"2024-04-23T15:44:48+00:00","breadcrumb":{"@id":"https:\/\/tiendacoquett.es\/producto\/skinident-vitamin-cream-oily-and-normal-skin\/#breadcrumb"},"inLanguage":"en-GB","potentialAction":[{"@type":"ReadAction","target":["https:\/\/tiendacoquett.es\/producto\/skinident-vitamin-cream-oily-and-normal-skin\/"]}]},{"@type":"ImageObject","inLanguage":"en-GB","@id":"https:\/\/tiendacoquett.es\/producto\/skinident-vitamin-cream-oily-and-normal-skin\/#primaryimage","url":"https:\/\/tiendacoquett.es\/wp-content\/uploads\/2024\/02\/SkinIdent-Ceramid-Cream-oily-and-normal-skin.png","contentUrl":"https:\/\/tiendacoquett.es\/wp-content\/uploads\/2024\/02\/SkinIdent-Ceramid-Cream-oily-and-normal-skin.png","width":600,"height":1000,"caption":"SkinIdent Ceramid Cream oily and normal skin"},{"@type":"BreadcrumbList","@id":"https:\/\/tiendacoquett.es\/producto\/skinident-vitamin-cream-oily-and-normal-skin\/#breadcrumb","itemListElement":[{"@type":"ListItem","position":1,"name":"Portada","item":"https:\/\/tiendacoquett.es\/"},{"@type":"ListItem","position":2,"name":"Tienda","item":"https:\/\/tiendacoquett.es\/tienda\/"},{"@type":"ListItem","position":3,"name":"SkinIdent Vitamin Cream oily and normal skin"}]},{"@type":"WebSite","@id":"https:\/\/tiendacoquett.es\/#website","url":"https:\/\/tiendacoquett.es\/","name":"Coquett - Tienda Online","description":"Tratamientos &amp; Productos","potentialAction":[{"@type":"SearchAction","target":{"@type":"EntryPoint","urlTemplate":"https:\/\/tiendacoquett.es\/?s={search_term_string}"},"query-input":{"@type":"PropertyValueSpecification","valueRequired":true,"valueName":"search_term_string"}}],"inLanguage":"en-GB"}]}},"_links":{"self":[{"href":"https:\/\/tiendacoquett.es\/en\/wp-json\/wp\/v2\/product\/9518","targetHints":{"allow":["GET"]}}],"collection":[{"href":"https:\/\/tiendacoquett.es\/en\/wp-json\/wp\/v2\/product"}],"about":[{"href":"https:\/\/tiendacoquett.es\/en\/wp-json\/wp\/v2\/types\/product"}],"replies":[{"embeddable":true,"href":"https:\/\/tiendacoquett.es\/en\/wp-json\/wp\/v2\/comments?post=9518"}],"version-history":[{"count":9,"href":"https:\/\/tiendacoquett.es\/en\/wp-json\/wp\/v2\/product\/9518\/revisions"}],"predecessor-version":[{"id":10150,"href":"https:\/\/tiendacoquett.es\/en\/wp-json\/wp\/v2\/product\/9518\/revisions\/10150"}],"wp:featuredmedia":[{"embeddable":true,"href":"https:\/\/tiendacoquett.es\/en\/wp-json\/wp\/v2\/media\/9557"}],"wp:attachment":[{"href":"https:\/\/tiendacoquett.es\/en\/wp-json\/wp\/v2\/media?parent=9518"}],"wp:term":[{"taxonomy":"product_brand","embeddable":true,"href":"https:\/\/tiendacoquett.es\/en\/wp-json\/wp\/v2\/product_brand?post=9518"},{"taxonomy":"product_cat","embeddable":true,"href":"https:\/\/tiendacoquett.es\/en\/wp-json\/wp\/v2\/product_cat?post=9518"},{"taxonomy":"product_tag","embeddable":true,"href":"https:\/\/tiendacoquett.es\/en\/wp-json\/wp\/v2\/product_tag?post=9518"}],"curies":[{"name":"wp","href":"https:\/\/api.w.org\/{rel}","templated":true}]}}