{"id":9604,"date":"2024-03-03T11:57:05","date_gmt":"2024-03-03T11:57:05","guid":{"rendered":"https:\/\/tiendacoquett.es\/?post_type=product&#038;p=9604"},"modified":"2024-04-24T08:20:57","modified_gmt":"2024-04-24T08:20:57","slug":"dr-baumann-zinc-cream","status":"publish","type":"product","link":"https:\/\/tiendacoquett.es\/en\/product\/dr-baumann-zinc-cream\/","title":{"rendered":"Dr Baumann Zinc Cream"},"content":{"rendered":"","protected":false},"excerpt":{"rendered":"<div class=\"row\">\n<div class=\"col\">\n<p style=\"text-align: left;\">Producto especial para disminuir y secar m\u00e1s r\u00e1pido las espinillas<\/p>\n<p style=\"text-align: left;\"><strong>Tama\u00f1o envase: <\/strong>15 ml<\/p>\n<p><a href=\"https:\/\/wa.me\/34633964649\"><img decoding=\"async\" class=\"wp-image-10119 alignleft\" src=\"https:\/\/tiendacoquett.es\/wp-content\/uploads\/2024\/03\/Contacta-por-whatsapp1.png\" alt=\"\" width=\"234\" height=\"83\" srcset=\"https:\/\/tiendacoquett.es\/wp-content\/uploads\/2024\/03\/Contacta-por-whatsapp1.png 234w, https:\/\/tiendacoquett.es\/wp-content\/uploads\/2024\/03\/Contacta-por-whatsapp1-150x53.png 150w\" sizes=\"(max-width: 234px) 100vw, 234px\" \/><\/a><\/p>\n<\/div>\n<\/div>","protected":false},"featured_media":9605,"comment_status":"open","ping_status":"closed","template":"","meta":[],"product_brand":[],"product_cat":[84,87,166],"product_tag":[],"class_list":{"0":"post-9604","1":"product","2":"type-product","3":"status-publish","4":"has-post-thumbnail","6":"product_cat-facial","7":"product_cat-cremas","8":"product_cat-piel-grasa-y-acne","10":"first","11":"instock","12":"shipping-taxable","13":"product-type-simple"},"yoast_head":"<!-- This site is optimized with the Yoast SEO plugin v25.4 - https:\/\/yoast.com\/wordpress\/plugins\/seo\/ -->\n<title>Dr Baumann Zinc Cream - Coquett - Tienda Online<\/title>\n<meta name=\"robots\" content=\"index, follow, max-snippet:-1, max-image-preview:large, max-video-preview:-1\" \/>\n<link rel=\"canonical\" href=\"https:\/\/tiendacoquett.es\/en\/product\/dr-baumann-zinc-cream\/\" \/>\n<meta property=\"og:locale\" content=\"en_GB\" \/>\n<meta property=\"og:type\" content=\"article\" \/>\n<meta property=\"og:title\" content=\"Dr Baumann Zinc Cream - Coquett - Tienda Online\" \/>\n<meta property=\"og:description\" content=\"Producto especial para disminuir y secar m\u00e1s r\u00e1pido las espinillas Tama\u00f1o envase: 15 ml\" \/>\n<meta property=\"og:url\" content=\"https:\/\/tiendacoquett.es\/en\/product\/dr-baumann-zinc-cream\/\" \/>\n<meta property=\"og:site_name\" content=\"Coquett - Tienda Online\" \/>\n<meta property=\"article:modified_time\" content=\"2024-04-24T08:20:57+00:00\" \/>\n<meta property=\"og:image\" content=\"https:\/\/tiendacoquett.es\/wp-content\/uploads\/2024\/03\/Dr-Baumann-Zinc-Cream.png\" \/>\n\t<meta property=\"og:image:width\" content=\"600\" \/>\n\t<meta property=\"og:image:height\" content=\"1000\" \/>\n\t<meta property=\"og:image:type\" content=\"image\/png\" \/>\n<meta name=\"twitter:card\" content=\"summary_large_image\" \/>\n<script type=\"application\/ld+json\" class=\"yoast-schema-graph\">{\"@context\":\"https:\/\/schema.org\",\"@graph\":[{\"@type\":\"WebPage\",\"@id\":\"https:\/\/tiendacoquett.es\/producto\/dr-baumann-zinc-cream\/\",\"url\":\"https:\/\/tiendacoquett.es\/producto\/dr-baumann-zinc-cream\/\",\"name\":\"Dr Baumann Zinc Cream - Coquett - Tienda Online\",\"isPartOf\":{\"@id\":\"https:\/\/tiendacoquett.es\/#website\"},\"primaryImageOfPage\":{\"@id\":\"https:\/\/tiendacoquett.es\/producto\/dr-baumann-zinc-cream\/#primaryimage\"},\"image\":{\"@id\":\"https:\/\/tiendacoquett.es\/producto\/dr-baumann-zinc-cream\/#primaryimage\"},\"thumbnailUrl\":\"https:\/\/tiendacoquett.es\/wp-content\/uploads\/2024\/03\/Dr-Baumann-Zinc-Cream.png\",\"datePublished\":\"2024-03-03T11:57:05+00:00\",\"dateModified\":\"2024-04-24T08:20:57+00:00\",\"breadcrumb\":{\"@id\":\"https:\/\/tiendacoquett.es\/producto\/dr-baumann-zinc-cream\/#breadcrumb\"},\"inLanguage\":\"en-GB\",\"potentialAction\":[{\"@type\":\"ReadAction\",\"target\":[\"https:\/\/tiendacoquett.es\/producto\/dr-baumann-zinc-cream\/\"]}]},{\"@type\":\"ImageObject\",\"inLanguage\":\"en-GB\",\"@id\":\"https:\/\/tiendacoquett.es\/producto\/dr-baumann-zinc-cream\/#primaryimage\",\"url\":\"https:\/\/tiendacoquett.es\/wp-content\/uploads\/2024\/03\/Dr-Baumann-Zinc-Cream.png\",\"contentUrl\":\"https:\/\/tiendacoquett.es\/wp-content\/uploads\/2024\/03\/Dr-Baumann-Zinc-Cream.png\",\"width\":600,\"height\":1000,\"caption\":\"Dr Baumann Zinc Cream\"},{\"@type\":\"BreadcrumbList\",\"@id\":\"https:\/\/tiendacoquett.es\/producto\/dr-baumann-zinc-cream\/#breadcrumb\",\"itemListElement\":[{\"@type\":\"ListItem\",\"position\":1,\"name\":\"Portada\",\"item\":\"https:\/\/tiendacoquett.es\/\"},{\"@type\":\"ListItem\",\"position\":2,\"name\":\"Tienda\",\"item\":\"https:\/\/tiendacoquett.es\/tienda\/\"},{\"@type\":\"ListItem\",\"position\":3,\"name\":\"Dr Baumann Zinc Cream\"}]},{\"@type\":\"WebSite\",\"@id\":\"https:\/\/tiendacoquett.es\/#website\",\"url\":\"https:\/\/tiendacoquett.es\/\",\"name\":\"Coquett - Tienda Online\",\"description\":\"Tratamientos &amp; Productos\",\"potentialAction\":[{\"@type\":\"SearchAction\",\"target\":{\"@type\":\"EntryPoint\",\"urlTemplate\":\"https:\/\/tiendacoquett.es\/?s={search_term_string}\"},\"query-input\":{\"@type\":\"PropertyValueSpecification\",\"valueRequired\":true,\"valueName\":\"search_term_string\"}}],\"inLanguage\":\"en-GB\"}]}<\/script>\n<!-- \/ Yoast SEO plugin. -->","yoast_head_json":{"title":"Dr Baumann Zinc Cream - Coquett - Tienda Online","robots":{"index":"index","follow":"follow","max-snippet":"max-snippet:-1","max-image-preview":"max-image-preview:large","max-video-preview":"max-video-preview:-1"},"canonical":"https:\/\/tiendacoquett.es\/en\/product\/dr-baumann-zinc-cream\/","og_locale":"en_GB","og_type":"article","og_title":"Dr Baumann Zinc Cream - Coquett - Tienda Online","og_description":"Producto especial para disminuir y secar m\u00e1s r\u00e1pido las espinillas Tama\u00f1o envase: 15 ml","og_url":"https:\/\/tiendacoquett.es\/en\/product\/dr-baumann-zinc-cream\/","og_site_name":"Coquett - Tienda Online","article_modified_time":"2024-04-24T08:20:57+00:00","og_image":[{"width":600,"height":1000,"url":"https:\/\/tiendacoquett.es\/wp-content\/uploads\/2024\/03\/Dr-Baumann-Zinc-Cream.png","type":"image\/png"}],"twitter_card":"summary_large_image","schema":{"@context":"https:\/\/schema.org","@graph":[{"@type":"WebPage","@id":"https:\/\/tiendacoquett.es\/producto\/dr-baumann-zinc-cream\/","url":"https:\/\/tiendacoquett.es\/producto\/dr-baumann-zinc-cream\/","name":"Dr Baumann Zinc Cream - Coquett - Tienda Online","isPartOf":{"@id":"https:\/\/tiendacoquett.es\/#website"},"primaryImageOfPage":{"@id":"https:\/\/tiendacoquett.es\/producto\/dr-baumann-zinc-cream\/#primaryimage"},"image":{"@id":"https:\/\/tiendacoquett.es\/producto\/dr-baumann-zinc-cream\/#primaryimage"},"thumbnailUrl":"https:\/\/tiendacoquett.es\/wp-content\/uploads\/2024\/03\/Dr-Baumann-Zinc-Cream.png","datePublished":"2024-03-03T11:57:05+00:00","dateModified":"2024-04-24T08:20:57+00:00","breadcrumb":{"@id":"https:\/\/tiendacoquett.es\/producto\/dr-baumann-zinc-cream\/#breadcrumb"},"inLanguage":"en-GB","potentialAction":[{"@type":"ReadAction","target":["https:\/\/tiendacoquett.es\/producto\/dr-baumann-zinc-cream\/"]}]},{"@type":"ImageObject","inLanguage":"en-GB","@id":"https:\/\/tiendacoquett.es\/producto\/dr-baumann-zinc-cream\/#primaryimage","url":"https:\/\/tiendacoquett.es\/wp-content\/uploads\/2024\/03\/Dr-Baumann-Zinc-Cream.png","contentUrl":"https:\/\/tiendacoquett.es\/wp-content\/uploads\/2024\/03\/Dr-Baumann-Zinc-Cream.png","width":600,"height":1000,"caption":"Dr Baumann Zinc Cream"},{"@type":"BreadcrumbList","@id":"https:\/\/tiendacoquett.es\/producto\/dr-baumann-zinc-cream\/#breadcrumb","itemListElement":[{"@type":"ListItem","position":1,"name":"Portada","item":"https:\/\/tiendacoquett.es\/"},{"@type":"ListItem","position":2,"name":"Tienda","item":"https:\/\/tiendacoquett.es\/tienda\/"},{"@type":"ListItem","position":3,"name":"Dr Baumann Zinc Cream"}]},{"@type":"WebSite","@id":"https:\/\/tiendacoquett.es\/#website","url":"https:\/\/tiendacoquett.es\/","name":"Coquett - Tienda Online","description":"Tratamientos &amp; Productos","potentialAction":[{"@type":"SearchAction","target":{"@type":"EntryPoint","urlTemplate":"https:\/\/tiendacoquett.es\/?s={search_term_string}"},"query-input":{"@type":"PropertyValueSpecification","valueRequired":true,"valueName":"search_term_string"}}],"inLanguage":"en-GB"}]}},"_links":{"self":[{"href":"https:\/\/tiendacoquett.es\/en\/wp-json\/wp\/v2\/product\/9604","targetHints":{"allow":["GET"]}}],"collection":[{"href":"https:\/\/tiendacoquett.es\/en\/wp-json\/wp\/v2\/product"}],"about":[{"href":"https:\/\/tiendacoquett.es\/en\/wp-json\/wp\/v2\/types\/product"}],"replies":[{"embeddable":true,"href":"https:\/\/tiendacoquett.es\/en\/wp-json\/wp\/v2\/comments?post=9604"}],"version-history":[{"count":4,"href":"https:\/\/tiendacoquett.es\/en\/wp-json\/wp\/v2\/product\/9604\/revisions"}],"predecessor-version":[{"id":10183,"href":"https:\/\/tiendacoquett.es\/en\/wp-json\/wp\/v2\/product\/9604\/revisions\/10183"}],"wp:featuredmedia":[{"embeddable":true,"href":"https:\/\/tiendacoquett.es\/en\/wp-json\/wp\/v2\/media\/9605"}],"wp:attachment":[{"href":"https:\/\/tiendacoquett.es\/en\/wp-json\/wp\/v2\/media?parent=9604"}],"wp:term":[{"taxonomy":"product_brand","embeddable":true,"href":"https:\/\/tiendacoquett.es\/en\/wp-json\/wp\/v2\/product_brand?post=9604"},{"taxonomy":"product_cat","embeddable":true,"href":"https:\/\/tiendacoquett.es\/en\/wp-json\/wp\/v2\/product_cat?post=9604"},{"taxonomy":"product_tag","embeddable":true,"href":"https:\/\/tiendacoquett.es\/en\/wp-json\/wp\/v2\/product_tag?post=9604"}],"curies":[{"name":"wp","href":"https:\/\/api.w.org\/{rel}","templated":true}]}}