{"id":9658,"date":"2024-03-12T21:46:34","date_gmt":"2024-03-12T21:46:34","guid":{"rendered":"https:\/\/tiendacoquett.es\/?post_type=product&#038;p=9658"},"modified":"2024-04-23T15:51:54","modified_gmt":"2024-04-23T15:51:54","slug":"dr-baumann-lotion-anti-comedo-ph-48","status":"publish","type":"product","link":"https:\/\/tiendacoquett.es\/en\/product\/dr-baumann-lotion-anti-comedo-ph-48\/","title":{"rendered":"Dr Baumann Lotion Anti Comedo pH 4,8"},"content":{"rendered":"","protected":false},"excerpt":{"rendered":"<div class=\"row\">\n<div class=\"col\">\n<div id=\"product-detail-stripped\">\n<div class=\"row\">\n<div class=\"col\">\n<div class=\"frame frame-default frame-type-text frame-layout-0\">\n<p style=\"text-align: left;\">Loci\u00f3n acuosa con alcohol, con un pH \u00e1cido de 4,8 para un tratamiento facial tras la retirada de los comedones. Tambi\u00e9n \u00f3ptima para tratar diversas impurezas de la piel<\/p>\n<p style=\"text-align: left;\"><strong>Tama\u00f1o envase: <\/strong>200 ml<\/p>\n<p style=\"text-align: left;\"><strong>INCI:<\/strong> <em>Aqua, Alcohol, Isopropyl Alcohol, Lactic Acid, Aluminum Lactate, Eucalyptus Globulus Leaf Oil, Sodium Hydroxide<\/em><\/p>\n<\/div>\n<\/div>\n<\/div>\n<\/div>\n<p><a href=\"https:\/\/wa.me\/34633964649\"><img decoding=\"async\" class=\"wp-image-10119 alignleft\" src=\"https:\/\/tiendacoquett.es\/wp-content\/uploads\/2024\/03\/Contacta-por-whatsapp1.png\" alt=\"\" width=\"234\" height=\"83\" srcset=\"https:\/\/tiendacoquett.es\/wp-content\/uploads\/2024\/03\/Contacta-por-whatsapp1.png 234w, https:\/\/tiendacoquett.es\/wp-content\/uploads\/2024\/03\/Contacta-por-whatsapp1-150x53.png 150w\" sizes=\"(max-width: 234px) 100vw, 234px\" \/><\/a>\n<\/div>\n<\/div>","protected":false},"featured_media":9659,"comment_status":"open","ping_status":"closed","template":"","meta":[],"product_brand":[],"product_cat":[84,85,166],"product_tag":[],"class_list":{"0":"post-9658","1":"product","2":"type-product","3":"status-publish","4":"has-post-thumbnail","6":"product_cat-facial","7":"product_cat-limpiadores-y-tonicos","8":"product_cat-piel-grasa-y-acne","10":"first","11":"instock","12":"shipping-taxable","13":"product-type-simple"},"yoast_head":"<!-- This site is optimized with the Yoast SEO plugin v25.4 - https:\/\/yoast.com\/wordpress\/plugins\/seo\/ -->\n<title>Dr Baumann Lotion Anti Comedo pH 4,8 - Coquett - Tienda Online<\/title>\n<meta name=\"robots\" content=\"index, follow, max-snippet:-1, max-image-preview:large, max-video-preview:-1\" \/>\n<link rel=\"canonical\" href=\"https:\/\/tiendacoquett.es\/en\/product\/dr-baumann-lotion-anti-comedo-ph-48\/\" \/>\n<meta property=\"og:locale\" content=\"en_GB\" \/>\n<meta property=\"og:type\" content=\"article\" \/>\n<meta property=\"og:title\" content=\"Dr Baumann Lotion Anti Comedo pH 4,8 - Coquett - Tienda Online\" \/>\n<meta property=\"og:description\" content=\"Loci\u00f3n acuosa con alcohol, con un pH \u00e1cido de 4,8 para un tratamiento facial tras la retirada de los comedones. Tambi\u00e9n \u00f3ptima para tratar diversas impurezas de la piel Tama\u00f1o envase: 200 ml INCI: Aqua, Alcohol, Isopropyl Alcohol, Lactic Acid, Aluminum Lactate, Eucalyptus Globulus Leaf Oil, Sodium Hydroxide\" \/>\n<meta property=\"og:url\" content=\"https:\/\/tiendacoquett.es\/en\/product\/dr-baumann-lotion-anti-comedo-ph-48\/\" \/>\n<meta property=\"og:site_name\" content=\"Coquett - Tienda Online\" \/>\n<meta property=\"article:modified_time\" content=\"2024-04-23T15:51:54+00:00\" \/>\n<meta property=\"og:image\" content=\"https:\/\/tiendacoquett.es\/wp-content\/uploads\/2024\/03\/Dr-Baumann-Lotion-Anti-Comedo-pH-48.png\" \/>\n\t<meta property=\"og:image:width\" content=\"600\" \/>\n\t<meta property=\"og:image:height\" content=\"1000\" \/>\n\t<meta property=\"og:image:type\" content=\"image\/png\" \/>\n<meta name=\"twitter:card\" content=\"summary_large_image\" \/>\n<script type=\"application\/ld+json\" class=\"yoast-schema-graph\">{\"@context\":\"https:\/\/schema.org\",\"@graph\":[{\"@type\":\"WebPage\",\"@id\":\"https:\/\/tiendacoquett.es\/producto\/dr-baumann-lotion-anti-comedo-ph-48\/\",\"url\":\"https:\/\/tiendacoquett.es\/producto\/dr-baumann-lotion-anti-comedo-ph-48\/\",\"name\":\"Dr Baumann Lotion Anti Comedo pH 4,8 - Coquett - Tienda Online\",\"isPartOf\":{\"@id\":\"https:\/\/tiendacoquett.es\/#website\"},\"primaryImageOfPage\":{\"@id\":\"https:\/\/tiendacoquett.es\/producto\/dr-baumann-lotion-anti-comedo-ph-48\/#primaryimage\"},\"image\":{\"@id\":\"https:\/\/tiendacoquett.es\/producto\/dr-baumann-lotion-anti-comedo-ph-48\/#primaryimage\"},\"thumbnailUrl\":\"https:\/\/tiendacoquett.es\/wp-content\/uploads\/2024\/03\/Dr-Baumann-Lotion-Anti-Comedo-pH-48.png\",\"datePublished\":\"2024-03-12T21:46:34+00:00\",\"dateModified\":\"2024-04-23T15:51:54+00:00\",\"breadcrumb\":{\"@id\":\"https:\/\/tiendacoquett.es\/producto\/dr-baumann-lotion-anti-comedo-ph-48\/#breadcrumb\"},\"inLanguage\":\"en-GB\",\"potentialAction\":[{\"@type\":\"ReadAction\",\"target\":[\"https:\/\/tiendacoquett.es\/producto\/dr-baumann-lotion-anti-comedo-ph-48\/\"]}]},{\"@type\":\"ImageObject\",\"inLanguage\":\"en-GB\",\"@id\":\"https:\/\/tiendacoquett.es\/producto\/dr-baumann-lotion-anti-comedo-ph-48\/#primaryimage\",\"url\":\"https:\/\/tiendacoquett.es\/wp-content\/uploads\/2024\/03\/Dr-Baumann-Lotion-Anti-Comedo-pH-48.png\",\"contentUrl\":\"https:\/\/tiendacoquett.es\/wp-content\/uploads\/2024\/03\/Dr-Baumann-Lotion-Anti-Comedo-pH-48.png\",\"width\":600,\"height\":1000,\"caption\":\"Dr Baumann Lotion Anti Comedo pH 4,8\"},{\"@type\":\"BreadcrumbList\",\"@id\":\"https:\/\/tiendacoquett.es\/producto\/dr-baumann-lotion-anti-comedo-ph-48\/#breadcrumb\",\"itemListElement\":[{\"@type\":\"ListItem\",\"position\":1,\"name\":\"Portada\",\"item\":\"https:\/\/tiendacoquett.es\/\"},{\"@type\":\"ListItem\",\"position\":2,\"name\":\"Tienda\",\"item\":\"https:\/\/tiendacoquett.es\/tienda\/\"},{\"@type\":\"ListItem\",\"position\":3,\"name\":\"Dr Baumann Lotion Anti Comedo pH 4,8\"}]},{\"@type\":\"WebSite\",\"@id\":\"https:\/\/tiendacoquett.es\/#website\",\"url\":\"https:\/\/tiendacoquett.es\/\",\"name\":\"Coquett - Tienda Online\",\"description\":\"Tratamientos &amp; Productos\",\"potentialAction\":[{\"@type\":\"SearchAction\",\"target\":{\"@type\":\"EntryPoint\",\"urlTemplate\":\"https:\/\/tiendacoquett.es\/?s={search_term_string}\"},\"query-input\":{\"@type\":\"PropertyValueSpecification\",\"valueRequired\":true,\"valueName\":\"search_term_string\"}}],\"inLanguage\":\"en-GB\"}]}<\/script>\n<!-- \/ Yoast SEO plugin. -->","yoast_head_json":{"title":"Dr Baumann Lotion Anti Comedo pH 4,8 - Coquett - Tienda Online","robots":{"index":"index","follow":"follow","max-snippet":"max-snippet:-1","max-image-preview":"max-image-preview:large","max-video-preview":"max-video-preview:-1"},"canonical":"https:\/\/tiendacoquett.es\/en\/product\/dr-baumann-lotion-anti-comedo-ph-48\/","og_locale":"en_GB","og_type":"article","og_title":"Dr Baumann Lotion Anti Comedo pH 4,8 - Coquett - Tienda Online","og_description":"Loci\u00f3n acuosa con alcohol, con un pH \u00e1cido de 4,8 para un tratamiento facial tras la retirada de los comedones. Tambi\u00e9n \u00f3ptima para tratar diversas impurezas de la piel Tama\u00f1o envase: 200 ml INCI: Aqua, Alcohol, Isopropyl Alcohol, Lactic Acid, Aluminum Lactate, Eucalyptus Globulus Leaf Oil, Sodium Hydroxide","og_url":"https:\/\/tiendacoquett.es\/en\/product\/dr-baumann-lotion-anti-comedo-ph-48\/","og_site_name":"Coquett - Tienda Online","article_modified_time":"2024-04-23T15:51:54+00:00","og_image":[{"width":600,"height":1000,"url":"https:\/\/tiendacoquett.es\/wp-content\/uploads\/2024\/03\/Dr-Baumann-Lotion-Anti-Comedo-pH-48.png","type":"image\/png"}],"twitter_card":"summary_large_image","schema":{"@context":"https:\/\/schema.org","@graph":[{"@type":"WebPage","@id":"https:\/\/tiendacoquett.es\/producto\/dr-baumann-lotion-anti-comedo-ph-48\/","url":"https:\/\/tiendacoquett.es\/producto\/dr-baumann-lotion-anti-comedo-ph-48\/","name":"Dr Baumann Lotion Anti Comedo pH 4,8 - Coquett - Tienda Online","isPartOf":{"@id":"https:\/\/tiendacoquett.es\/#website"},"primaryImageOfPage":{"@id":"https:\/\/tiendacoquett.es\/producto\/dr-baumann-lotion-anti-comedo-ph-48\/#primaryimage"},"image":{"@id":"https:\/\/tiendacoquett.es\/producto\/dr-baumann-lotion-anti-comedo-ph-48\/#primaryimage"},"thumbnailUrl":"https:\/\/tiendacoquett.es\/wp-content\/uploads\/2024\/03\/Dr-Baumann-Lotion-Anti-Comedo-pH-48.png","datePublished":"2024-03-12T21:46:34+00:00","dateModified":"2024-04-23T15:51:54+00:00","breadcrumb":{"@id":"https:\/\/tiendacoquett.es\/producto\/dr-baumann-lotion-anti-comedo-ph-48\/#breadcrumb"},"inLanguage":"en-GB","potentialAction":[{"@type":"ReadAction","target":["https:\/\/tiendacoquett.es\/producto\/dr-baumann-lotion-anti-comedo-ph-48\/"]}]},{"@type":"ImageObject","inLanguage":"en-GB","@id":"https:\/\/tiendacoquett.es\/producto\/dr-baumann-lotion-anti-comedo-ph-48\/#primaryimage","url":"https:\/\/tiendacoquett.es\/wp-content\/uploads\/2024\/03\/Dr-Baumann-Lotion-Anti-Comedo-pH-48.png","contentUrl":"https:\/\/tiendacoquett.es\/wp-content\/uploads\/2024\/03\/Dr-Baumann-Lotion-Anti-Comedo-pH-48.png","width":600,"height":1000,"caption":"Dr Baumann Lotion Anti Comedo pH 4,8"},{"@type":"BreadcrumbList","@id":"https:\/\/tiendacoquett.es\/producto\/dr-baumann-lotion-anti-comedo-ph-48\/#breadcrumb","itemListElement":[{"@type":"ListItem","position":1,"name":"Portada","item":"https:\/\/tiendacoquett.es\/"},{"@type":"ListItem","position":2,"name":"Tienda","item":"https:\/\/tiendacoquett.es\/tienda\/"},{"@type":"ListItem","position":3,"name":"Dr Baumann Lotion Anti Comedo pH 4,8"}]},{"@type":"WebSite","@id":"https:\/\/tiendacoquett.es\/#website","url":"https:\/\/tiendacoquett.es\/","name":"Coquett - Tienda Online","description":"Tratamientos &amp; Productos","potentialAction":[{"@type":"SearchAction","target":{"@type":"EntryPoint","urlTemplate":"https:\/\/tiendacoquett.es\/?s={search_term_string}"},"query-input":{"@type":"PropertyValueSpecification","valueRequired":true,"valueName":"search_term_string"}}],"inLanguage":"en-GB"}]}},"_links":{"self":[{"href":"https:\/\/tiendacoquett.es\/en\/wp-json\/wp\/v2\/product\/9658","targetHints":{"allow":["GET"]}}],"collection":[{"href":"https:\/\/tiendacoquett.es\/en\/wp-json\/wp\/v2\/product"}],"about":[{"href":"https:\/\/tiendacoquett.es\/en\/wp-json\/wp\/v2\/types\/product"}],"replies":[{"embeddable":true,"href":"https:\/\/tiendacoquett.es\/en\/wp-json\/wp\/v2\/comments?post=9658"}],"version-history":[{"count":4,"href":"https:\/\/tiendacoquett.es\/en\/wp-json\/wp\/v2\/product\/9658\/revisions"}],"predecessor-version":[{"id":10161,"href":"https:\/\/tiendacoquett.es\/en\/wp-json\/wp\/v2\/product\/9658\/revisions\/10161"}],"wp:featuredmedia":[{"embeddable":true,"href":"https:\/\/tiendacoquett.es\/en\/wp-json\/wp\/v2\/media\/9659"}],"wp:attachment":[{"href":"https:\/\/tiendacoquett.es\/en\/wp-json\/wp\/v2\/media?parent=9658"}],"wp:term":[{"taxonomy":"product_brand","embeddable":true,"href":"https:\/\/tiendacoquett.es\/en\/wp-json\/wp\/v2\/product_brand?post=9658"},{"taxonomy":"product_cat","embeddable":true,"href":"https:\/\/tiendacoquett.es\/en\/wp-json\/wp\/v2\/product_cat?post=9658"},{"taxonomy":"product_tag","embeddable":true,"href":"https:\/\/tiendacoquett.es\/en\/wp-json\/wp\/v2\/product_tag?post=9658"}],"curies":[{"name":"wp","href":"https:\/\/api.w.org\/{rel}","templated":true}]}}