{"id":9675,"date":"2024-03-12T22:04:15","date_gmt":"2024-03-12T22:04:15","guid":{"rendered":"https:\/\/tiendacoquett.es\/?post_type=product&#038;p=9675"},"modified":"2024-04-23T15:48:46","modified_gmt":"2024-04-23T15:48:46","slug":"dr-baumann-eye-gel","status":"publish","type":"product","link":"https:\/\/tiendacoquett.es\/en\/product\/dr-baumann-eye-gel\/","title":{"rendered":"Dr Baumann Eye Gel"},"content":{"rendered":"","protected":false},"excerpt":{"rendered":"<div class=\"row\">\n<div class=\"col\">\n<div id=\"product-detail-stripped\">\n<div class=\"row\">\n<div class=\"col\">\n<div class=\"frame frame-default frame-type-text frame-layout-0\">\n<p style=\"text-align: left;\">Gel especial para el cuidado de la piel de alrededor de los ojos<\/p>\n<p style=\"text-align: left;\">Se trata de un gel no graso con ceramidas, \u00e1cido hialur\u00f3nico y vitamina E con alto poder hidratante para la zona de los ojos. Recomendada sobre todo para combatir la p\u00e9rdida de firmeza de la piel en esa zona. Debido a su consistencia no oleaginosa es una base ideal para cualquier Make-Up de ojos. Tambi\u00e9n disponible en formato de ampolla<\/p>\n<p style=\"text-align: left;\"><strong>Un buen consejo pr\u00e1ctico:<\/strong> La aplicaci\u00f3n conjunta de ambos preparados para el cuidado de la zona de los ojos (primero el gel y a continuaci\u00f3n la crema) se ha demostrado altamente eficaz<\/p>\n<p style=\"text-align: left;\"><strong>Tama\u00f1o envase: <\/strong>15 ml<\/p>\n<p style=\"text-align: left;\"><strong>INCI:<\/strong> <em>Aqua, Butylene Glycol, Urea, Panthenol, D-alpha-Tocopheryl Acetate, Glycosphingolipids (and) Phosphosphingolipids, Sodium Hyaluronate, Allantoin, Polysorbate 20, Tetrahydroxypropyl Ethylenediamine, Carbomer<\/em><\/p>\n<\/div>\n<\/div>\n<\/div>\n<\/div>\n<p><a href=\"https:\/\/wa.me\/34633964649\"><img decoding=\"async\" class=\"wp-image-10119 alignleft\" src=\"https:\/\/tiendacoquett.es\/wp-content\/uploads\/2024\/03\/Contacta-por-whatsapp1.png\" alt=\"\" width=\"234\" height=\"83\" srcset=\"https:\/\/tiendacoquett.es\/wp-content\/uploads\/2024\/03\/Contacta-por-whatsapp1.png 234w, https:\/\/tiendacoquett.es\/wp-content\/uploads\/2024\/03\/Contacta-por-whatsapp1-150x53.png 150w\" sizes=\"(max-width: 234px) 100vw, 234px\" \/><\/a>\n<\/div>\n<\/div>","protected":false},"featured_media":9676,"comment_status":"open","ping_status":"closed","template":"","meta":[],"product_brand":[],"product_cat":[84,89,73,76,82],"product_tag":[],"class_list":{"0":"post-9675","1":"product","2":"type-product","3":"status-publish","4":"has-post-thumbnail","6":"product_cat-facial","7":"product_cat-contorno-de-ojos-y-labios","8":"product_cat-arrugas-y-flacidez","9":"product_cat-hidratacion-y-nutricion","10":"product_cat-prevencion-de-arrugas","12":"first","13":"instock","14":"shipping-taxable","15":"product-type-simple"},"yoast_head":"<!-- This site is optimized with the Yoast SEO plugin v25.4 - https:\/\/yoast.com\/wordpress\/plugins\/seo\/ -->\n<title>Dr Baumann Eye Gel - Coquett - Tienda Online<\/title>\n<meta name=\"robots\" content=\"index, follow, max-snippet:-1, max-image-preview:large, max-video-preview:-1\" \/>\n<link rel=\"canonical\" href=\"https:\/\/tiendacoquett.es\/en\/product\/dr-baumann-eye-gel\/\" \/>\n<meta property=\"og:locale\" content=\"en_GB\" \/>\n<meta property=\"og:type\" content=\"article\" \/>\n<meta property=\"og:title\" content=\"Dr Baumann Eye Gel - Coquett - Tienda Online\" \/>\n<meta property=\"og:description\" content=\"Gel especial para el cuidado de la piel de alrededor de los ojos Se trata de un gel no graso con ceramidas, \u00e1cido hialur\u00f3nico y vitamina E con alto poder hidratante para la zona de los ojos. Recomendada sobre todo para combatir la p\u00e9rdida de firmeza de la piel en esa zona. Debido a su consistencia no oleaginosa es una base ideal para cualquier Make-Up de ojos. Tambi\u00e9n disponible en formato de ampolla Un buen consejo pr\u00e1ctico: La aplicaci\u00f3n conjunta de ambos preparados para el cuidado de la zona de los ojos (primero el gel y a continuaci\u00f3n la crema) se ha demostrado altamente eficaz Tama\u00f1o envase: 15 ml INCI: Aqua, Butylene Glycol, Urea, Panthenol, D-alpha-Tocopheryl Acetate, Glycosphingolipids (and) Phosphosphingolipids, Sodium Hyaluronate, Allantoin, Polysorbate 20, Tetrahydroxypropyl Ethylenediamine, Carbomer\" \/>\n<meta property=\"og:url\" content=\"https:\/\/tiendacoquett.es\/en\/product\/dr-baumann-eye-gel\/\" \/>\n<meta property=\"og:site_name\" content=\"Coquett - Tienda Online\" \/>\n<meta property=\"article:modified_time\" content=\"2024-04-23T15:48:46+00:00\" \/>\n<meta property=\"og:image\" content=\"https:\/\/tiendacoquett.es\/wp-content\/uploads\/2024\/03\/Dr-Baumann-Eye-Gel.png\" \/>\n\t<meta property=\"og:image:width\" content=\"600\" \/>\n\t<meta property=\"og:image:height\" content=\"1000\" \/>\n\t<meta property=\"og:image:type\" content=\"image\/png\" \/>\n<meta name=\"twitter:card\" content=\"summary_large_image\" \/>\n<script type=\"application\/ld+json\" class=\"yoast-schema-graph\">{\"@context\":\"https:\/\/schema.org\",\"@graph\":[{\"@type\":\"WebPage\",\"@id\":\"https:\/\/tiendacoquett.es\/producto\/dr-baumann-eye-gel\/\",\"url\":\"https:\/\/tiendacoquett.es\/producto\/dr-baumann-eye-gel\/\",\"name\":\"Dr Baumann Eye Gel - Coquett - Tienda Online\",\"isPartOf\":{\"@id\":\"https:\/\/tiendacoquett.es\/#website\"},\"primaryImageOfPage\":{\"@id\":\"https:\/\/tiendacoquett.es\/producto\/dr-baumann-eye-gel\/#primaryimage\"},\"image\":{\"@id\":\"https:\/\/tiendacoquett.es\/producto\/dr-baumann-eye-gel\/#primaryimage\"},\"thumbnailUrl\":\"https:\/\/tiendacoquett.es\/wp-content\/uploads\/2024\/03\/Dr-Baumann-Eye-Gel.png\",\"datePublished\":\"2024-03-12T22:04:15+00:00\",\"dateModified\":\"2024-04-23T15:48:46+00:00\",\"breadcrumb\":{\"@id\":\"https:\/\/tiendacoquett.es\/producto\/dr-baumann-eye-gel\/#breadcrumb\"},\"inLanguage\":\"en-GB\",\"potentialAction\":[{\"@type\":\"ReadAction\",\"target\":[\"https:\/\/tiendacoquett.es\/producto\/dr-baumann-eye-gel\/\"]}]},{\"@type\":\"ImageObject\",\"inLanguage\":\"en-GB\",\"@id\":\"https:\/\/tiendacoquett.es\/producto\/dr-baumann-eye-gel\/#primaryimage\",\"url\":\"https:\/\/tiendacoquett.es\/wp-content\/uploads\/2024\/03\/Dr-Baumann-Eye-Gel.png\",\"contentUrl\":\"https:\/\/tiendacoquett.es\/wp-content\/uploads\/2024\/03\/Dr-Baumann-Eye-Gel.png\",\"width\":600,\"height\":1000,\"caption\":\"Dr Baumann Eye Gel\"},{\"@type\":\"BreadcrumbList\",\"@id\":\"https:\/\/tiendacoquett.es\/producto\/dr-baumann-eye-gel\/#breadcrumb\",\"itemListElement\":[{\"@type\":\"ListItem\",\"position\":1,\"name\":\"Portada\",\"item\":\"https:\/\/tiendacoquett.es\/\"},{\"@type\":\"ListItem\",\"position\":2,\"name\":\"Tienda\",\"item\":\"https:\/\/tiendacoquett.es\/tienda\/\"},{\"@type\":\"ListItem\",\"position\":3,\"name\":\"Dr Baumann Eye Gel\"}]},{\"@type\":\"WebSite\",\"@id\":\"https:\/\/tiendacoquett.es\/#website\",\"url\":\"https:\/\/tiendacoquett.es\/\",\"name\":\"Coquett - Tienda Online\",\"description\":\"Tratamientos &amp; Productos\",\"potentialAction\":[{\"@type\":\"SearchAction\",\"target\":{\"@type\":\"EntryPoint\",\"urlTemplate\":\"https:\/\/tiendacoquett.es\/?s={search_term_string}\"},\"query-input\":{\"@type\":\"PropertyValueSpecification\",\"valueRequired\":true,\"valueName\":\"search_term_string\"}}],\"inLanguage\":\"en-GB\"}]}<\/script>\n<!-- \/ Yoast SEO plugin. -->","yoast_head_json":{"title":"Dr Baumann Eye Gel - Coquett - Tienda Online","robots":{"index":"index","follow":"follow","max-snippet":"max-snippet:-1","max-image-preview":"max-image-preview:large","max-video-preview":"max-video-preview:-1"},"canonical":"https:\/\/tiendacoquett.es\/en\/product\/dr-baumann-eye-gel\/","og_locale":"en_GB","og_type":"article","og_title":"Dr Baumann Eye Gel - Coquett - Tienda Online","og_description":"Gel especial para el cuidado de la piel de alrededor de los ojos Se trata de un gel no graso con ceramidas, \u00e1cido hialur\u00f3nico y vitamina E con alto poder hidratante para la zona de los ojos. Recomendada sobre todo para combatir la p\u00e9rdida de firmeza de la piel en esa zona. Debido a su consistencia no oleaginosa es una base ideal para cualquier Make-Up de ojos. Tambi\u00e9n disponible en formato de ampolla Un buen consejo pr\u00e1ctico: La aplicaci\u00f3n conjunta de ambos preparados para el cuidado de la zona de los ojos (primero el gel y a continuaci\u00f3n la crema) se ha demostrado altamente eficaz Tama\u00f1o envase: 15 ml INCI: Aqua, Butylene Glycol, Urea, Panthenol, D-alpha-Tocopheryl Acetate, Glycosphingolipids (and) Phosphosphingolipids, Sodium Hyaluronate, Allantoin, Polysorbate 20, Tetrahydroxypropyl Ethylenediamine, Carbomer","og_url":"https:\/\/tiendacoquett.es\/en\/product\/dr-baumann-eye-gel\/","og_site_name":"Coquett - Tienda Online","article_modified_time":"2024-04-23T15:48:46+00:00","og_image":[{"width":600,"height":1000,"url":"https:\/\/tiendacoquett.es\/wp-content\/uploads\/2024\/03\/Dr-Baumann-Eye-Gel.png","type":"image\/png"}],"twitter_card":"summary_large_image","schema":{"@context":"https:\/\/schema.org","@graph":[{"@type":"WebPage","@id":"https:\/\/tiendacoquett.es\/producto\/dr-baumann-eye-gel\/","url":"https:\/\/tiendacoquett.es\/producto\/dr-baumann-eye-gel\/","name":"Dr Baumann Eye Gel - Coquett - Tienda Online","isPartOf":{"@id":"https:\/\/tiendacoquett.es\/#website"},"primaryImageOfPage":{"@id":"https:\/\/tiendacoquett.es\/producto\/dr-baumann-eye-gel\/#primaryimage"},"image":{"@id":"https:\/\/tiendacoquett.es\/producto\/dr-baumann-eye-gel\/#primaryimage"},"thumbnailUrl":"https:\/\/tiendacoquett.es\/wp-content\/uploads\/2024\/03\/Dr-Baumann-Eye-Gel.png","datePublished":"2024-03-12T22:04:15+00:00","dateModified":"2024-04-23T15:48:46+00:00","breadcrumb":{"@id":"https:\/\/tiendacoquett.es\/producto\/dr-baumann-eye-gel\/#breadcrumb"},"inLanguage":"en-GB","potentialAction":[{"@type":"ReadAction","target":["https:\/\/tiendacoquett.es\/producto\/dr-baumann-eye-gel\/"]}]},{"@type":"ImageObject","inLanguage":"en-GB","@id":"https:\/\/tiendacoquett.es\/producto\/dr-baumann-eye-gel\/#primaryimage","url":"https:\/\/tiendacoquett.es\/wp-content\/uploads\/2024\/03\/Dr-Baumann-Eye-Gel.png","contentUrl":"https:\/\/tiendacoquett.es\/wp-content\/uploads\/2024\/03\/Dr-Baumann-Eye-Gel.png","width":600,"height":1000,"caption":"Dr Baumann Eye Gel"},{"@type":"BreadcrumbList","@id":"https:\/\/tiendacoquett.es\/producto\/dr-baumann-eye-gel\/#breadcrumb","itemListElement":[{"@type":"ListItem","position":1,"name":"Portada","item":"https:\/\/tiendacoquett.es\/"},{"@type":"ListItem","position":2,"name":"Tienda","item":"https:\/\/tiendacoquett.es\/tienda\/"},{"@type":"ListItem","position":3,"name":"Dr Baumann Eye Gel"}]},{"@type":"WebSite","@id":"https:\/\/tiendacoquett.es\/#website","url":"https:\/\/tiendacoquett.es\/","name":"Coquett - Tienda Online","description":"Tratamientos &amp; Productos","potentialAction":[{"@type":"SearchAction","target":{"@type":"EntryPoint","urlTemplate":"https:\/\/tiendacoquett.es\/?s={search_term_string}"},"query-input":{"@type":"PropertyValueSpecification","valueRequired":true,"valueName":"search_term_string"}}],"inLanguage":"en-GB"}]}},"_links":{"self":[{"href":"https:\/\/tiendacoquett.es\/en\/wp-json\/wp\/v2\/product\/9675","targetHints":{"allow":["GET"]}}],"collection":[{"href":"https:\/\/tiendacoquett.es\/en\/wp-json\/wp\/v2\/product"}],"about":[{"href":"https:\/\/tiendacoquett.es\/en\/wp-json\/wp\/v2\/types\/product"}],"replies":[{"embeddable":true,"href":"https:\/\/tiendacoquett.es\/en\/wp-json\/wp\/v2\/comments?post=9675"}],"version-history":[{"count":4,"href":"https:\/\/tiendacoquett.es\/en\/wp-json\/wp\/v2\/product\/9675\/revisions"}],"predecessor-version":[{"id":10871,"href":"https:\/\/tiendacoquett.es\/en\/wp-json\/wp\/v2\/product\/9675\/revisions\/10871"}],"wp:featuredmedia":[{"embeddable":true,"href":"https:\/\/tiendacoquett.es\/en\/wp-json\/wp\/v2\/media\/9676"}],"wp:attachment":[{"href":"https:\/\/tiendacoquett.es\/en\/wp-json\/wp\/v2\/media?parent=9675"}],"wp:term":[{"taxonomy":"product_brand","embeddable":true,"href":"https:\/\/tiendacoquett.es\/en\/wp-json\/wp\/v2\/product_brand?post=9675"},{"taxonomy":"product_cat","embeddable":true,"href":"https:\/\/tiendacoquett.es\/en\/wp-json\/wp\/v2\/product_cat?post=9675"},{"taxonomy":"product_tag","embeddable":true,"href":"https:\/\/tiendacoquett.es\/en\/wp-json\/wp\/v2\/product_tag?post=9675"}],"curies":[{"name":"wp","href":"https:\/\/api.w.org\/{rel}","templated":true}]}}