{"id":9683,"date":"2024-03-12T22:27:53","date_gmt":"2024-03-12T22:27:53","guid":{"rendered":"https:\/\/tiendacoquett.es\/?post_type=product&#038;p=9683"},"modified":"2025-01-16T14:57:59","modified_gmt":"2025-01-16T14:57:59","slug":"sesion-fit","status":"publish","type":"product","link":"https:\/\/tiendacoquett.es\/en\/product\/sesion-fit\/","title":{"rendered":"Sesi\u00f3n FIT"},"content":{"rendered":"","protected":false},"excerpt":{"rendered":"<p style=\"text-align: left;\">La electorestimulaci\u00f3n corporal es un tratamiento est\u00e9tico que utiliza impulsos el\u00e9ctricos para activar los m\u00fasculos, tonificarlos y mejorar la circulaci\u00f3n.\u00a0Ayuda a reducir la grasa localizada, reafirmar la piel y mejorar el contorno corporal de manera no invasiva y eficaz<\/p>\n<p style=\"text-align: left;\">Ideal para complementar una rutina de ejercicios y mejorar los resultados<\/p>\n<p style=\"text-align: left;\"><strong>Agenda tu cita para un diagn\u00f3stico corporal y descubre el tratamiento perfecto para alcanzar tus objetivos est\u00e9ticos de manera efectiva y adaptada a tus necesidades<\/strong><\/p>","protected":false},"featured_media":9682,"comment_status":"open","ping_status":"closed","template":"","meta":[],"product_brand":[],"product_cat":[72,165,83,168,20,119,158],"product_tag":[],"class_list":{"0":"post-9683","1":"product","2":"type-product","3":"status-publish","4":"has-post-thumbnail","6":"product_cat-necesidades","7":"product_cat-corporales-necesidades","8":"product_cat-celulitis-y-grasa-localizada","9":"product_cat-reafirmacion-y-elasticidad","10":"product_cat-tratamientos","11":"product_cat-corporales","12":"product_cat-sesion-fit","14":"first","15":"instock","16":"shipping-taxable","17":"purchasable","18":"product-type-simple"},"yoast_head":"<!-- This site is optimized with the Yoast SEO plugin v25.4 - https:\/\/yoast.com\/wordpress\/plugins\/seo\/ -->\n<title>Sesi\u00f3n FIT - Coquett - Tienda Online<\/title>\n<meta name=\"robots\" content=\"index, follow, max-snippet:-1, max-image-preview:large, max-video-preview:-1\" \/>\n<link rel=\"canonical\" href=\"https:\/\/tiendacoquett.es\/en\/product\/sesion-fit\/\" \/>\n<meta property=\"og:locale\" content=\"en_GB\" \/>\n<meta property=\"og:type\" content=\"article\" \/>\n<meta property=\"og:title\" content=\"Sesi\u00f3n FIT - Coquett - Tienda Online\" \/>\n<meta property=\"og:description\" content=\"La electorestimulaci\u00f3n corporal es un tratamiento est\u00e9tico que utiliza impulsos el\u00e9ctricos para activar los m\u00fasculos, tonificarlos y mejorar la circulaci\u00f3n.\u00a0Ayuda a reducir la grasa localizada, reafirmar la piel y mejorar el contorno corporal de manera no invasiva y eficaz Ideal para complementar una rutina de ejercicios y mejorar los resultados Agenda tu cita para un diagn\u00f3stico corporal y descubre el tratamiento perfecto para alcanzar tus objetivos est\u00e9ticos de manera efectiva y adaptada a tus necesidades\" \/>\n<meta property=\"og:url\" content=\"https:\/\/tiendacoquett.es\/en\/product\/sesion-fit\/\" \/>\n<meta property=\"og:site_name\" content=\"Coquett - Tienda Online\" \/>\n<meta property=\"article:modified_time\" content=\"2025-01-16T14:57:59+00:00\" \/>\n<meta property=\"og:image\" content=\"https:\/\/tiendacoquett.es\/wp-content\/uploads\/2024\/03\/SESION-FIT.png\" \/>\n\t<meta property=\"og:image:width\" content=\"600\" \/>\n\t<meta property=\"og:image:height\" content=\"1000\" \/>\n\t<meta property=\"og:image:type\" content=\"image\/png\" \/>\n<meta name=\"twitter:card\" content=\"summary_large_image\" \/>\n<meta name=\"twitter:label1\" content=\"Estimated reading time\" \/>\n\t<meta name=\"twitter:data1\" content=\"1 minute\" \/>\n<script type=\"application\/ld+json\" class=\"yoast-schema-graph\">{\"@context\":\"https:\/\/schema.org\",\"@graph\":[{\"@type\":\"WebPage\",\"@id\":\"https:\/\/tiendacoquett.es\/producto\/sesion-fit\/\",\"url\":\"https:\/\/tiendacoquett.es\/producto\/sesion-fit\/\",\"name\":\"Sesi\u00f3n FIT - Coquett - Tienda Online\",\"isPartOf\":{\"@id\":\"https:\/\/tiendacoquett.es\/#website\"},\"primaryImageOfPage\":{\"@id\":\"https:\/\/tiendacoquett.es\/producto\/sesion-fit\/#primaryimage\"},\"image\":{\"@id\":\"https:\/\/tiendacoquett.es\/producto\/sesion-fit\/#primaryimage\"},\"thumbnailUrl\":\"https:\/\/tiendacoquett.es\/wp-content\/uploads\/2024\/03\/SESION-FIT.png\",\"datePublished\":\"2024-03-12T22:27:53+00:00\",\"dateModified\":\"2025-01-16T14:57:59+00:00\",\"breadcrumb\":{\"@id\":\"https:\/\/tiendacoquett.es\/producto\/sesion-fit\/#breadcrumb\"},\"inLanguage\":\"en-GB\",\"potentialAction\":[{\"@type\":\"ReadAction\",\"target\":[\"https:\/\/tiendacoquett.es\/producto\/sesion-fit\/\"]}]},{\"@type\":\"ImageObject\",\"inLanguage\":\"en-GB\",\"@id\":\"https:\/\/tiendacoquett.es\/producto\/sesion-fit\/#primaryimage\",\"url\":\"https:\/\/tiendacoquett.es\/wp-content\/uploads\/2024\/03\/SESION-FIT.png\",\"contentUrl\":\"https:\/\/tiendacoquett.es\/wp-content\/uploads\/2024\/03\/SESION-FIT.png\",\"width\":600,\"height\":1000,\"caption\":\"Sesi\u00f3n FIT\"},{\"@type\":\"BreadcrumbList\",\"@id\":\"https:\/\/tiendacoquett.es\/producto\/sesion-fit\/#breadcrumb\",\"itemListElement\":[{\"@type\":\"ListItem\",\"position\":1,\"name\":\"Portada\",\"item\":\"https:\/\/tiendacoquett.es\/\"},{\"@type\":\"ListItem\",\"position\":2,\"name\":\"Tienda\",\"item\":\"https:\/\/tiendacoquett.es\/tienda\/\"},{\"@type\":\"ListItem\",\"position\":3,\"name\":\"Sesi\u00f3n FIT\"}]},{\"@type\":\"WebSite\",\"@id\":\"https:\/\/tiendacoquett.es\/#website\",\"url\":\"https:\/\/tiendacoquett.es\/\",\"name\":\"Coquett - Tienda Online\",\"description\":\"Tratamientos &amp; Productos\",\"potentialAction\":[{\"@type\":\"SearchAction\",\"target\":{\"@type\":\"EntryPoint\",\"urlTemplate\":\"https:\/\/tiendacoquett.es\/?s={search_term_string}\"},\"query-input\":{\"@type\":\"PropertyValueSpecification\",\"valueRequired\":true,\"valueName\":\"search_term_string\"}}],\"inLanguage\":\"en-GB\"}]}<\/script>\n<!-- \/ Yoast SEO plugin. -->","yoast_head_json":{"title":"Sesi\u00f3n FIT - Coquett - Tienda Online","robots":{"index":"index","follow":"follow","max-snippet":"max-snippet:-1","max-image-preview":"max-image-preview:large","max-video-preview":"max-video-preview:-1"},"canonical":"https:\/\/tiendacoquett.es\/en\/product\/sesion-fit\/","og_locale":"en_GB","og_type":"article","og_title":"Sesi\u00f3n FIT - Coquett - Tienda Online","og_description":"La electorestimulaci\u00f3n corporal es un tratamiento est\u00e9tico que utiliza impulsos el\u00e9ctricos para activar los m\u00fasculos, tonificarlos y mejorar la circulaci\u00f3n.\u00a0Ayuda a reducir la grasa localizada, reafirmar la piel y mejorar el contorno corporal de manera no invasiva y eficaz Ideal para complementar una rutina de ejercicios y mejorar los resultados Agenda tu cita para un diagn\u00f3stico corporal y descubre el tratamiento perfecto para alcanzar tus objetivos est\u00e9ticos de manera efectiva y adaptada a tus necesidades","og_url":"https:\/\/tiendacoquett.es\/en\/product\/sesion-fit\/","og_site_name":"Coquett - Tienda Online","article_modified_time":"2025-01-16T14:57:59+00:00","og_image":[{"width":600,"height":1000,"url":"https:\/\/tiendacoquett.es\/wp-content\/uploads\/2024\/03\/SESION-FIT.png","type":"image\/png"}],"twitter_card":"summary_large_image","twitter_misc":{"Estimated reading time":"1 minute"},"schema":{"@context":"https:\/\/schema.org","@graph":[{"@type":"WebPage","@id":"https:\/\/tiendacoquett.es\/producto\/sesion-fit\/","url":"https:\/\/tiendacoquett.es\/producto\/sesion-fit\/","name":"Sesi\u00f3n FIT - Coquett - Tienda Online","isPartOf":{"@id":"https:\/\/tiendacoquett.es\/#website"},"primaryImageOfPage":{"@id":"https:\/\/tiendacoquett.es\/producto\/sesion-fit\/#primaryimage"},"image":{"@id":"https:\/\/tiendacoquett.es\/producto\/sesion-fit\/#primaryimage"},"thumbnailUrl":"https:\/\/tiendacoquett.es\/wp-content\/uploads\/2024\/03\/SESION-FIT.png","datePublished":"2024-03-12T22:27:53+00:00","dateModified":"2025-01-16T14:57:59+00:00","breadcrumb":{"@id":"https:\/\/tiendacoquett.es\/producto\/sesion-fit\/#breadcrumb"},"inLanguage":"en-GB","potentialAction":[{"@type":"ReadAction","target":["https:\/\/tiendacoquett.es\/producto\/sesion-fit\/"]}]},{"@type":"ImageObject","inLanguage":"en-GB","@id":"https:\/\/tiendacoquett.es\/producto\/sesion-fit\/#primaryimage","url":"https:\/\/tiendacoquett.es\/wp-content\/uploads\/2024\/03\/SESION-FIT.png","contentUrl":"https:\/\/tiendacoquett.es\/wp-content\/uploads\/2024\/03\/SESION-FIT.png","width":600,"height":1000,"caption":"Sesi\u00f3n FIT"},{"@type":"BreadcrumbList","@id":"https:\/\/tiendacoquett.es\/producto\/sesion-fit\/#breadcrumb","itemListElement":[{"@type":"ListItem","position":1,"name":"Portada","item":"https:\/\/tiendacoquett.es\/"},{"@type":"ListItem","position":2,"name":"Tienda","item":"https:\/\/tiendacoquett.es\/tienda\/"},{"@type":"ListItem","position":3,"name":"Sesi\u00f3n FIT"}]},{"@type":"WebSite","@id":"https:\/\/tiendacoquett.es\/#website","url":"https:\/\/tiendacoquett.es\/","name":"Coquett - Tienda Online","description":"Tratamientos &amp; Productos","potentialAction":[{"@type":"SearchAction","target":{"@type":"EntryPoint","urlTemplate":"https:\/\/tiendacoquett.es\/?s={search_term_string}"},"query-input":{"@type":"PropertyValueSpecification","valueRequired":true,"valueName":"search_term_string"}}],"inLanguage":"en-GB"}]}},"_links":{"self":[{"href":"https:\/\/tiendacoquett.es\/en\/wp-json\/wp\/v2\/product\/9683","targetHints":{"allow":["GET"]}}],"collection":[{"href":"https:\/\/tiendacoquett.es\/en\/wp-json\/wp\/v2\/product"}],"about":[{"href":"https:\/\/tiendacoquett.es\/en\/wp-json\/wp\/v2\/types\/product"}],"replies":[{"embeddable":true,"href":"https:\/\/tiendacoquett.es\/en\/wp-json\/wp\/v2\/comments?post=9683"}],"version-history":[{"count":10,"href":"https:\/\/tiendacoquett.es\/en\/wp-json\/wp\/v2\/product\/9683\/revisions"}],"predecessor-version":[{"id":10929,"href":"https:\/\/tiendacoquett.es\/en\/wp-json\/wp\/v2\/product\/9683\/revisions\/10929"}],"wp:featuredmedia":[{"embeddable":true,"href":"https:\/\/tiendacoquett.es\/en\/wp-json\/wp\/v2\/media\/9682"}],"wp:attachment":[{"href":"https:\/\/tiendacoquett.es\/en\/wp-json\/wp\/v2\/media?parent=9683"}],"wp:term":[{"taxonomy":"product_brand","embeddable":true,"href":"https:\/\/tiendacoquett.es\/en\/wp-json\/wp\/v2\/product_brand?post=9683"},{"taxonomy":"product_cat","embeddable":true,"href":"https:\/\/tiendacoquett.es\/en\/wp-json\/wp\/v2\/product_cat?post=9683"},{"taxonomy":"product_tag","embeddable":true,"href":"https:\/\/tiendacoquett.es\/en\/wp-json\/wp\/v2\/product_tag?post=9683"}],"curies":[{"name":"wp","href":"https:\/\/api.w.org\/{rel}","templated":true}]}}