{"id":9697,"date":"2024-03-12T22:39:03","date_gmt":"2024-03-12T22:39:03","guid":{"rendered":"https:\/\/tiendacoquett.es\/?post_type=product&#038;p=9697"},"modified":"2025-01-16T15:04:11","modified_gmt":"2025-01-16T15:04:11","slug":"hifu","status":"publish","type":"product","link":"https:\/\/tiendacoquett.es\/en\/product\/hifu\/","title":{"rendered":"HIFU"},"content":{"rendered":"","protected":false},"excerpt":{"rendered":"<p style=\"text-align: left;\">El tratamiento corporal con HIFU utiliza ultrasonido de alta intensidad para penetrar en las capas profundas de la piel, estimulando la producci\u00f3n de col\u00e1geno y elastina. Esto ayuda a reducir la grasa localizada, flacidez, tonificar el cuerpo y mejorar el contorno, ofreciendo una piel m\u00e1s firme<\/p>\n<p style=\"text-align: left;\">Es una opci\u00f3n no invasiva y eficaz para tratar \u00e1reas como abdomen, muslos y brazos<\/p>\n<p style=\"text-align: left;\"><strong>Agenda tu cita para un diagn\u00f3stico corporal personalizado y descubre el tratamiento perfecto para alcanzar tus objetivos est\u00e9ticos de manera efectiva y adaptada a tus necesidades<\/strong><\/p>\n<p>&nbsp;<\/p>","protected":false},"featured_media":9698,"comment_status":"open","ping_status":"closed","template":"","meta":[],"product_brand":[],"product_cat":[72,165,83,168,20,119,161],"product_tag":[],"class_list":{"0":"post-9697","1":"product","2":"type-product","3":"status-publish","4":"has-post-thumbnail","6":"product_cat-necesidades","7":"product_cat-corporales-necesidades","8":"product_cat-celulitis-y-grasa-localizada","9":"product_cat-reafirmacion-y-elasticidad","10":"product_cat-tratamientos","11":"product_cat-corporales","12":"product_cat-hifu","14":"first","15":"instock","16":"shipping-taxable","17":"purchasable","18":"product-type-simple"},"yoast_head":"<!-- This site is optimized with the Yoast SEO plugin v25.4 - https:\/\/yoast.com\/wordpress\/plugins\/seo\/ -->\n<title>HIFU - Coquett - Tienda Online<\/title>\n<meta name=\"robots\" content=\"index, follow, max-snippet:-1, max-image-preview:large, max-video-preview:-1\" \/>\n<link rel=\"canonical\" href=\"https:\/\/tiendacoquett.es\/en\/product\/hifu\/\" \/>\n<meta property=\"og:locale\" content=\"en_GB\" \/>\n<meta property=\"og:type\" content=\"article\" \/>\n<meta property=\"og:title\" content=\"HIFU - Coquett - Tienda Online\" \/>\n<meta property=\"og:description\" content=\"El tratamiento corporal con HIFU utiliza ultrasonido de alta intensidad para penetrar en las capas profundas de la piel, estimulando la producci\u00f3n de col\u00e1geno y elastina. Esto ayuda a reducir la grasa localizada, flacidez, tonificar el cuerpo y mejorar el contorno, ofreciendo una piel m\u00e1s firme Es una opci\u00f3n no invasiva y eficaz para tratar \u00e1reas como abdomen, muslos y brazos Agenda tu cita para un diagn\u00f3stico corporal personalizado y descubre el tratamiento perfecto para alcanzar tus objetivos est\u00e9ticos de manera efectiva y adaptada a tus necesidades &nbsp;\" \/>\n<meta property=\"og:url\" content=\"https:\/\/tiendacoquett.es\/en\/product\/hifu\/\" \/>\n<meta property=\"og:site_name\" content=\"Coquett - Tienda Online\" \/>\n<meta property=\"article:modified_time\" content=\"2025-01-16T15:04:11+00:00\" \/>\n<meta property=\"og:image\" content=\"https:\/\/tiendacoquett.es\/wp-content\/uploads\/2024\/03\/HIFU.png\" \/>\n\t<meta property=\"og:image:width\" content=\"600\" \/>\n\t<meta property=\"og:image:height\" content=\"1000\" \/>\n\t<meta property=\"og:image:type\" content=\"image\/png\" \/>\n<meta name=\"twitter:card\" content=\"summary_large_image\" \/>\n<meta name=\"twitter:label1\" content=\"Estimated reading time\" \/>\n\t<meta name=\"twitter:data1\" content=\"1 minute\" \/>\n<script type=\"application\/ld+json\" class=\"yoast-schema-graph\">{\"@context\":\"https:\/\/schema.org\",\"@graph\":[{\"@type\":\"WebPage\",\"@id\":\"https:\/\/tiendacoquett.es\/producto\/hifu\/\",\"url\":\"https:\/\/tiendacoquett.es\/producto\/hifu\/\",\"name\":\"HIFU - Coquett - Tienda Online\",\"isPartOf\":{\"@id\":\"https:\/\/tiendacoquett.es\/#website\"},\"primaryImageOfPage\":{\"@id\":\"https:\/\/tiendacoquett.es\/producto\/hifu\/#primaryimage\"},\"image\":{\"@id\":\"https:\/\/tiendacoquett.es\/producto\/hifu\/#primaryimage\"},\"thumbnailUrl\":\"https:\/\/tiendacoquett.es\/wp-content\/uploads\/2024\/03\/HIFU.png\",\"datePublished\":\"2024-03-12T22:39:03+00:00\",\"dateModified\":\"2025-01-16T15:04:11+00:00\",\"breadcrumb\":{\"@id\":\"https:\/\/tiendacoquett.es\/producto\/hifu\/#breadcrumb\"},\"inLanguage\":\"en-GB\",\"potentialAction\":[{\"@type\":\"ReadAction\",\"target\":[\"https:\/\/tiendacoquett.es\/producto\/hifu\/\"]}]},{\"@type\":\"ImageObject\",\"inLanguage\":\"en-GB\",\"@id\":\"https:\/\/tiendacoquett.es\/producto\/hifu\/#primaryimage\",\"url\":\"https:\/\/tiendacoquett.es\/wp-content\/uploads\/2024\/03\/HIFU.png\",\"contentUrl\":\"https:\/\/tiendacoquett.es\/wp-content\/uploads\/2024\/03\/HIFU.png\",\"width\":600,\"height\":1000,\"caption\":\"HIFU\"},{\"@type\":\"BreadcrumbList\",\"@id\":\"https:\/\/tiendacoquett.es\/producto\/hifu\/#breadcrumb\",\"itemListElement\":[{\"@type\":\"ListItem\",\"position\":1,\"name\":\"Portada\",\"item\":\"https:\/\/tiendacoquett.es\/\"},{\"@type\":\"ListItem\",\"position\":2,\"name\":\"Tienda\",\"item\":\"https:\/\/tiendacoquett.es\/tienda\/\"},{\"@type\":\"ListItem\",\"position\":3,\"name\":\"HIFU\"}]},{\"@type\":\"WebSite\",\"@id\":\"https:\/\/tiendacoquett.es\/#website\",\"url\":\"https:\/\/tiendacoquett.es\/\",\"name\":\"Coquett - Tienda Online\",\"description\":\"Tratamientos &amp; Productos\",\"potentialAction\":[{\"@type\":\"SearchAction\",\"target\":{\"@type\":\"EntryPoint\",\"urlTemplate\":\"https:\/\/tiendacoquett.es\/?s={search_term_string}\"},\"query-input\":{\"@type\":\"PropertyValueSpecification\",\"valueRequired\":true,\"valueName\":\"search_term_string\"}}],\"inLanguage\":\"en-GB\"}]}<\/script>\n<!-- \/ Yoast SEO plugin. -->","yoast_head_json":{"title":"HIFU - Coquett - Tienda Online","robots":{"index":"index","follow":"follow","max-snippet":"max-snippet:-1","max-image-preview":"max-image-preview:large","max-video-preview":"max-video-preview:-1"},"canonical":"https:\/\/tiendacoquett.es\/en\/product\/hifu\/","og_locale":"en_GB","og_type":"article","og_title":"HIFU - Coquett - Tienda Online","og_description":"El tratamiento corporal con HIFU utiliza ultrasonido de alta intensidad para penetrar en las capas profundas de la piel, estimulando la producci\u00f3n de col\u00e1geno y elastina. Esto ayuda a reducir la grasa localizada, flacidez, tonificar el cuerpo y mejorar el contorno, ofreciendo una piel m\u00e1s firme Es una opci\u00f3n no invasiva y eficaz para tratar \u00e1reas como abdomen, muslos y brazos Agenda tu cita para un diagn\u00f3stico corporal personalizado y descubre el tratamiento perfecto para alcanzar tus objetivos est\u00e9ticos de manera efectiva y adaptada a tus necesidades &nbsp;","og_url":"https:\/\/tiendacoquett.es\/en\/product\/hifu\/","og_site_name":"Coquett - Tienda Online","article_modified_time":"2025-01-16T15:04:11+00:00","og_image":[{"width":600,"height":1000,"url":"https:\/\/tiendacoquett.es\/wp-content\/uploads\/2024\/03\/HIFU.png","type":"image\/png"}],"twitter_card":"summary_large_image","twitter_misc":{"Estimated reading time":"1 minute"},"schema":{"@context":"https:\/\/schema.org","@graph":[{"@type":"WebPage","@id":"https:\/\/tiendacoquett.es\/producto\/hifu\/","url":"https:\/\/tiendacoquett.es\/producto\/hifu\/","name":"HIFU - Coquett - Tienda Online","isPartOf":{"@id":"https:\/\/tiendacoquett.es\/#website"},"primaryImageOfPage":{"@id":"https:\/\/tiendacoquett.es\/producto\/hifu\/#primaryimage"},"image":{"@id":"https:\/\/tiendacoquett.es\/producto\/hifu\/#primaryimage"},"thumbnailUrl":"https:\/\/tiendacoquett.es\/wp-content\/uploads\/2024\/03\/HIFU.png","datePublished":"2024-03-12T22:39:03+00:00","dateModified":"2025-01-16T15:04:11+00:00","breadcrumb":{"@id":"https:\/\/tiendacoquett.es\/producto\/hifu\/#breadcrumb"},"inLanguage":"en-GB","potentialAction":[{"@type":"ReadAction","target":["https:\/\/tiendacoquett.es\/producto\/hifu\/"]}]},{"@type":"ImageObject","inLanguage":"en-GB","@id":"https:\/\/tiendacoquett.es\/producto\/hifu\/#primaryimage","url":"https:\/\/tiendacoquett.es\/wp-content\/uploads\/2024\/03\/HIFU.png","contentUrl":"https:\/\/tiendacoquett.es\/wp-content\/uploads\/2024\/03\/HIFU.png","width":600,"height":1000,"caption":"HIFU"},{"@type":"BreadcrumbList","@id":"https:\/\/tiendacoquett.es\/producto\/hifu\/#breadcrumb","itemListElement":[{"@type":"ListItem","position":1,"name":"Portada","item":"https:\/\/tiendacoquett.es\/"},{"@type":"ListItem","position":2,"name":"Tienda","item":"https:\/\/tiendacoquett.es\/tienda\/"},{"@type":"ListItem","position":3,"name":"HIFU"}]},{"@type":"WebSite","@id":"https:\/\/tiendacoquett.es\/#website","url":"https:\/\/tiendacoquett.es\/","name":"Coquett - Tienda Online","description":"Tratamientos &amp; Productos","potentialAction":[{"@type":"SearchAction","target":{"@type":"EntryPoint","urlTemplate":"https:\/\/tiendacoquett.es\/?s={search_term_string}"},"query-input":{"@type":"PropertyValueSpecification","valueRequired":true,"valueName":"search_term_string"}}],"inLanguage":"en-GB"}]}},"_links":{"self":[{"href":"https:\/\/tiendacoquett.es\/en\/wp-json\/wp\/v2\/product\/9697","targetHints":{"allow":["GET"]}}],"collection":[{"href":"https:\/\/tiendacoquett.es\/en\/wp-json\/wp\/v2\/product"}],"about":[{"href":"https:\/\/tiendacoquett.es\/en\/wp-json\/wp\/v2\/types\/product"}],"replies":[{"embeddable":true,"href":"https:\/\/tiendacoquett.es\/en\/wp-json\/wp\/v2\/comments?post=9697"}],"version-history":[{"count":3,"href":"https:\/\/tiendacoquett.es\/en\/wp-json\/wp\/v2\/product\/9697\/revisions"}],"predecessor-version":[{"id":10932,"href":"https:\/\/tiendacoquett.es\/en\/wp-json\/wp\/v2\/product\/9697\/revisions\/10932"}],"wp:featuredmedia":[{"embeddable":true,"href":"https:\/\/tiendacoquett.es\/en\/wp-json\/wp\/v2\/media\/9698"}],"wp:attachment":[{"href":"https:\/\/tiendacoquett.es\/en\/wp-json\/wp\/v2\/media?parent=9697"}],"wp:term":[{"taxonomy":"product_brand","embeddable":true,"href":"https:\/\/tiendacoquett.es\/en\/wp-json\/wp\/v2\/product_brand?post=9697"},{"taxonomy":"product_cat","embeddable":true,"href":"https:\/\/tiendacoquett.es\/en\/wp-json\/wp\/v2\/product_cat?post=9697"},{"taxonomy":"product_tag","embeddable":true,"href":"https:\/\/tiendacoquett.es\/en\/wp-json\/wp\/v2\/product_tag?post=9697"}],"curies":[{"name":"wp","href":"https:\/\/api.w.org\/{rel}","templated":true}]}}