{"id":9700,"date":"2024-03-12T22:40:37","date_gmt":"2024-03-12T22:40:37","guid":{"rendered":"https:\/\/tiendacoquett.es\/?post_type=product&#038;p=9700"},"modified":"2025-01-16T17:43:07","modified_gmt":"2025-01-16T17:43:07","slug":"maderoterapia","status":"publish","type":"product","link":"https:\/\/tiendacoquett.es\/en\/product\/maderoterapia\/","title":{"rendered":"Maderoterapia"},"content":{"rendered":"","protected":false},"excerpt":{"rendered":"<div class=\"elementor-element elementor-element-d7c87ea elementor-widget elementor-widget-heading\" data-id=\"d7c87ea\" data-element_type=\"widget\" data-widget_type=\"heading.default\">\n<div class=\"elementor-widget-container\">\n<p style=\"text-align: left;\">La maderoterapia corporal es un tratamiento en el que utilizamos herramientas de madera dise\u00f1adas para masajear y modelar el cuerpo<\/p>\n<\/div>\n<p style=\"text-align: left;\">Sus beneficios son m\u00faltiples: estimula la circulaci\u00f3n linf\u00e1tica y sangu\u00ednea, previniendo la aparici\u00f3n de celulitis y mejorando la retenci\u00f3n de l\u00edquidos, favorece la tonificaci\u00f3n, esculpe el contorno corporal y mejora la elasticidad de la piel<\/p>\n<\/div>\n<p style=\"text-align: left;\"><strong>Agenda tu cita para un diagn\u00f3stico corporal\u00a0 y descubre el tratamiento perfecto para alcanzar tus objetivos est\u00e9ticos de manera efectiva y adaptada a tus necesidades<\/strong><\/p>","protected":false},"featured_media":9701,"comment_status":"open","ping_status":"closed","template":"","meta":[],"product_brand":[],"product_cat":[83,168,119,129],"product_tag":[],"class_list":{"0":"post-9700","1":"product","2":"type-product","3":"status-publish","4":"has-post-thumbnail","6":"product_cat-celulitis-y-grasa-localizada","7":"product_cat-reafirmacion-y-elasticidad","8":"product_cat-corporales","9":"product_cat-maderoterapia","11":"first","12":"instock","13":"shipping-taxable","14":"purchasable","15":"product-type-simple"},"yoast_head":"<!-- This site is optimized with the Yoast SEO plugin v25.4 - https:\/\/yoast.com\/wordpress\/plugins\/seo\/ -->\n<title>Maderoterapia - Coquett - Tienda Online<\/title>\n<meta name=\"robots\" content=\"index, follow, max-snippet:-1, max-image-preview:large, max-video-preview:-1\" \/>\n<link rel=\"canonical\" href=\"https:\/\/tiendacoquett.es\/en\/product\/maderoterapia\/\" \/>\n<meta property=\"og:locale\" content=\"en_GB\" \/>\n<meta property=\"og:type\" content=\"article\" \/>\n<meta property=\"og:title\" content=\"Maderoterapia - Coquett - Tienda Online\" \/>\n<meta property=\"og:description\" content=\"La maderoterapia corporal es un tratamiento en el que utilizamos herramientas de madera dise\u00f1adas para masajear y modelar el cuerpo   Sus beneficios son m\u00faltiples: estimula la circulaci\u00f3n linf\u00e1tica y sangu\u00ednea, previniendo la aparici\u00f3n de celulitis y mejorando la retenci\u00f3n de l\u00edquidos, favorece la tonificaci\u00f3n, esculpe el contorno corporal y mejora la elasticidad de la piel   Agenda tu cita para un diagn\u00f3stico corporal\u00a0 y descubre el tratamiento perfecto para alcanzar tus objetivos est\u00e9ticos de manera efectiva y adaptada a tus necesidades\" \/>\n<meta property=\"og:url\" content=\"https:\/\/tiendacoquett.es\/en\/product\/maderoterapia\/\" \/>\n<meta property=\"og:site_name\" content=\"Coquett - Tienda Online\" \/>\n<meta property=\"article:modified_time\" content=\"2025-01-16T17:43:07+00:00\" \/>\n<meta property=\"og:image\" content=\"https:\/\/tiendacoquett.es\/wp-content\/uploads\/2024\/03\/Maderoterapia.png\" \/>\n\t<meta property=\"og:image:width\" content=\"600\" \/>\n\t<meta property=\"og:image:height\" content=\"1000\" \/>\n\t<meta property=\"og:image:type\" content=\"image\/png\" \/>\n<meta name=\"twitter:card\" content=\"summary_large_image\" \/>\n<meta name=\"twitter:label1\" content=\"Estimated reading time\" \/>\n\t<meta name=\"twitter:data1\" content=\"1 minute\" \/>\n<script type=\"application\/ld+json\" class=\"yoast-schema-graph\">{\"@context\":\"https:\/\/schema.org\",\"@graph\":[{\"@type\":\"WebPage\",\"@id\":\"https:\/\/tiendacoquett.es\/producto\/maderoterapia\/\",\"url\":\"https:\/\/tiendacoquett.es\/producto\/maderoterapia\/\",\"name\":\"Maderoterapia - Coquett - Tienda Online\",\"isPartOf\":{\"@id\":\"https:\/\/tiendacoquett.es\/#website\"},\"primaryImageOfPage\":{\"@id\":\"https:\/\/tiendacoquett.es\/producto\/maderoterapia\/#primaryimage\"},\"image\":{\"@id\":\"https:\/\/tiendacoquett.es\/producto\/maderoterapia\/#primaryimage\"},\"thumbnailUrl\":\"https:\/\/tiendacoquett.es\/wp-content\/uploads\/2024\/03\/Maderoterapia.png\",\"datePublished\":\"2024-03-12T22:40:37+00:00\",\"dateModified\":\"2025-01-16T17:43:07+00:00\",\"breadcrumb\":{\"@id\":\"https:\/\/tiendacoquett.es\/producto\/maderoterapia\/#breadcrumb\"},\"inLanguage\":\"en-GB\",\"potentialAction\":[{\"@type\":\"ReadAction\",\"target\":[\"https:\/\/tiendacoquett.es\/producto\/maderoterapia\/\"]}]},{\"@type\":\"ImageObject\",\"inLanguage\":\"en-GB\",\"@id\":\"https:\/\/tiendacoquett.es\/producto\/maderoterapia\/#primaryimage\",\"url\":\"https:\/\/tiendacoquett.es\/wp-content\/uploads\/2024\/03\/Maderoterapia.png\",\"contentUrl\":\"https:\/\/tiendacoquett.es\/wp-content\/uploads\/2024\/03\/Maderoterapia.png\",\"width\":600,\"height\":1000,\"caption\":\"Maderoterapia\"},{\"@type\":\"BreadcrumbList\",\"@id\":\"https:\/\/tiendacoquett.es\/producto\/maderoterapia\/#breadcrumb\",\"itemListElement\":[{\"@type\":\"ListItem\",\"position\":1,\"name\":\"Portada\",\"item\":\"https:\/\/tiendacoquett.es\/\"},{\"@type\":\"ListItem\",\"position\":2,\"name\":\"Tienda\",\"item\":\"https:\/\/tiendacoquett.es\/tienda\/\"},{\"@type\":\"ListItem\",\"position\":3,\"name\":\"Maderoterapia\"}]},{\"@type\":\"WebSite\",\"@id\":\"https:\/\/tiendacoquett.es\/#website\",\"url\":\"https:\/\/tiendacoquett.es\/\",\"name\":\"Coquett - Tienda Online\",\"description\":\"Tratamientos &amp; Productos\",\"potentialAction\":[{\"@type\":\"SearchAction\",\"target\":{\"@type\":\"EntryPoint\",\"urlTemplate\":\"https:\/\/tiendacoquett.es\/?s={search_term_string}\"},\"query-input\":{\"@type\":\"PropertyValueSpecification\",\"valueRequired\":true,\"valueName\":\"search_term_string\"}}],\"inLanguage\":\"en-GB\"}]}<\/script>\n<!-- \/ Yoast SEO plugin. -->","yoast_head_json":{"title":"Maderoterapia - Coquett - Tienda Online","robots":{"index":"index","follow":"follow","max-snippet":"max-snippet:-1","max-image-preview":"max-image-preview:large","max-video-preview":"max-video-preview:-1"},"canonical":"https:\/\/tiendacoquett.es\/en\/product\/maderoterapia\/","og_locale":"en_GB","og_type":"article","og_title":"Maderoterapia - Coquett - Tienda Online","og_description":"La maderoterapia corporal es un tratamiento en el que utilizamos herramientas de madera dise\u00f1adas para masajear y modelar el cuerpo   Sus beneficios son m\u00faltiples: estimula la circulaci\u00f3n linf\u00e1tica y sangu\u00ednea, previniendo la aparici\u00f3n de celulitis y mejorando la retenci\u00f3n de l\u00edquidos, favorece la tonificaci\u00f3n, esculpe el contorno corporal y mejora la elasticidad de la piel   Agenda tu cita para un diagn\u00f3stico corporal\u00a0 y descubre el tratamiento perfecto para alcanzar tus objetivos est\u00e9ticos de manera efectiva y adaptada a tus necesidades","og_url":"https:\/\/tiendacoquett.es\/en\/product\/maderoterapia\/","og_site_name":"Coquett - Tienda Online","article_modified_time":"2025-01-16T17:43:07+00:00","og_image":[{"width":600,"height":1000,"url":"https:\/\/tiendacoquett.es\/wp-content\/uploads\/2024\/03\/Maderoterapia.png","type":"image\/png"}],"twitter_card":"summary_large_image","twitter_misc":{"Estimated reading time":"1 minute"},"schema":{"@context":"https:\/\/schema.org","@graph":[{"@type":"WebPage","@id":"https:\/\/tiendacoquett.es\/producto\/maderoterapia\/","url":"https:\/\/tiendacoquett.es\/producto\/maderoterapia\/","name":"Maderoterapia - Coquett - Tienda Online","isPartOf":{"@id":"https:\/\/tiendacoquett.es\/#website"},"primaryImageOfPage":{"@id":"https:\/\/tiendacoquett.es\/producto\/maderoterapia\/#primaryimage"},"image":{"@id":"https:\/\/tiendacoquett.es\/producto\/maderoterapia\/#primaryimage"},"thumbnailUrl":"https:\/\/tiendacoquett.es\/wp-content\/uploads\/2024\/03\/Maderoterapia.png","datePublished":"2024-03-12T22:40:37+00:00","dateModified":"2025-01-16T17:43:07+00:00","breadcrumb":{"@id":"https:\/\/tiendacoquett.es\/producto\/maderoterapia\/#breadcrumb"},"inLanguage":"en-GB","potentialAction":[{"@type":"ReadAction","target":["https:\/\/tiendacoquett.es\/producto\/maderoterapia\/"]}]},{"@type":"ImageObject","inLanguage":"en-GB","@id":"https:\/\/tiendacoquett.es\/producto\/maderoterapia\/#primaryimage","url":"https:\/\/tiendacoquett.es\/wp-content\/uploads\/2024\/03\/Maderoterapia.png","contentUrl":"https:\/\/tiendacoquett.es\/wp-content\/uploads\/2024\/03\/Maderoterapia.png","width":600,"height":1000,"caption":"Maderoterapia"},{"@type":"BreadcrumbList","@id":"https:\/\/tiendacoquett.es\/producto\/maderoterapia\/#breadcrumb","itemListElement":[{"@type":"ListItem","position":1,"name":"Portada","item":"https:\/\/tiendacoquett.es\/"},{"@type":"ListItem","position":2,"name":"Tienda","item":"https:\/\/tiendacoquett.es\/tienda\/"},{"@type":"ListItem","position":3,"name":"Maderoterapia"}]},{"@type":"WebSite","@id":"https:\/\/tiendacoquett.es\/#website","url":"https:\/\/tiendacoquett.es\/","name":"Coquett - Tienda Online","description":"Tratamientos &amp; Productos","potentialAction":[{"@type":"SearchAction","target":{"@type":"EntryPoint","urlTemplate":"https:\/\/tiendacoquett.es\/?s={search_term_string}"},"query-input":{"@type":"PropertyValueSpecification","valueRequired":true,"valueName":"search_term_string"}}],"inLanguage":"en-GB"}]}},"_links":{"self":[{"href":"https:\/\/tiendacoquett.es\/en\/wp-json\/wp\/v2\/product\/9700","targetHints":{"allow":["GET"]}}],"collection":[{"href":"https:\/\/tiendacoquett.es\/en\/wp-json\/wp\/v2\/product"}],"about":[{"href":"https:\/\/tiendacoquett.es\/en\/wp-json\/wp\/v2\/types\/product"}],"replies":[{"embeddable":true,"href":"https:\/\/tiendacoquett.es\/en\/wp-json\/wp\/v2\/comments?post=9700"}],"version-history":[{"count":7,"href":"https:\/\/tiendacoquett.es\/en\/wp-json\/wp\/v2\/product\/9700\/revisions"}],"predecessor-version":[{"id":10937,"href":"https:\/\/tiendacoquett.es\/en\/wp-json\/wp\/v2\/product\/9700\/revisions\/10937"}],"wp:featuredmedia":[{"embeddable":true,"href":"https:\/\/tiendacoquett.es\/en\/wp-json\/wp\/v2\/media\/9701"}],"wp:attachment":[{"href":"https:\/\/tiendacoquett.es\/en\/wp-json\/wp\/v2\/media?parent=9700"}],"wp:term":[{"taxonomy":"product_brand","embeddable":true,"href":"https:\/\/tiendacoquett.es\/en\/wp-json\/wp\/v2\/product_brand?post=9700"},{"taxonomy":"product_cat","embeddable":true,"href":"https:\/\/tiendacoquett.es\/en\/wp-json\/wp\/v2\/product_cat?post=9700"},{"taxonomy":"product_tag","embeddable":true,"href":"https:\/\/tiendacoquett.es\/en\/wp-json\/wp\/v2\/product_tag?post=9700"}],"curies":[{"name":"wp","href":"https:\/\/api.w.org\/{rel}","templated":true}]}}