{"id":9722,"date":"2024-03-12T23:10:02","date_gmt":"2024-03-12T23:10:02","guid":{"rendered":"https:\/\/tiendacoquett.es\/?post_type=product&#038;p=9722"},"modified":"2024-12-13T00:29:29","modified_gmt":"2024-12-13T00:29:29","slug":"depilacion-laser-2","status":"publish","type":"product","link":"https:\/\/tiendacoquett.es\/en\/product\/depilacion-laser-2\/","title":{"rendered":"Depilaci\u00f3n l\u00e1ser"},"content":{"rendered":"","protected":false},"excerpt":{"rendered":"<p style=\"text-align: left;\">La depilaci\u00f3n l\u00e1ser con el m\u00e9todo Triphase es una t\u00e9cnica avanzada y eficaz para eliminar el vello no deseado de manera permanente. Este innovador sistema combina tres fases de energ\u00eda l\u00e1ser que trabajan de forma simult\u00e1nea para garantizar una depilaci\u00f3n m\u00e1s precisa, r\u00e1pida y duradera. Gracias a su tecnolog\u00eda de \u00faltima generaci\u00f3n, el m\u00e9todo Triphase act\u00faa sobre diferentes estructuras del vello y la piel, proporcionando resultados \u00f3ptimos en menos sesiones.<\/p>\n<p style=\"text-align: left;\">Ideal para todo tipo de piel y vello, el tratamiento es r\u00e1pido, c\u00f3modo y pr\u00e1cticamente indoloro, con m\u00ednimas molestias. Adem\u00e1s, la tecnolog\u00eda Triphase asegura una depilaci\u00f3n efectiva, minimizando el riesgo de irritaciones o efectos secundarios. Con este tratamiento, lograr\u00e1s una piel suave y libre de vello durante mucho m\u00e1s tiempo, con resultados visibles desde las primeras sesiones.<\/p>","protected":false},"featured_media":9715,"comment_status":"open","ping_status":"closed","template":"","meta":[],"product_brand":[],"product_cat":[117],"product_tag":[],"class_list":{"0":"post-9722","1":"product","2":"type-product","3":"status-publish","4":"has-post-thumbnail","6":"product_cat-depilacion-laser","8":"first","9":"instock","10":"shipping-taxable","11":"product-type-simple"},"yoast_head":"<!-- This site is optimized with the Yoast SEO plugin v25.4 - https:\/\/yoast.com\/wordpress\/plugins\/seo\/ -->\n<title>Depilaci\u00f3n l\u00e1ser - Coquett - Tienda Online<\/title>\n<meta name=\"robots\" content=\"index, follow, max-snippet:-1, max-image-preview:large, max-video-preview:-1\" \/>\n<link rel=\"canonical\" href=\"https:\/\/tiendacoquett.es\/en\/product\/depilacion-laser-2\/\" \/>\n<meta property=\"og:locale\" content=\"en_GB\" \/>\n<meta property=\"og:type\" content=\"article\" \/>\n<meta property=\"og:title\" content=\"Depilaci\u00f3n l\u00e1ser - Coquett - Tienda Online\" \/>\n<meta property=\"og:description\" content=\"La depilaci\u00f3n l\u00e1ser con el m\u00e9todo Triphase es una t\u00e9cnica avanzada y eficaz para eliminar el vello no deseado de manera permanente. Este innovador sistema combina tres fases de energ\u00eda l\u00e1ser que trabajan de forma simult\u00e1nea para garantizar una depilaci\u00f3n m\u00e1s precisa, r\u00e1pida y duradera. Gracias a su tecnolog\u00eda de \u00faltima generaci\u00f3n, el m\u00e9todo Triphase act\u00faa sobre diferentes estructuras del vello y la piel, proporcionando resultados \u00f3ptimos en menos sesiones. Ideal para todo tipo de piel y vello, el tratamiento es r\u00e1pido, c\u00f3modo y pr\u00e1cticamente indoloro, con m\u00ednimas molestias. Adem\u00e1s, la tecnolog\u00eda Triphase asegura una depilaci\u00f3n efectiva, minimizando el riesgo de irritaciones o efectos secundarios. Con este tratamiento, lograr\u00e1s una piel suave y libre de vello durante mucho m\u00e1s tiempo, con resultados visibles desde las primeras sesiones.\" \/>\n<meta property=\"og:url\" content=\"https:\/\/tiendacoquett.es\/en\/product\/depilacion-laser-2\/\" \/>\n<meta property=\"og:site_name\" content=\"Coquett - Tienda Online\" \/>\n<meta property=\"article:modified_time\" content=\"2024-12-13T00:29:29+00:00\" \/>\n<meta property=\"og:image\" content=\"https:\/\/tiendacoquett.es\/wp-content\/uploads\/2024\/03\/depilacion-laser.png\" \/>\n\t<meta property=\"og:image:width\" content=\"600\" \/>\n\t<meta property=\"og:image:height\" content=\"1000\" \/>\n\t<meta property=\"og:image:type\" content=\"image\/png\" \/>\n<meta name=\"twitter:card\" content=\"summary_large_image\" \/>\n<meta name=\"twitter:label1\" content=\"Estimated reading time\" \/>\n\t<meta name=\"twitter:data1\" content=\"1 minute\" \/>\n<script type=\"application\/ld+json\" class=\"yoast-schema-graph\">{\"@context\":\"https:\/\/schema.org\",\"@graph\":[{\"@type\":\"WebPage\",\"@id\":\"https:\/\/tiendacoquett.es\/producto\/depilacion-laser-2\/\",\"url\":\"https:\/\/tiendacoquett.es\/producto\/depilacion-laser-2\/\",\"name\":\"Depilaci\u00f3n l\u00e1ser - Coquett - Tienda Online\",\"isPartOf\":{\"@id\":\"https:\/\/tiendacoquett.es\/#website\"},\"primaryImageOfPage\":{\"@id\":\"https:\/\/tiendacoquett.es\/producto\/depilacion-laser-2\/#primaryimage\"},\"image\":{\"@id\":\"https:\/\/tiendacoquett.es\/producto\/depilacion-laser-2\/#primaryimage\"},\"thumbnailUrl\":\"https:\/\/tiendacoquett.es\/wp-content\/uploads\/2024\/03\/depilacion-laser.png\",\"datePublished\":\"2024-03-12T23:10:02+00:00\",\"dateModified\":\"2024-12-13T00:29:29+00:00\",\"breadcrumb\":{\"@id\":\"https:\/\/tiendacoquett.es\/producto\/depilacion-laser-2\/#breadcrumb\"},\"inLanguage\":\"en-GB\",\"potentialAction\":[{\"@type\":\"ReadAction\",\"target\":[\"https:\/\/tiendacoquett.es\/producto\/depilacion-laser-2\/\"]}]},{\"@type\":\"ImageObject\",\"inLanguage\":\"en-GB\",\"@id\":\"https:\/\/tiendacoquett.es\/producto\/depilacion-laser-2\/#primaryimage\",\"url\":\"https:\/\/tiendacoquett.es\/wp-content\/uploads\/2024\/03\/depilacion-laser.png\",\"contentUrl\":\"https:\/\/tiendacoquett.es\/wp-content\/uploads\/2024\/03\/depilacion-laser.png\",\"width\":600,\"height\":1000,\"caption\":\"depilaci\u00f3n l\u00e1ser\"},{\"@type\":\"BreadcrumbList\",\"@id\":\"https:\/\/tiendacoquett.es\/producto\/depilacion-laser-2\/#breadcrumb\",\"itemListElement\":[{\"@type\":\"ListItem\",\"position\":1,\"name\":\"Portada\",\"item\":\"https:\/\/tiendacoquett.es\/\"},{\"@type\":\"ListItem\",\"position\":2,\"name\":\"Tienda\",\"item\":\"https:\/\/tiendacoquett.es\/tienda\/\"},{\"@type\":\"ListItem\",\"position\":3,\"name\":\"Depilaci\u00f3n l\u00e1ser\"}]},{\"@type\":\"WebSite\",\"@id\":\"https:\/\/tiendacoquett.es\/#website\",\"url\":\"https:\/\/tiendacoquett.es\/\",\"name\":\"Coquett - Tienda Online\",\"description\":\"Tratamientos &amp; Productos\",\"potentialAction\":[{\"@type\":\"SearchAction\",\"target\":{\"@type\":\"EntryPoint\",\"urlTemplate\":\"https:\/\/tiendacoquett.es\/?s={search_term_string}\"},\"query-input\":{\"@type\":\"PropertyValueSpecification\",\"valueRequired\":true,\"valueName\":\"search_term_string\"}}],\"inLanguage\":\"en-GB\"}]}<\/script>\n<!-- \/ Yoast SEO plugin. -->","yoast_head_json":{"title":"Depilaci\u00f3n l\u00e1ser - Coquett - Tienda Online","robots":{"index":"index","follow":"follow","max-snippet":"max-snippet:-1","max-image-preview":"max-image-preview:large","max-video-preview":"max-video-preview:-1"},"canonical":"https:\/\/tiendacoquett.es\/en\/product\/depilacion-laser-2\/","og_locale":"en_GB","og_type":"article","og_title":"Depilaci\u00f3n l\u00e1ser - Coquett - Tienda Online","og_description":"La depilaci\u00f3n l\u00e1ser con el m\u00e9todo Triphase es una t\u00e9cnica avanzada y eficaz para eliminar el vello no deseado de manera permanente. Este innovador sistema combina tres fases de energ\u00eda l\u00e1ser que trabajan de forma simult\u00e1nea para garantizar una depilaci\u00f3n m\u00e1s precisa, r\u00e1pida y duradera. Gracias a su tecnolog\u00eda de \u00faltima generaci\u00f3n, el m\u00e9todo Triphase act\u00faa sobre diferentes estructuras del vello y la piel, proporcionando resultados \u00f3ptimos en menos sesiones. Ideal para todo tipo de piel y vello, el tratamiento es r\u00e1pido, c\u00f3modo y pr\u00e1cticamente indoloro, con m\u00ednimas molestias. Adem\u00e1s, la tecnolog\u00eda Triphase asegura una depilaci\u00f3n efectiva, minimizando el riesgo de irritaciones o efectos secundarios. Con este tratamiento, lograr\u00e1s una piel suave y libre de vello durante mucho m\u00e1s tiempo, con resultados visibles desde las primeras sesiones.","og_url":"https:\/\/tiendacoquett.es\/en\/product\/depilacion-laser-2\/","og_site_name":"Coquett - Tienda Online","article_modified_time":"2024-12-13T00:29:29+00:00","og_image":[{"width":600,"height":1000,"url":"https:\/\/tiendacoquett.es\/wp-content\/uploads\/2024\/03\/depilacion-laser.png","type":"image\/png"}],"twitter_card":"summary_large_image","twitter_misc":{"Estimated reading time":"1 minute"},"schema":{"@context":"https:\/\/schema.org","@graph":[{"@type":"WebPage","@id":"https:\/\/tiendacoquett.es\/producto\/depilacion-laser-2\/","url":"https:\/\/tiendacoquett.es\/producto\/depilacion-laser-2\/","name":"Depilaci\u00f3n l\u00e1ser - Coquett - Tienda Online","isPartOf":{"@id":"https:\/\/tiendacoquett.es\/#website"},"primaryImageOfPage":{"@id":"https:\/\/tiendacoquett.es\/producto\/depilacion-laser-2\/#primaryimage"},"image":{"@id":"https:\/\/tiendacoquett.es\/producto\/depilacion-laser-2\/#primaryimage"},"thumbnailUrl":"https:\/\/tiendacoquett.es\/wp-content\/uploads\/2024\/03\/depilacion-laser.png","datePublished":"2024-03-12T23:10:02+00:00","dateModified":"2024-12-13T00:29:29+00:00","breadcrumb":{"@id":"https:\/\/tiendacoquett.es\/producto\/depilacion-laser-2\/#breadcrumb"},"inLanguage":"en-GB","potentialAction":[{"@type":"ReadAction","target":["https:\/\/tiendacoquett.es\/producto\/depilacion-laser-2\/"]}]},{"@type":"ImageObject","inLanguage":"en-GB","@id":"https:\/\/tiendacoquett.es\/producto\/depilacion-laser-2\/#primaryimage","url":"https:\/\/tiendacoquett.es\/wp-content\/uploads\/2024\/03\/depilacion-laser.png","contentUrl":"https:\/\/tiendacoquett.es\/wp-content\/uploads\/2024\/03\/depilacion-laser.png","width":600,"height":1000,"caption":"depilaci\u00f3n l\u00e1ser"},{"@type":"BreadcrumbList","@id":"https:\/\/tiendacoquett.es\/producto\/depilacion-laser-2\/#breadcrumb","itemListElement":[{"@type":"ListItem","position":1,"name":"Portada","item":"https:\/\/tiendacoquett.es\/"},{"@type":"ListItem","position":2,"name":"Tienda","item":"https:\/\/tiendacoquett.es\/tienda\/"},{"@type":"ListItem","position":3,"name":"Depilaci\u00f3n l\u00e1ser"}]},{"@type":"WebSite","@id":"https:\/\/tiendacoquett.es\/#website","url":"https:\/\/tiendacoquett.es\/","name":"Coquett - Tienda Online","description":"Tratamientos &amp; Productos","potentialAction":[{"@type":"SearchAction","target":{"@type":"EntryPoint","urlTemplate":"https:\/\/tiendacoquett.es\/?s={search_term_string}"},"query-input":{"@type":"PropertyValueSpecification","valueRequired":true,"valueName":"search_term_string"}}],"inLanguage":"en-GB"}]}},"_links":{"self":[{"href":"https:\/\/tiendacoquett.es\/en\/wp-json\/wp\/v2\/product\/9722","targetHints":{"allow":["GET"]}}],"collection":[{"href":"https:\/\/tiendacoquett.es\/en\/wp-json\/wp\/v2\/product"}],"about":[{"href":"https:\/\/tiendacoquett.es\/en\/wp-json\/wp\/v2\/types\/product"}],"replies":[{"embeddable":true,"href":"https:\/\/tiendacoquett.es\/en\/wp-json\/wp\/v2\/comments?post=9722"}],"version-history":[{"count":2,"href":"https:\/\/tiendacoquett.es\/en\/wp-json\/wp\/v2\/product\/9722\/revisions"}],"predecessor-version":[{"id":10867,"href":"https:\/\/tiendacoquett.es\/en\/wp-json\/wp\/v2\/product\/9722\/revisions\/10867"}],"wp:featuredmedia":[{"embeddable":true,"href":"https:\/\/tiendacoquett.es\/en\/wp-json\/wp\/v2\/media\/9715"}],"wp:attachment":[{"href":"https:\/\/tiendacoquett.es\/en\/wp-json\/wp\/v2\/media?parent=9722"}],"wp:term":[{"taxonomy":"product_brand","embeddable":true,"href":"https:\/\/tiendacoquett.es\/en\/wp-json\/wp\/v2\/product_brand?post=9722"},{"taxonomy":"product_cat","embeddable":true,"href":"https:\/\/tiendacoquett.es\/en\/wp-json\/wp\/v2\/product_cat?post=9722"},{"taxonomy":"product_tag","embeddable":true,"href":"https:\/\/tiendacoquett.es\/en\/wp-json\/wp\/v2\/product_tag?post=9722"}],"curies":[{"name":"wp","href":"https:\/\/api.w.org\/{rel}","templated":true}]}}