{"id":9725,"date":"2024-03-12T23:12:52","date_gmt":"2024-03-12T23:12:52","guid":{"rendered":"https:\/\/tiendacoquett.es\/?post_type=product&#038;p=9725"},"modified":"2024-12-13T00:27:46","modified_gmt":"2024-12-13T00:27:46","slug":"laminado-de-pestanas","status":"publish","type":"product","link":"https:\/\/tiendacoquett.es\/en\/product\/laminado-de-pestanas\/","title":{"rendered":"Laminado de pesta\u00f1as"},"content":{"rendered":"","protected":false},"excerpt":{"rendered":"<p style=\"text-align: left;\">El laminado de pesta\u00f1as es un tratamiento innovador que da forma, volumen y un aspecto natural a tus pesta\u00f1as. Mediante una t\u00e9cnica de fijaci\u00f3n, las pesta\u00f1as se elevan y curvan de forma duradera, realzando la mirada de manera sutil pero impactante. Adem\u00e1s, se nutren y fortalecen con productos especiales, promoviendo un crecimiento saludable.<\/p>\n<p style=\"text-align: left;\">Ideal para quienes desean una mirada m\u00e1s intensa y definida sin el uso de m\u00e1scara de pesta\u00f1as ni extensiones, el laminado de pesta\u00f1as es perfecto para lograr unas pesta\u00f1as naturales, largas y rizadas, con resultados que pueden durar entre 6 a 8 semanas.<\/p>\n<p style=\"text-align: left;\">\u00a1Despierta cada ma\u00f1ana con una mirada radiante y libre de esfuerzo!<\/p>","protected":false},"featured_media":9718,"comment_status":"open","ping_status":"closed","template":"","meta":[],"product_brand":[],"product_cat":[133],"product_tag":[],"class_list":{"0":"post-9725","1":"product","2":"type-product","3":"status-publish","4":"has-post-thumbnail","6":"product_cat-laminado-de-pestanas","8":"first","9":"instock","10":"shipping-taxable","11":"purchasable","12":"product-type-simple"},"yoast_head":"<!-- This site is optimized with the Yoast SEO plugin v25.4 - https:\/\/yoast.com\/wordpress\/plugins\/seo\/ -->\n<title>Laminado de pesta\u00f1as - Coquett - Tienda Online<\/title>\n<meta name=\"robots\" content=\"index, follow, max-snippet:-1, max-image-preview:large, max-video-preview:-1\" \/>\n<link rel=\"canonical\" href=\"https:\/\/tiendacoquett.es\/en\/product\/laminado-de-pestanas\/\" \/>\n<meta property=\"og:locale\" content=\"en_GB\" \/>\n<meta property=\"og:type\" content=\"article\" \/>\n<meta property=\"og:title\" content=\"Laminado de pesta\u00f1as - Coquett - Tienda Online\" \/>\n<meta property=\"og:description\" content=\"El laminado de pesta\u00f1as es un tratamiento innovador que da forma, volumen y un aspecto natural a tus pesta\u00f1as. Mediante una t\u00e9cnica de fijaci\u00f3n, las pesta\u00f1as se elevan y curvan de forma duradera, realzando la mirada de manera sutil pero impactante. Adem\u00e1s, se nutren y fortalecen con productos especiales, promoviendo un crecimiento saludable. Ideal para quienes desean una mirada m\u00e1s intensa y definida sin el uso de m\u00e1scara de pesta\u00f1as ni extensiones, el laminado de pesta\u00f1as es perfecto para lograr unas pesta\u00f1as naturales, largas y rizadas, con resultados que pueden durar entre 6 a 8 semanas. \u00a1Despierta cada ma\u00f1ana con una mirada radiante y libre de esfuerzo!\" \/>\n<meta property=\"og:url\" content=\"https:\/\/tiendacoquett.es\/en\/product\/laminado-de-pestanas\/\" \/>\n<meta property=\"og:site_name\" content=\"Coquett - Tienda Online\" \/>\n<meta property=\"article:modified_time\" content=\"2024-12-13T00:27:46+00:00\" \/>\n<meta property=\"og:image\" content=\"https:\/\/tiendacoquett.es\/wp-content\/uploads\/2024\/03\/pestanas.png\" \/>\n\t<meta property=\"og:image:width\" content=\"600\" \/>\n\t<meta property=\"og:image:height\" content=\"1000\" \/>\n\t<meta property=\"og:image:type\" content=\"image\/png\" \/>\n<meta name=\"twitter:card\" content=\"summary_large_image\" \/>\n<meta name=\"twitter:label1\" content=\"Estimated reading time\" \/>\n\t<meta name=\"twitter:data1\" content=\"1 minute\" \/>\n<script type=\"application\/ld+json\" class=\"yoast-schema-graph\">{\"@context\":\"https:\/\/schema.org\",\"@graph\":[{\"@type\":\"WebPage\",\"@id\":\"https:\/\/tiendacoquett.es\/producto\/laminado-de-pestanas\/\",\"url\":\"https:\/\/tiendacoquett.es\/producto\/laminado-de-pestanas\/\",\"name\":\"Laminado de pesta\u00f1as - Coquett - Tienda Online\",\"isPartOf\":{\"@id\":\"https:\/\/tiendacoquett.es\/#website\"},\"primaryImageOfPage\":{\"@id\":\"https:\/\/tiendacoquett.es\/producto\/laminado-de-pestanas\/#primaryimage\"},\"image\":{\"@id\":\"https:\/\/tiendacoquett.es\/producto\/laminado-de-pestanas\/#primaryimage\"},\"thumbnailUrl\":\"https:\/\/tiendacoquett.es\/wp-content\/uploads\/2024\/03\/pestanas.png\",\"datePublished\":\"2024-03-12T23:12:52+00:00\",\"dateModified\":\"2024-12-13T00:27:46+00:00\",\"breadcrumb\":{\"@id\":\"https:\/\/tiendacoquett.es\/producto\/laminado-de-pestanas\/#breadcrumb\"},\"inLanguage\":\"en-GB\",\"potentialAction\":[{\"@type\":\"ReadAction\",\"target\":[\"https:\/\/tiendacoquett.es\/producto\/laminado-de-pestanas\/\"]}]},{\"@type\":\"ImageObject\",\"inLanguage\":\"en-GB\",\"@id\":\"https:\/\/tiendacoquett.es\/producto\/laminado-de-pestanas\/#primaryimage\",\"url\":\"https:\/\/tiendacoquett.es\/wp-content\/uploads\/2024\/03\/pestanas.png\",\"contentUrl\":\"https:\/\/tiendacoquett.es\/wp-content\/uploads\/2024\/03\/pestanas.png\",\"width\":600,\"height\":1000,\"caption\":\"laminado de pesta\u00f1as\"},{\"@type\":\"BreadcrumbList\",\"@id\":\"https:\/\/tiendacoquett.es\/producto\/laminado-de-pestanas\/#breadcrumb\",\"itemListElement\":[{\"@type\":\"ListItem\",\"position\":1,\"name\":\"Portada\",\"item\":\"https:\/\/tiendacoquett.es\/\"},{\"@type\":\"ListItem\",\"position\":2,\"name\":\"Tienda\",\"item\":\"https:\/\/tiendacoquett.es\/tienda\/\"},{\"@type\":\"ListItem\",\"position\":3,\"name\":\"Laminado de pesta\u00f1as\"}]},{\"@type\":\"WebSite\",\"@id\":\"https:\/\/tiendacoquett.es\/#website\",\"url\":\"https:\/\/tiendacoquett.es\/\",\"name\":\"Coquett - Tienda Online\",\"description\":\"Tratamientos &amp; Productos\",\"potentialAction\":[{\"@type\":\"SearchAction\",\"target\":{\"@type\":\"EntryPoint\",\"urlTemplate\":\"https:\/\/tiendacoquett.es\/?s={search_term_string}\"},\"query-input\":{\"@type\":\"PropertyValueSpecification\",\"valueRequired\":true,\"valueName\":\"search_term_string\"}}],\"inLanguage\":\"en-GB\"}]}<\/script>\n<!-- \/ Yoast SEO plugin. -->","yoast_head_json":{"title":"Laminado de pesta\u00f1as - Coquett - Tienda Online","robots":{"index":"index","follow":"follow","max-snippet":"max-snippet:-1","max-image-preview":"max-image-preview:large","max-video-preview":"max-video-preview:-1"},"canonical":"https:\/\/tiendacoquett.es\/en\/product\/laminado-de-pestanas\/","og_locale":"en_GB","og_type":"article","og_title":"Laminado de pesta\u00f1as - Coquett - Tienda Online","og_description":"El laminado de pesta\u00f1as es un tratamiento innovador que da forma, volumen y un aspecto natural a tus pesta\u00f1as. Mediante una t\u00e9cnica de fijaci\u00f3n, las pesta\u00f1as se elevan y curvan de forma duradera, realzando la mirada de manera sutil pero impactante. Adem\u00e1s, se nutren y fortalecen con productos especiales, promoviendo un crecimiento saludable. Ideal para quienes desean una mirada m\u00e1s intensa y definida sin el uso de m\u00e1scara de pesta\u00f1as ni extensiones, el laminado de pesta\u00f1as es perfecto para lograr unas pesta\u00f1as naturales, largas y rizadas, con resultados que pueden durar entre 6 a 8 semanas. \u00a1Despierta cada ma\u00f1ana con una mirada radiante y libre de esfuerzo!","og_url":"https:\/\/tiendacoquett.es\/en\/product\/laminado-de-pestanas\/","og_site_name":"Coquett - Tienda Online","article_modified_time":"2024-12-13T00:27:46+00:00","og_image":[{"width":600,"height":1000,"url":"https:\/\/tiendacoquett.es\/wp-content\/uploads\/2024\/03\/pestanas.png","type":"image\/png"}],"twitter_card":"summary_large_image","twitter_misc":{"Estimated reading time":"1 minute"},"schema":{"@context":"https:\/\/schema.org","@graph":[{"@type":"WebPage","@id":"https:\/\/tiendacoquett.es\/producto\/laminado-de-pestanas\/","url":"https:\/\/tiendacoquett.es\/producto\/laminado-de-pestanas\/","name":"Laminado de pesta\u00f1as - Coquett - Tienda Online","isPartOf":{"@id":"https:\/\/tiendacoquett.es\/#website"},"primaryImageOfPage":{"@id":"https:\/\/tiendacoquett.es\/producto\/laminado-de-pestanas\/#primaryimage"},"image":{"@id":"https:\/\/tiendacoquett.es\/producto\/laminado-de-pestanas\/#primaryimage"},"thumbnailUrl":"https:\/\/tiendacoquett.es\/wp-content\/uploads\/2024\/03\/pestanas.png","datePublished":"2024-03-12T23:12:52+00:00","dateModified":"2024-12-13T00:27:46+00:00","breadcrumb":{"@id":"https:\/\/tiendacoquett.es\/producto\/laminado-de-pestanas\/#breadcrumb"},"inLanguage":"en-GB","potentialAction":[{"@type":"ReadAction","target":["https:\/\/tiendacoquett.es\/producto\/laminado-de-pestanas\/"]}]},{"@type":"ImageObject","inLanguage":"en-GB","@id":"https:\/\/tiendacoquett.es\/producto\/laminado-de-pestanas\/#primaryimage","url":"https:\/\/tiendacoquett.es\/wp-content\/uploads\/2024\/03\/pestanas.png","contentUrl":"https:\/\/tiendacoquett.es\/wp-content\/uploads\/2024\/03\/pestanas.png","width":600,"height":1000,"caption":"laminado de pesta\u00f1as"},{"@type":"BreadcrumbList","@id":"https:\/\/tiendacoquett.es\/producto\/laminado-de-pestanas\/#breadcrumb","itemListElement":[{"@type":"ListItem","position":1,"name":"Portada","item":"https:\/\/tiendacoquett.es\/"},{"@type":"ListItem","position":2,"name":"Tienda","item":"https:\/\/tiendacoquett.es\/tienda\/"},{"@type":"ListItem","position":3,"name":"Laminado de pesta\u00f1as"}]},{"@type":"WebSite","@id":"https:\/\/tiendacoquett.es\/#website","url":"https:\/\/tiendacoquett.es\/","name":"Coquett - Tienda Online","description":"Tratamientos &amp; Productos","potentialAction":[{"@type":"SearchAction","target":{"@type":"EntryPoint","urlTemplate":"https:\/\/tiendacoquett.es\/?s={search_term_string}"},"query-input":{"@type":"PropertyValueSpecification","valueRequired":true,"valueName":"search_term_string"}}],"inLanguage":"en-GB"}]}},"_links":{"self":[{"href":"https:\/\/tiendacoquett.es\/en\/wp-json\/wp\/v2\/product\/9725","targetHints":{"allow":["GET"]}}],"collection":[{"href":"https:\/\/tiendacoquett.es\/en\/wp-json\/wp\/v2\/product"}],"about":[{"href":"https:\/\/tiendacoquett.es\/en\/wp-json\/wp\/v2\/types\/product"}],"replies":[{"embeddable":true,"href":"https:\/\/tiendacoquett.es\/en\/wp-json\/wp\/v2\/comments?post=9725"}],"version-history":[{"count":2,"href":"https:\/\/tiendacoquett.es\/en\/wp-json\/wp\/v2\/product\/9725\/revisions"}],"predecessor-version":[{"id":10866,"href":"https:\/\/tiendacoquett.es\/en\/wp-json\/wp\/v2\/product\/9725\/revisions\/10866"}],"wp:featuredmedia":[{"embeddable":true,"href":"https:\/\/tiendacoquett.es\/en\/wp-json\/wp\/v2\/media\/9718"}],"wp:attachment":[{"href":"https:\/\/tiendacoquett.es\/en\/wp-json\/wp\/v2\/media?parent=9725"}],"wp:term":[{"taxonomy":"product_brand","embeddable":true,"href":"https:\/\/tiendacoquett.es\/en\/wp-json\/wp\/v2\/product_brand?post=9725"},{"taxonomy":"product_cat","embeddable":true,"href":"https:\/\/tiendacoquett.es\/en\/wp-json\/wp\/v2\/product_cat?post=9725"},{"taxonomy":"product_tag","embeddable":true,"href":"https:\/\/tiendacoquett.es\/en\/wp-json\/wp\/v2\/product_tag?post=9725"}],"curies":[{"name":"wp","href":"https:\/\/api.w.org\/{rel}","templated":true}]}}