{"id":9727,"date":"2024-03-12T23:14:13","date_gmt":"2024-03-12T23:14:13","guid":{"rendered":"https:\/\/tiendacoquett.es\/?post_type=product&#038;p=9727"},"modified":"2024-12-13T00:24:49","modified_gmt":"2024-12-13T00:24:49","slug":"nutricion-clinica","status":"publish","type":"product","link":"https:\/\/tiendacoquett.es\/en\/product\/nutricion-clinica\/","title":{"rendered":"Nutrici\u00f3n cl\u00ednica"},"content":{"rendered":"","protected":false},"excerpt":{"rendered":"<p style=\"text-align: left;\">Creemos que la verdadera belleza comienza desde adentro. Por eso, ofrecemos un servicio de nutrici\u00f3n personalizada para ayudarte a alcanzar un bienestar integral. Nuestra experta en nutrici\u00f3n te guiar\u00e1 para crear un plan alimenticio adaptado a tus necesidades, objetivos y estilo de vida, promoviendo una salud \u00f3ptima y mejorando tu bienestar general.<\/p>\n<p style=\"text-align: left;\">Ya sea que busques perder peso, mejorar tu energ\u00eda o simplemente llevar un estilo de vida saludable, nuestros planes de nutrici\u00f3n son dise\u00f1ados para ofrecerte resultados duraderos. Te proporcionamos las herramientas y el apoyo que necesitas para tomar decisiones conscientes y equilibradas en tu alimentaci\u00f3n.<\/p>","protected":false},"featured_media":9717,"comment_status":"open","ping_status":"closed","template":"","meta":[],"product_brand":[],"product_cat":[20,122],"product_tag":[],"class_list":{"0":"post-9727","1":"product","2":"type-product","3":"status-publish","4":"has-post-thumbnail","6":"product_cat-tratamientos","7":"product_cat-nutricion-clinica","9":"first","10":"instock","11":"shipping-taxable","12":"purchasable","13":"product-type-simple"},"yoast_head":"<!-- This site is optimized with the Yoast SEO plugin v25.4 - https:\/\/yoast.com\/wordpress\/plugins\/seo\/ -->\n<title>Nutrici\u00f3n cl\u00ednica - Coquett - Tienda Online<\/title>\n<meta name=\"robots\" content=\"index, follow, max-snippet:-1, max-image-preview:large, max-video-preview:-1\" \/>\n<link rel=\"canonical\" href=\"https:\/\/tiendacoquett.es\/en\/product\/nutricion-clinica\/\" \/>\n<meta property=\"og:locale\" content=\"en_GB\" \/>\n<meta property=\"og:type\" content=\"article\" \/>\n<meta property=\"og:title\" content=\"Nutrici\u00f3n cl\u00ednica - Coquett - Tienda Online\" \/>\n<meta property=\"og:description\" content=\"Creemos que la verdadera belleza comienza desde adentro. Por eso, ofrecemos un servicio de nutrici\u00f3n personalizada para ayudarte a alcanzar un bienestar integral. Nuestra experta en nutrici\u00f3n te guiar\u00e1 para crear un plan alimenticio adaptado a tus necesidades, objetivos y estilo de vida, promoviendo una salud \u00f3ptima y mejorando tu bienestar general. Ya sea que busques perder peso, mejorar tu energ\u00eda o simplemente llevar un estilo de vida saludable, nuestros planes de nutrici\u00f3n son dise\u00f1ados para ofrecerte resultados duraderos. Te proporcionamos las herramientas y el apoyo que necesitas para tomar decisiones conscientes y equilibradas en tu alimentaci\u00f3n.\" \/>\n<meta property=\"og:url\" content=\"https:\/\/tiendacoquett.es\/en\/product\/nutricion-clinica\/\" \/>\n<meta property=\"og:site_name\" content=\"Coquett - Tienda Online\" \/>\n<meta property=\"article:modified_time\" content=\"2024-12-13T00:24:49+00:00\" \/>\n<meta property=\"og:image\" content=\"https:\/\/tiendacoquett.es\/wp-content\/uploads\/2024\/03\/nutricion.png\" \/>\n\t<meta property=\"og:image:width\" content=\"600\" \/>\n\t<meta property=\"og:image:height\" content=\"1000\" \/>\n\t<meta property=\"og:image:type\" content=\"image\/png\" \/>\n<meta name=\"twitter:card\" content=\"summary_large_image\" \/>\n<meta name=\"twitter:label1\" content=\"Estimated reading time\" \/>\n\t<meta name=\"twitter:data1\" content=\"1 minute\" \/>\n<script type=\"application\/ld+json\" class=\"yoast-schema-graph\">{\"@context\":\"https:\/\/schema.org\",\"@graph\":[{\"@type\":\"WebPage\",\"@id\":\"https:\/\/tiendacoquett.es\/producto\/nutricion-clinica\/\",\"url\":\"https:\/\/tiendacoquett.es\/producto\/nutricion-clinica\/\",\"name\":\"Nutrici\u00f3n cl\u00ednica - Coquett - Tienda Online\",\"isPartOf\":{\"@id\":\"https:\/\/tiendacoquett.es\/#website\"},\"primaryImageOfPage\":{\"@id\":\"https:\/\/tiendacoquett.es\/producto\/nutricion-clinica\/#primaryimage\"},\"image\":{\"@id\":\"https:\/\/tiendacoquett.es\/producto\/nutricion-clinica\/#primaryimage\"},\"thumbnailUrl\":\"https:\/\/tiendacoquett.es\/wp-content\/uploads\/2024\/03\/nutricion.png\",\"datePublished\":\"2024-03-12T23:14:13+00:00\",\"dateModified\":\"2024-12-13T00:24:49+00:00\",\"breadcrumb\":{\"@id\":\"https:\/\/tiendacoquett.es\/producto\/nutricion-clinica\/#breadcrumb\"},\"inLanguage\":\"en-GB\",\"potentialAction\":[{\"@type\":\"ReadAction\",\"target\":[\"https:\/\/tiendacoquett.es\/producto\/nutricion-clinica\/\"]}]},{\"@type\":\"ImageObject\",\"inLanguage\":\"en-GB\",\"@id\":\"https:\/\/tiendacoquett.es\/producto\/nutricion-clinica\/#primaryimage\",\"url\":\"https:\/\/tiendacoquett.es\/wp-content\/uploads\/2024\/03\/nutricion.png\",\"contentUrl\":\"https:\/\/tiendacoquett.es\/wp-content\/uploads\/2024\/03\/nutricion.png\",\"width\":600,\"height\":1000,\"caption\":\"nutrici\u00f3n cl\u00ednica\"},{\"@type\":\"BreadcrumbList\",\"@id\":\"https:\/\/tiendacoquett.es\/producto\/nutricion-clinica\/#breadcrumb\",\"itemListElement\":[{\"@type\":\"ListItem\",\"position\":1,\"name\":\"Portada\",\"item\":\"https:\/\/tiendacoquett.es\/\"},{\"@type\":\"ListItem\",\"position\":2,\"name\":\"Tienda\",\"item\":\"https:\/\/tiendacoquett.es\/tienda\/\"},{\"@type\":\"ListItem\",\"position\":3,\"name\":\"Nutrici\u00f3n cl\u00ednica\"}]},{\"@type\":\"WebSite\",\"@id\":\"https:\/\/tiendacoquett.es\/#website\",\"url\":\"https:\/\/tiendacoquett.es\/\",\"name\":\"Coquett - Tienda Online\",\"description\":\"Tratamientos &amp; Productos\",\"potentialAction\":[{\"@type\":\"SearchAction\",\"target\":{\"@type\":\"EntryPoint\",\"urlTemplate\":\"https:\/\/tiendacoquett.es\/?s={search_term_string}\"},\"query-input\":{\"@type\":\"PropertyValueSpecification\",\"valueRequired\":true,\"valueName\":\"search_term_string\"}}],\"inLanguage\":\"en-GB\"}]}<\/script>\n<!-- \/ Yoast SEO plugin. -->","yoast_head_json":{"title":"Nutrici\u00f3n cl\u00ednica - Coquett - Tienda Online","robots":{"index":"index","follow":"follow","max-snippet":"max-snippet:-1","max-image-preview":"max-image-preview:large","max-video-preview":"max-video-preview:-1"},"canonical":"https:\/\/tiendacoquett.es\/en\/product\/nutricion-clinica\/","og_locale":"en_GB","og_type":"article","og_title":"Nutrici\u00f3n cl\u00ednica - Coquett - Tienda Online","og_description":"Creemos que la verdadera belleza comienza desde adentro. Por eso, ofrecemos un servicio de nutrici\u00f3n personalizada para ayudarte a alcanzar un bienestar integral. Nuestra experta en nutrici\u00f3n te guiar\u00e1 para crear un plan alimenticio adaptado a tus necesidades, objetivos y estilo de vida, promoviendo una salud \u00f3ptima y mejorando tu bienestar general. Ya sea que busques perder peso, mejorar tu energ\u00eda o simplemente llevar un estilo de vida saludable, nuestros planes de nutrici\u00f3n son dise\u00f1ados para ofrecerte resultados duraderos. Te proporcionamos las herramientas y el apoyo que necesitas para tomar decisiones conscientes y equilibradas en tu alimentaci\u00f3n.","og_url":"https:\/\/tiendacoquett.es\/en\/product\/nutricion-clinica\/","og_site_name":"Coquett - Tienda Online","article_modified_time":"2024-12-13T00:24:49+00:00","og_image":[{"width":600,"height":1000,"url":"https:\/\/tiendacoquett.es\/wp-content\/uploads\/2024\/03\/nutricion.png","type":"image\/png"}],"twitter_card":"summary_large_image","twitter_misc":{"Estimated reading time":"1 minute"},"schema":{"@context":"https:\/\/schema.org","@graph":[{"@type":"WebPage","@id":"https:\/\/tiendacoquett.es\/producto\/nutricion-clinica\/","url":"https:\/\/tiendacoquett.es\/producto\/nutricion-clinica\/","name":"Nutrici\u00f3n cl\u00ednica - Coquett - Tienda Online","isPartOf":{"@id":"https:\/\/tiendacoquett.es\/#website"},"primaryImageOfPage":{"@id":"https:\/\/tiendacoquett.es\/producto\/nutricion-clinica\/#primaryimage"},"image":{"@id":"https:\/\/tiendacoquett.es\/producto\/nutricion-clinica\/#primaryimage"},"thumbnailUrl":"https:\/\/tiendacoquett.es\/wp-content\/uploads\/2024\/03\/nutricion.png","datePublished":"2024-03-12T23:14:13+00:00","dateModified":"2024-12-13T00:24:49+00:00","breadcrumb":{"@id":"https:\/\/tiendacoquett.es\/producto\/nutricion-clinica\/#breadcrumb"},"inLanguage":"en-GB","potentialAction":[{"@type":"ReadAction","target":["https:\/\/tiendacoquett.es\/producto\/nutricion-clinica\/"]}]},{"@type":"ImageObject","inLanguage":"en-GB","@id":"https:\/\/tiendacoquett.es\/producto\/nutricion-clinica\/#primaryimage","url":"https:\/\/tiendacoquett.es\/wp-content\/uploads\/2024\/03\/nutricion.png","contentUrl":"https:\/\/tiendacoquett.es\/wp-content\/uploads\/2024\/03\/nutricion.png","width":600,"height":1000,"caption":"nutrici\u00f3n cl\u00ednica"},{"@type":"BreadcrumbList","@id":"https:\/\/tiendacoquett.es\/producto\/nutricion-clinica\/#breadcrumb","itemListElement":[{"@type":"ListItem","position":1,"name":"Portada","item":"https:\/\/tiendacoquett.es\/"},{"@type":"ListItem","position":2,"name":"Tienda","item":"https:\/\/tiendacoquett.es\/tienda\/"},{"@type":"ListItem","position":3,"name":"Nutrici\u00f3n cl\u00ednica"}]},{"@type":"WebSite","@id":"https:\/\/tiendacoquett.es\/#website","url":"https:\/\/tiendacoquett.es\/","name":"Coquett - Tienda Online","description":"Tratamientos &amp; Productos","potentialAction":[{"@type":"SearchAction","target":{"@type":"EntryPoint","urlTemplate":"https:\/\/tiendacoquett.es\/?s={search_term_string}"},"query-input":{"@type":"PropertyValueSpecification","valueRequired":true,"valueName":"search_term_string"}}],"inLanguage":"en-GB"}]}},"_links":{"self":[{"href":"https:\/\/tiendacoquett.es\/en\/wp-json\/wp\/v2\/product\/9727","targetHints":{"allow":["GET"]}}],"collection":[{"href":"https:\/\/tiendacoquett.es\/en\/wp-json\/wp\/v2\/product"}],"about":[{"href":"https:\/\/tiendacoquett.es\/en\/wp-json\/wp\/v2\/types\/product"}],"replies":[{"embeddable":true,"href":"https:\/\/tiendacoquett.es\/en\/wp-json\/wp\/v2\/comments?post=9727"}],"version-history":[{"count":2,"href":"https:\/\/tiendacoquett.es\/en\/wp-json\/wp\/v2\/product\/9727\/revisions"}],"predecessor-version":[{"id":10865,"href":"https:\/\/tiendacoquett.es\/en\/wp-json\/wp\/v2\/product\/9727\/revisions\/10865"}],"wp:featuredmedia":[{"embeddable":true,"href":"https:\/\/tiendacoquett.es\/en\/wp-json\/wp\/v2\/media\/9717"}],"wp:attachment":[{"href":"https:\/\/tiendacoquett.es\/en\/wp-json\/wp\/v2\/media?parent=9727"}],"wp:term":[{"taxonomy":"product_brand","embeddable":true,"href":"https:\/\/tiendacoquett.es\/en\/wp-json\/wp\/v2\/product_brand?post=9727"},{"taxonomy":"product_cat","embeddable":true,"href":"https:\/\/tiendacoquett.es\/en\/wp-json\/wp\/v2\/product_cat?post=9727"},{"taxonomy":"product_tag","embeddable":true,"href":"https:\/\/tiendacoquett.es\/en\/wp-json\/wp\/v2\/product_tag?post=9727"}],"curies":[{"name":"wp","href":"https:\/\/api.w.org\/{rel}","templated":true}]}}