{"id":9746,"date":"2024-03-12T23:32:29","date_gmt":"2024-03-12T23:32:29","guid":{"rendered":"https:\/\/tiendacoquett.es\/?post_type=product&#038;p=9746"},"modified":"2025-01-14T23:41:32","modified_gmt":"2025-01-14T23:41:32","slug":"tarjeta-regalo-500-euros","status":"publish","type":"product","link":"https:\/\/tiendacoquett.es\/en\/product\/tarjeta-regalo-500-euros\/","title":{"rendered":"Tarjeta regalo 500 euros"},"content":{"rendered":"","protected":false},"excerpt":{"rendered":"<p style=\"text-align: left;\">Regala Coquett. Una experiencia que har\u00e1 que tu persona favorita abrace la calma, una de las sensaciones m\u00e1s lujosas que existen.<\/p>\n<p style=\"text-align: left;\">Con nuestra tarjeta regalo, puedes escoger entre regalar un servicio, o un importe espec\u00edfico, para que tu ser querido pueda disfrutar del tratamiento que desee.<\/p>\n<p>&nbsp;<\/p>","protected":false},"featured_media":9747,"comment_status":"open","ping_status":"closed","template":"","meta":[],"product_brand":[],"product_cat":[174],"product_tag":[],"class_list":{"0":"post-9746","1":"product","2":"type-product","3":"status-publish","4":"has-post-thumbnail","6":"product_cat-regala-coquett","8":"first","9":"instock","10":"shipping-taxable","11":"purchasable","12":"product-type-simple"},"yoast_head":"<!-- This site is optimized with the Yoast SEO plugin v25.4 - https:\/\/yoast.com\/wordpress\/plugins\/seo\/ -->\n<title>Tarjeta regalo 500 euros - Coquett - Tienda Online<\/title>\n<meta name=\"robots\" content=\"index, follow, max-snippet:-1, max-image-preview:large, max-video-preview:-1\" \/>\n<link rel=\"canonical\" href=\"https:\/\/tiendacoquett.es\/en\/product\/tarjeta-regalo-500-euros\/\" \/>\n<meta property=\"og:locale\" content=\"en_GB\" \/>\n<meta property=\"og:type\" content=\"article\" \/>\n<meta property=\"og:title\" content=\"Tarjeta regalo 500 euros - Coquett - Tienda Online\" \/>\n<meta property=\"og:description\" content=\"Regala Coquett. Una experiencia que har\u00e1 que tu persona favorita abrace la calma, una de las sensaciones m\u00e1s lujosas que existen. Con nuestra tarjeta regalo, puedes escoger entre regalar un servicio, o un importe espec\u00edfico, para que tu ser querido pueda disfrutar del tratamiento que desee. &nbsp;\" \/>\n<meta property=\"og:url\" content=\"https:\/\/tiendacoquett.es\/en\/product\/tarjeta-regalo-500-euros\/\" \/>\n<meta property=\"og:site_name\" content=\"Coquett - Tienda Online\" \/>\n<meta property=\"article:modified_time\" content=\"2025-01-14T23:41:32+00:00\" \/>\n<meta property=\"og:image\" content=\"https:\/\/tiendacoquett.es\/wp-content\/uploads\/2024\/03\/Tarjeta-regalo-500-euros.png\" \/>\n\t<meta property=\"og:image:width\" content=\"600\" \/>\n\t<meta property=\"og:image:height\" content=\"1000\" \/>\n\t<meta property=\"og:image:type\" content=\"image\/png\" \/>\n<meta name=\"twitter:card\" content=\"summary_large_image\" \/>\n<meta name=\"twitter:label1\" content=\"Estimated reading time\" \/>\n\t<meta name=\"twitter:data1\" content=\"1 minute\" \/>\n<script type=\"application\/ld+json\" class=\"yoast-schema-graph\">{\"@context\":\"https:\/\/schema.org\",\"@graph\":[{\"@type\":\"WebPage\",\"@id\":\"https:\/\/tiendacoquett.es\/producto\/tarjeta-regalo-500-euros\/\",\"url\":\"https:\/\/tiendacoquett.es\/producto\/tarjeta-regalo-500-euros\/\",\"name\":\"Tarjeta regalo 500 euros - Coquett - Tienda Online\",\"isPartOf\":{\"@id\":\"https:\/\/tiendacoquett.es\/#website\"},\"primaryImageOfPage\":{\"@id\":\"https:\/\/tiendacoquett.es\/producto\/tarjeta-regalo-500-euros\/#primaryimage\"},\"image\":{\"@id\":\"https:\/\/tiendacoquett.es\/producto\/tarjeta-regalo-500-euros\/#primaryimage\"},\"thumbnailUrl\":\"https:\/\/tiendacoquett.es\/wp-content\/uploads\/2024\/03\/Tarjeta-regalo-500-euros.png\",\"datePublished\":\"2024-03-12T23:32:29+00:00\",\"dateModified\":\"2025-01-14T23:41:32+00:00\",\"breadcrumb\":{\"@id\":\"https:\/\/tiendacoquett.es\/producto\/tarjeta-regalo-500-euros\/#breadcrumb\"},\"inLanguage\":\"en-GB\",\"potentialAction\":[{\"@type\":\"ReadAction\",\"target\":[\"https:\/\/tiendacoquett.es\/producto\/tarjeta-regalo-500-euros\/\"]}]},{\"@type\":\"ImageObject\",\"inLanguage\":\"en-GB\",\"@id\":\"https:\/\/tiendacoquett.es\/producto\/tarjeta-regalo-500-euros\/#primaryimage\",\"url\":\"https:\/\/tiendacoquett.es\/wp-content\/uploads\/2024\/03\/Tarjeta-regalo-500-euros.png\",\"contentUrl\":\"https:\/\/tiendacoquett.es\/wp-content\/uploads\/2024\/03\/Tarjeta-regalo-500-euros.png\",\"width\":600,\"height\":1000,\"caption\":\"tarjeta regalo 500 euros\"},{\"@type\":\"BreadcrumbList\",\"@id\":\"https:\/\/tiendacoquett.es\/producto\/tarjeta-regalo-500-euros\/#breadcrumb\",\"itemListElement\":[{\"@type\":\"ListItem\",\"position\":1,\"name\":\"Portada\",\"item\":\"https:\/\/tiendacoquett.es\/\"},{\"@type\":\"ListItem\",\"position\":2,\"name\":\"Tienda\",\"item\":\"https:\/\/tiendacoquett.es\/tienda\/\"},{\"@type\":\"ListItem\",\"position\":3,\"name\":\"Tarjeta regalo 500 euros\"}]},{\"@type\":\"WebSite\",\"@id\":\"https:\/\/tiendacoquett.es\/#website\",\"url\":\"https:\/\/tiendacoquett.es\/\",\"name\":\"Coquett - Tienda Online\",\"description\":\"Tratamientos &amp; Productos\",\"potentialAction\":[{\"@type\":\"SearchAction\",\"target\":{\"@type\":\"EntryPoint\",\"urlTemplate\":\"https:\/\/tiendacoquett.es\/?s={search_term_string}\"},\"query-input\":{\"@type\":\"PropertyValueSpecification\",\"valueRequired\":true,\"valueName\":\"search_term_string\"}}],\"inLanguage\":\"en-GB\"}]}<\/script>\n<!-- \/ Yoast SEO plugin. -->","yoast_head_json":{"title":"Tarjeta regalo 500 euros - Coquett - Tienda Online","robots":{"index":"index","follow":"follow","max-snippet":"max-snippet:-1","max-image-preview":"max-image-preview:large","max-video-preview":"max-video-preview:-1"},"canonical":"https:\/\/tiendacoquett.es\/en\/product\/tarjeta-regalo-500-euros\/","og_locale":"en_GB","og_type":"article","og_title":"Tarjeta regalo 500 euros - Coquett - Tienda Online","og_description":"Regala Coquett. Una experiencia que har\u00e1 que tu persona favorita abrace la calma, una de las sensaciones m\u00e1s lujosas que existen. Con nuestra tarjeta regalo, puedes escoger entre regalar un servicio, o un importe espec\u00edfico, para que tu ser querido pueda disfrutar del tratamiento que desee. &nbsp;","og_url":"https:\/\/tiendacoquett.es\/en\/product\/tarjeta-regalo-500-euros\/","og_site_name":"Coquett - Tienda Online","article_modified_time":"2025-01-14T23:41:32+00:00","og_image":[{"width":600,"height":1000,"url":"https:\/\/tiendacoquett.es\/wp-content\/uploads\/2024\/03\/Tarjeta-regalo-500-euros.png","type":"image\/png"}],"twitter_card":"summary_large_image","twitter_misc":{"Estimated reading time":"1 minute"},"schema":{"@context":"https:\/\/schema.org","@graph":[{"@type":"WebPage","@id":"https:\/\/tiendacoquett.es\/producto\/tarjeta-regalo-500-euros\/","url":"https:\/\/tiendacoquett.es\/producto\/tarjeta-regalo-500-euros\/","name":"Tarjeta regalo 500 euros - Coquett - Tienda Online","isPartOf":{"@id":"https:\/\/tiendacoquett.es\/#website"},"primaryImageOfPage":{"@id":"https:\/\/tiendacoquett.es\/producto\/tarjeta-regalo-500-euros\/#primaryimage"},"image":{"@id":"https:\/\/tiendacoquett.es\/producto\/tarjeta-regalo-500-euros\/#primaryimage"},"thumbnailUrl":"https:\/\/tiendacoquett.es\/wp-content\/uploads\/2024\/03\/Tarjeta-regalo-500-euros.png","datePublished":"2024-03-12T23:32:29+00:00","dateModified":"2025-01-14T23:41:32+00:00","breadcrumb":{"@id":"https:\/\/tiendacoquett.es\/producto\/tarjeta-regalo-500-euros\/#breadcrumb"},"inLanguage":"en-GB","potentialAction":[{"@type":"ReadAction","target":["https:\/\/tiendacoquett.es\/producto\/tarjeta-regalo-500-euros\/"]}]},{"@type":"ImageObject","inLanguage":"en-GB","@id":"https:\/\/tiendacoquett.es\/producto\/tarjeta-regalo-500-euros\/#primaryimage","url":"https:\/\/tiendacoquett.es\/wp-content\/uploads\/2024\/03\/Tarjeta-regalo-500-euros.png","contentUrl":"https:\/\/tiendacoquett.es\/wp-content\/uploads\/2024\/03\/Tarjeta-regalo-500-euros.png","width":600,"height":1000,"caption":"tarjeta regalo 500 euros"},{"@type":"BreadcrumbList","@id":"https:\/\/tiendacoquett.es\/producto\/tarjeta-regalo-500-euros\/#breadcrumb","itemListElement":[{"@type":"ListItem","position":1,"name":"Portada","item":"https:\/\/tiendacoquett.es\/"},{"@type":"ListItem","position":2,"name":"Tienda","item":"https:\/\/tiendacoquett.es\/tienda\/"},{"@type":"ListItem","position":3,"name":"Tarjeta regalo 500 euros"}]},{"@type":"WebSite","@id":"https:\/\/tiendacoquett.es\/#website","url":"https:\/\/tiendacoquett.es\/","name":"Coquett - Tienda Online","description":"Tratamientos &amp; Productos","potentialAction":[{"@type":"SearchAction","target":{"@type":"EntryPoint","urlTemplate":"https:\/\/tiendacoquett.es\/?s={search_term_string}"},"query-input":{"@type":"PropertyValueSpecification","valueRequired":true,"valueName":"search_term_string"}}],"inLanguage":"en-GB"}]}},"_links":{"self":[{"href":"https:\/\/tiendacoquett.es\/en\/wp-json\/wp\/v2\/product\/9746","targetHints":{"allow":["GET"]}}],"collection":[{"href":"https:\/\/tiendacoquett.es\/en\/wp-json\/wp\/v2\/product"}],"about":[{"href":"https:\/\/tiendacoquett.es\/en\/wp-json\/wp\/v2\/types\/product"}],"replies":[{"embeddable":true,"href":"https:\/\/tiendacoquett.es\/en\/wp-json\/wp\/v2\/comments?post=9746"}],"version-history":[{"count":5,"href":"https:\/\/tiendacoquett.es\/en\/wp-json\/wp\/v2\/product\/9746\/revisions"}],"predecessor-version":[{"id":10889,"href":"https:\/\/tiendacoquett.es\/en\/wp-json\/wp\/v2\/product\/9746\/revisions\/10889"}],"wp:featuredmedia":[{"embeddable":true,"href":"https:\/\/tiendacoquett.es\/en\/wp-json\/wp\/v2\/media\/9747"}],"wp:attachment":[{"href":"https:\/\/tiendacoquett.es\/en\/wp-json\/wp\/v2\/media?parent=9746"}],"wp:term":[{"taxonomy":"product_brand","embeddable":true,"href":"https:\/\/tiendacoquett.es\/en\/wp-json\/wp\/v2\/product_brand?post=9746"},{"taxonomy":"product_cat","embeddable":true,"href":"https:\/\/tiendacoquett.es\/en\/wp-json\/wp\/v2\/product_cat?post=9746"},{"taxonomy":"product_tag","embeddable":true,"href":"https:\/\/tiendacoquett.es\/en\/wp-json\/wp\/v2\/product_tag?post=9746"}],"curies":[{"name":"wp","href":"https:\/\/api.w.org\/{rel}","templated":true}]}}