{"id":9921,"date":"2024-03-29T23:16:49","date_gmt":"2024-03-29T23:16:49","guid":{"rendered":"https:\/\/tiendacoquett.es\/?post_type=product&#038;p=9921"},"modified":"2024-04-23T15:32:31","modified_gmt":"2024-04-23T15:32:31","slug":"skinident-eye-cream","status":"publish","type":"product","link":"https:\/\/tiendacoquett.es\/en\/product\/skinident-eye-cream\/","title":{"rendered":"SkinIdent Eye Cream"},"content":{"rendered":"","protected":false},"excerpt":{"rendered":"<div class=\"row\">\n<div class=\"col\">\n<div id=\"product-detail-stripped\">\n<div class=\"row\">\n<div class=\"col\">\n<div class=\"frame frame-default frame-type-text frame-layout-0\">\n<p style=\"text-align: left;\">Un verdadero lujo, no s\u00f3lo para la piel sensible y propensa a las arrugas de alrededor de los ojos, sino en general para cualquier tipo de piel. La vitamina E de origen natural \u00a0se encarga de proteger la piel del contorno de los ojos. La\u00a0alanto\u00edna \u00a0y la vitamina A se encargan de regenerarla eficientemente. El \u00e1cido hialur\u00f3nico y la urea \u00a0restituyen la hidrataci\u00f3n a su valor ideal. La zona recupera r\u00e1pidamente su esplendor y firmeza.<\/p>\n<p style=\"text-align: left;\"><strong>Tama\u00f1o envase: <\/strong>15 ml<\/p>\n<p style=\"text-align: left;\"><strong>INCI:<\/strong> <em>Aqua, Caprylic\/Capric Triglyceride, Glycerin, Alcohol, Urea, Glyceryl Stearate, Hydrogenated Phosphatidylcholine, Vegetable Oil, D-alpha-Tocopheryl Acetate, Stearyl Alcohol, D-mixed-Tocopherols, Retinyl Palmitate, Lactic Acid, Sodium Hyaluronate, Allantoin, Citric Acid, Sodium Hydroxide<\/em><strong><br \/>\n<\/strong><\/p>\n<\/div>\n<\/div>\n<\/div>\n<\/div>\n<p><a href=\"https:\/\/wa.me\/34633964649\"><img decoding=\"async\" class=\"wp-image-10119 alignleft\" src=\"https:\/\/tiendacoquett.es\/wp-content\/uploads\/2024\/03\/Contacta-por-whatsapp1.png\" alt=\"\" width=\"234\" height=\"83\" srcset=\"https:\/\/tiendacoquett.es\/wp-content\/uploads\/2024\/03\/Contacta-por-whatsapp1.png 234w, https:\/\/tiendacoquett.es\/wp-content\/uploads\/2024\/03\/Contacta-por-whatsapp1-150x53.png 150w\" sizes=\"(max-width: 234px) 100vw, 234px\" \/><\/a>\n<\/div>\n<\/div>","protected":false},"featured_media":9911,"comment_status":"open","ping_status":"closed","template":"","meta":[],"product_brand":[],"product_cat":[89,73,76],"product_tag":[],"class_list":{"0":"post-9921","1":"product","2":"type-product","3":"status-publish","4":"has-post-thumbnail","6":"product_cat-contorno-de-ojos-y-labios","7":"product_cat-arrugas-y-flacidez","8":"product_cat-hidratacion-y-nutricion","10":"first","11":"instock","12":"shipping-taxable","13":"product-type-simple"},"yoast_head":"<!-- This site is optimized with the Yoast SEO plugin v25.4 - https:\/\/yoast.com\/wordpress\/plugins\/seo\/ -->\n<title>SkinIdent Eye Cream - Coquett - Tienda Online<\/title>\n<meta name=\"robots\" content=\"index, follow, max-snippet:-1, max-image-preview:large, max-video-preview:-1\" \/>\n<link rel=\"canonical\" href=\"https:\/\/tiendacoquett.es\/en\/product\/skinident-eye-cream\/\" \/>\n<meta property=\"og:locale\" content=\"en_GB\" \/>\n<meta property=\"og:type\" content=\"article\" \/>\n<meta property=\"og:title\" content=\"SkinIdent Eye Cream - Coquett - Tienda Online\" \/>\n<meta property=\"og:description\" content=\"Un verdadero lujo, no s\u00f3lo para la piel sensible y propensa a las arrugas de alrededor de los ojos, sino en general para cualquier tipo de piel. La vitamina E de origen natural \u00a0se encarga de proteger la piel del contorno de los ojos. La\u00a0alanto\u00edna \u00a0y la vitamina A se encargan de regenerarla eficientemente. El \u00e1cido hialur\u00f3nico y la urea \u00a0restituyen la hidrataci\u00f3n a su valor ideal. La zona recupera r\u00e1pidamente su esplendor y firmeza. Tama\u00f1o envase: 15 ml INCI: Aqua, Caprylic\/Capric Triglyceride, Glycerin, Alcohol, Urea, Glyceryl Stearate, Hydrogenated Phosphatidylcholine, Vegetable Oil, D-alpha-Tocopheryl Acetate, Stearyl Alcohol, D-mixed-Tocopherols, Retinyl Palmitate, Lactic Acid, Sodium Hyaluronate, Allantoin, Citric Acid, Sodium Hydroxide\" \/>\n<meta property=\"og:url\" content=\"https:\/\/tiendacoquett.es\/en\/product\/skinident-eye-cream\/\" \/>\n<meta property=\"og:site_name\" content=\"Coquett - Tienda Online\" \/>\n<meta property=\"article:modified_time\" content=\"2024-04-23T15:32:31+00:00\" \/>\n<meta property=\"og:image\" content=\"https:\/\/tiendacoquett.es\/wp-content\/uploads\/2024\/03\/SkinIdent-eye-cream.png\" \/>\n\t<meta property=\"og:image:width\" content=\"600\" \/>\n\t<meta property=\"og:image:height\" content=\"1000\" \/>\n\t<meta property=\"og:image:type\" content=\"image\/png\" \/>\n<meta name=\"twitter:card\" content=\"summary_large_image\" \/>\n<script type=\"application\/ld+json\" class=\"yoast-schema-graph\">{\"@context\":\"https:\/\/schema.org\",\"@graph\":[{\"@type\":\"WebPage\",\"@id\":\"https:\/\/tiendacoquett.es\/producto\/skinident-eye-cream\/\",\"url\":\"https:\/\/tiendacoquett.es\/producto\/skinident-eye-cream\/\",\"name\":\"SkinIdent Eye Cream - Coquett - Tienda Online\",\"isPartOf\":{\"@id\":\"https:\/\/tiendacoquett.es\/#website\"},\"primaryImageOfPage\":{\"@id\":\"https:\/\/tiendacoquett.es\/producto\/skinident-eye-cream\/#primaryimage\"},\"image\":{\"@id\":\"https:\/\/tiendacoquett.es\/producto\/skinident-eye-cream\/#primaryimage\"},\"thumbnailUrl\":\"https:\/\/tiendacoquett.es\/wp-content\/uploads\/2024\/03\/SkinIdent-eye-cream.png\",\"datePublished\":\"2024-03-29T23:16:49+00:00\",\"dateModified\":\"2024-04-23T15:32:31+00:00\",\"breadcrumb\":{\"@id\":\"https:\/\/tiendacoquett.es\/producto\/skinident-eye-cream\/#breadcrumb\"},\"inLanguage\":\"en-GB\",\"potentialAction\":[{\"@type\":\"ReadAction\",\"target\":[\"https:\/\/tiendacoquett.es\/producto\/skinident-eye-cream\/\"]}]},{\"@type\":\"ImageObject\",\"inLanguage\":\"en-GB\",\"@id\":\"https:\/\/tiendacoquett.es\/producto\/skinident-eye-cream\/#primaryimage\",\"url\":\"https:\/\/tiendacoquett.es\/wp-content\/uploads\/2024\/03\/SkinIdent-eye-cream.png\",\"contentUrl\":\"https:\/\/tiendacoquett.es\/wp-content\/uploads\/2024\/03\/SkinIdent-eye-cream.png\",\"width\":600,\"height\":1000,\"caption\":\"SkinIdent eye cream\"},{\"@type\":\"BreadcrumbList\",\"@id\":\"https:\/\/tiendacoquett.es\/producto\/skinident-eye-cream\/#breadcrumb\",\"itemListElement\":[{\"@type\":\"ListItem\",\"position\":1,\"name\":\"Portada\",\"item\":\"https:\/\/tiendacoquett.es\/\"},{\"@type\":\"ListItem\",\"position\":2,\"name\":\"Tienda\",\"item\":\"https:\/\/tiendacoquett.es\/tienda\/\"},{\"@type\":\"ListItem\",\"position\":3,\"name\":\"SkinIdent Eye Cream\"}]},{\"@type\":\"WebSite\",\"@id\":\"https:\/\/tiendacoquett.es\/#website\",\"url\":\"https:\/\/tiendacoquett.es\/\",\"name\":\"Coquett - Tienda Online\",\"description\":\"Tratamientos &amp; Productos\",\"potentialAction\":[{\"@type\":\"SearchAction\",\"target\":{\"@type\":\"EntryPoint\",\"urlTemplate\":\"https:\/\/tiendacoquett.es\/?s={search_term_string}\"},\"query-input\":{\"@type\":\"PropertyValueSpecification\",\"valueRequired\":true,\"valueName\":\"search_term_string\"}}],\"inLanguage\":\"en-GB\"}]}<\/script>\n<!-- \/ Yoast SEO plugin. -->","yoast_head_json":{"title":"SkinIdent Eye Cream - Coquett - Tienda Online","robots":{"index":"index","follow":"follow","max-snippet":"max-snippet:-1","max-image-preview":"max-image-preview:large","max-video-preview":"max-video-preview:-1"},"canonical":"https:\/\/tiendacoquett.es\/en\/product\/skinident-eye-cream\/","og_locale":"en_GB","og_type":"article","og_title":"SkinIdent Eye Cream - Coquett - Tienda Online","og_description":"Un verdadero lujo, no s\u00f3lo para la piel sensible y propensa a las arrugas de alrededor de los ojos, sino en general para cualquier tipo de piel. La vitamina E de origen natural \u00a0se encarga de proteger la piel del contorno de los ojos. La\u00a0alanto\u00edna \u00a0y la vitamina A se encargan de regenerarla eficientemente. El \u00e1cido hialur\u00f3nico y la urea \u00a0restituyen la hidrataci\u00f3n a su valor ideal. La zona recupera r\u00e1pidamente su esplendor y firmeza. Tama\u00f1o envase: 15 ml INCI: Aqua, Caprylic\/Capric Triglyceride, Glycerin, Alcohol, Urea, Glyceryl Stearate, Hydrogenated Phosphatidylcholine, Vegetable Oil, D-alpha-Tocopheryl Acetate, Stearyl Alcohol, D-mixed-Tocopherols, Retinyl Palmitate, Lactic Acid, Sodium Hyaluronate, Allantoin, Citric Acid, Sodium Hydroxide","og_url":"https:\/\/tiendacoquett.es\/en\/product\/skinident-eye-cream\/","og_site_name":"Coquett - Tienda Online","article_modified_time":"2024-04-23T15:32:31+00:00","og_image":[{"width":600,"height":1000,"url":"https:\/\/tiendacoquett.es\/wp-content\/uploads\/2024\/03\/SkinIdent-eye-cream.png","type":"image\/png"}],"twitter_card":"summary_large_image","schema":{"@context":"https:\/\/schema.org","@graph":[{"@type":"WebPage","@id":"https:\/\/tiendacoquett.es\/producto\/skinident-eye-cream\/","url":"https:\/\/tiendacoquett.es\/producto\/skinident-eye-cream\/","name":"SkinIdent Eye Cream - Coquett - Tienda Online","isPartOf":{"@id":"https:\/\/tiendacoquett.es\/#website"},"primaryImageOfPage":{"@id":"https:\/\/tiendacoquett.es\/producto\/skinident-eye-cream\/#primaryimage"},"image":{"@id":"https:\/\/tiendacoquett.es\/producto\/skinident-eye-cream\/#primaryimage"},"thumbnailUrl":"https:\/\/tiendacoquett.es\/wp-content\/uploads\/2024\/03\/SkinIdent-eye-cream.png","datePublished":"2024-03-29T23:16:49+00:00","dateModified":"2024-04-23T15:32:31+00:00","breadcrumb":{"@id":"https:\/\/tiendacoquett.es\/producto\/skinident-eye-cream\/#breadcrumb"},"inLanguage":"en-GB","potentialAction":[{"@type":"ReadAction","target":["https:\/\/tiendacoquett.es\/producto\/skinident-eye-cream\/"]}]},{"@type":"ImageObject","inLanguage":"en-GB","@id":"https:\/\/tiendacoquett.es\/producto\/skinident-eye-cream\/#primaryimage","url":"https:\/\/tiendacoquett.es\/wp-content\/uploads\/2024\/03\/SkinIdent-eye-cream.png","contentUrl":"https:\/\/tiendacoquett.es\/wp-content\/uploads\/2024\/03\/SkinIdent-eye-cream.png","width":600,"height":1000,"caption":"SkinIdent eye cream"},{"@type":"BreadcrumbList","@id":"https:\/\/tiendacoquett.es\/producto\/skinident-eye-cream\/#breadcrumb","itemListElement":[{"@type":"ListItem","position":1,"name":"Portada","item":"https:\/\/tiendacoquett.es\/"},{"@type":"ListItem","position":2,"name":"Tienda","item":"https:\/\/tiendacoquett.es\/tienda\/"},{"@type":"ListItem","position":3,"name":"SkinIdent Eye Cream"}]},{"@type":"WebSite","@id":"https:\/\/tiendacoquett.es\/#website","url":"https:\/\/tiendacoquett.es\/","name":"Coquett - Tienda Online","description":"Tratamientos &amp; Productos","potentialAction":[{"@type":"SearchAction","target":{"@type":"EntryPoint","urlTemplate":"https:\/\/tiendacoquett.es\/?s={search_term_string}"},"query-input":{"@type":"PropertyValueSpecification","valueRequired":true,"valueName":"search_term_string"}}],"inLanguage":"en-GB"}]}},"_links":{"self":[{"href":"https:\/\/tiendacoquett.es\/en\/wp-json\/wp\/v2\/product\/9921","targetHints":{"allow":["GET"]}}],"collection":[{"href":"https:\/\/tiendacoquett.es\/en\/wp-json\/wp\/v2\/product"}],"about":[{"href":"https:\/\/tiendacoquett.es\/en\/wp-json\/wp\/v2\/types\/product"}],"replies":[{"embeddable":true,"href":"https:\/\/tiendacoquett.es\/en\/wp-json\/wp\/v2\/comments?post=9921"}],"version-history":[{"count":5,"href":"https:\/\/tiendacoquett.es\/en\/wp-json\/wp\/v2\/product\/9921\/revisions"}],"predecessor-version":[{"id":10126,"href":"https:\/\/tiendacoquett.es\/en\/wp-json\/wp\/v2\/product\/9921\/revisions\/10126"}],"wp:featuredmedia":[{"embeddable":true,"href":"https:\/\/tiendacoquett.es\/en\/wp-json\/wp\/v2\/media\/9911"}],"wp:attachment":[{"href":"https:\/\/tiendacoquett.es\/en\/wp-json\/wp\/v2\/media?parent=9921"}],"wp:term":[{"taxonomy":"product_brand","embeddable":true,"href":"https:\/\/tiendacoquett.es\/en\/wp-json\/wp\/v2\/product_brand?post=9921"},{"taxonomy":"product_cat","embeddable":true,"href":"https:\/\/tiendacoquett.es\/en\/wp-json\/wp\/v2\/product_cat?post=9921"},{"taxonomy":"product_tag","embeddable":true,"href":"https:\/\/tiendacoquett.es\/en\/wp-json\/wp\/v2\/product_tag?post=9921"}],"curies":[{"name":"wp","href":"https:\/\/api.w.org\/{rel}","templated":true}]}}